{"id":234088,"date":"2025-03-24T13:50:58","date_gmt":"2025-03-24T11:50:58","guid":{"rendered":"https:\/\/wsa.paulwebdesign.rw\/?page_id=234088"},"modified":"2025-09-12T15:02:55","modified_gmt":"2025-09-12T13:02:55","slug":"apply","status":"publish","type":"page","link":"https:\/\/www.wellspringacademy.org\/fr\/join-us\/apply\/","title":{"rendered":"S'Inscrire"},"content":{"rendered":"<p>[et_pb_section fb_built=&#8221;1&#8243; fullwidth=&#8221;on&#8221; _builder_version=&#8221;4.27.4&#8243; _module_preset=&#8221;default&#8221; global_colors_info=&#8221;{}&#8221;][et_pb_fullwidth_header title=&#8221;Apply&#8221; _builder_version=&#8221;4.27.4&#8243; _module_preset=&#8221;default&#8221; background_image=&#8221;https:\/\/www.wellspringacademy.org\/wp-content\/uploads\/2025\/03\/UEP_5361g-scaled-Enhanced-SR.jpg&#8221; width=&#8221;100%&#8221; custom_padding=&#8221;||||false|false&#8221; global_colors_info=&#8221;{}&#8221;][\/et_pb_fullwidth_header][\/et_pb_section][et_pb_section fb_built=&#8221;1&#8243; _builder_version=&#8221;4.27.4&#8243; _module_preset=&#8221;default&#8221; background_color=&#8221;rgba(204,224,245,0.53)&#8221; background_image=&#8221;https:\/\/www.wellspringacademy.org\/wp-content\/uploads\/2025\/03\/WSA-Sun-25.png&#8221; background_size=&#8221;custom&#8221; background_image_width=&#8221;67%&#8221; background_image_height=&#8221;0%&#8221; background_position=&#8221;top_right&#8221; background_horizontal_offset=&#8221;-100%&#8221; background_blend=&#8221;screen&#8221; custom_padding=&#8221;15px|||||&#8221; global_colors_info=&#8221;{}&#8221;][et_pb_row column_structure=&#8221;3_5,2_5&#8243; _builder_version=&#8221;4.27.4&#8243; _module_preset=&#8221;default&#8221; global_colors_info=&#8221;{}&#8221;][et_pb_column type=&#8221;3_5&#8243; _builder_version=&#8221;4.27.4&#8243; _module_preset=&#8221;default&#8221; global_colors_info=&#8221;{}&#8221;][et_pb_text _builder_version=&#8221;4.27.4&#8243; _module_preset=&#8221;default&#8221; global_colors_info=&#8221;{}&#8221;]<\/p>\n<p class=\"m_1424498461703855396gmail-call-out\"><span>Wellspring Academy is open to all students with parents\/guardians who are willing to uphold and support the school vision and mission.\u00a0\u00a0<\/span><\/p>\n<p><span>Please note:\u00a0All registrations must be submitted online through the school website and will be taken in the order they come in. Access to our online registration system is available at the Wellspring Academy Administration office for families who do not have access to a home computer or Internet.<\/span><\/p>\n<p>[\/et_pb_text][et_pb_text _builder_version=&#8221;4.27.4&#8243; _module_preset=&#8221;default&#8221; hover_enabled=&#8221;0&#8243; global_colors_info=&#8221;{}&#8221; display_conditions=&#8221;W3siaWQiOiI1YjNmODdhZi04OGUxLTQxYTUtODA2OS1jYzZmZWZmOWUyMTkiLCJjb25kaXRpb24iOiJkYXRlVGltZSIsImNvbmRpdGlvblNldHRpbmdzIjp7ImRpc3BsYXlSdWxlIjoiaXNCZWZvcmUiLCJkYXRlIjoiMjAyNi0wNS0wMSIsInRpbWUiOiIwMDowMCIsIndlZWtkYXlzIjoifCIsImFsbERheSI6Im9uIiwiZnJvbVRpbWUiOiIwMDowMCIsInVudGlsVGltZSI6IjAwOjAwIiwicmVwZWF0Ijoib2ZmIiwicmVwZWF0RnJlcXVlbmN5IjoibW9udGhseSIsInJlcGVhdEZyZXF1ZW5jeVNwZWNpZmljRGF5cyI6IndlZWtseSIsInJlcGVhdEVuZCI6Im5ldmVyIiwicmVwZWF0VW50aWxEYXRlIjoiMjAyNS05LTEyIiwicmVwZWF0VGltZXMiOiIzIiwiYWRtaW5MYWJlbCI6IkRhdGUgJiBUaW1lIiwiZW5hYmxlQ29uZGl0aW9uIjoib24ifSwib3BlcmF0b3IiOiJPUiJ9XQ==&#8221; sticky_enabled=&#8221;0&#8243;]<\/p>\n<p>Online registration for the 2025\/2026 academic year is now<strong><span> CLOSED.<\/span><\/strong><span>\u00a0<\/span><\/p>\n<p><strong>Next Registration<\/strong><span>\u00a0<\/span><strong>Period<\/strong><span>:\u00a0<\/span><strong>May 1st &#8211; May 31st, 2026<\/strong><\/p>\n<p>[\/et_pb_text][et_pb_text _builder_version=&#8221;4.27.4&#8243; _module_preset=&#8221;default&#8221; hover_enabled=&#8221;0&#8243; global_colors_info=&#8221;{}&#8221; display_conditions=&#8221;W3siaWQiOiI1YjNmODdhZi04OGUxLTQxYTUtODA2OS1jYzZmZWZmOWUyMTkiLCJjb25kaXRpb24iOiJkYXRlVGltZSIsImNvbmRpdGlvblNldHRpbmdzIjp7ImRpc3BsYXlSdWxlIjoiaXNBZnRlciIsImRhdGUiOiIyMDI2LTA1LTAxIiwidGltZSI6IjAwOjAwIiwid2Vla2RheXMiOiJ8IiwiYWxsRGF5Ijoib24iLCJmcm9tVGltZSI6IjAwOjAwIiwidW50aWxUaW1lIjoiMDA6MDAiLCJyZXBlYXQiOiJvZmYiLCJyZXBlYXRGcmVxdWVuY3kiOiJtb250aGx5IiwicmVwZWF0RnJlcXVlbmN5U3BlY2lmaWNEYXlzIjoid2Vla2x5IiwicmVwZWF0RW5kIjoibmV2ZXIiLCJyZXBlYXRVbnRpbERhdGUiOiIyMDI1LTktMTIiLCJyZXBlYXRUaW1lcyI6IjMiLCJhZG1pbkxhYmVsIjoiRGF0ZSAmIFRpbWUiLCJlbmFibGVDb25kaXRpb24iOiJvbiJ9LCJvcGVyYXRvciI6Ik9SIn1d&#8221; sticky_enabled=&#8221;0&#8243;]<\/p>\n<p><strong>Online registration for the 2026\/2027 academic year<span>\u00a0is now open!<\/span>\u00a0<\/strong><span>\u00a0<\/span><strong>(<\/strong><span>Registration can be done online on any computer or device and will take several minutes to complete. Just click the button below, fill in the form, then click SUBMIT<\/span><strong>)<\/strong><span>. <\/span><\/p>\n<p><strong>Registration<\/strong><span>\u00a0<\/span><strong>Period<\/strong><span>:\u00a0<\/span><strong>May1st &#8211; May 31st, 2026<\/strong><\/p>\n<p>[\/et_pb_text][et_pb_button button_url=&#8221;https:\/\/docs.google.com\/forms\/d\/1JcGqZB-DAsm3pR_n-IoTdIebh9HnOt8U4MSwzS_Yjts\/preview&#8221; url_new_window=&#8221;on&#8221; button_text=&#8221;Apply Online&#8221; button_alignment=&#8221;center&#8221; _builder_version=&#8221;4.27.4&#8243; _module_preset=&#8221;default&#8221; display_conditions=&#8221;W3siaWQiOiI0YjUxYjk3NS00Yzk2LTQ4M2YtYmI2Ni00Y2NlYWM1MThkYTUiLCJjb25kaXRpb24iOiJkYXRlVGltZSIsImNvbmRpdGlvblNldHRpbmdzIjp7ImRpc3BsYXlSdWxlIjoiaXNBZnRlciIsImRhdGUiOiIyMDI2LTA1LTAxIiwidGltZSI6IjAwOjAwIiwid2Vla2RheXMiOiJ8IiwiYWxsRGF5Ijoib24iLCJmcm9tVGltZSI6IjAwOjAwIiwidW50aWxUaW1lIjoiMDA6MDAiLCJyZXBlYXQiOiJvZmYiLCJyZXBlYXRGcmVxdWVuY3kiOiJtb250aGx5IiwicmVwZWF0RnJlcXVlbmN5U3BlY2lmaWNEYXlzIjoid2Vla2x5IiwicmVwZWF0RW5kIjoibmV2ZXIiLCJyZXBlYXRVbnRpbERhdGUiOiIyMDI1LTUtMTkiLCJyZXBlYXRUaW1lcyI6IjMiLCJhZG1pbkxhYmVsIjoiTWF5IDEiLCJlbmFibGVDb25kaXRpb24iOiJvbiJ9LCJvcGVyYXRvciI6Ik9SIn0seyJpZCI6ImVmM2UxMGRkLWFiNGItNGE2Mi04YjFkLWI4MWM3ZmIwYmNjZiIsImNvbmRpdGlvbiI6ImRhdGVUaW1lIiwiY29uZGl0aW9uU2V0dGluZ3MiOnsiZGlzcGxheVJ1bGUiOiJpc0JlZm9yZSIsImRhdGUiOiIyMDI2LTA2LTAxIiwidGltZSI6IjAwOjAwIiwid2Vla2RheXMiOiJ8IiwiYWxsRGF5Ijoib24iLCJmcm9tVGltZSI6IjAwOjAwIiwidW50aWxUaW1lIjoiMDA6MDAiLCJyZXBlYXQiOiJvZmYiLCJyZXBlYXRGcmVxdWVuY3kiOiJtb250aGx5IiwicmVwZWF0RnJlcXVlbmN5U3BlY2lmaWNEYXlzIjoid2Vla2x5IiwicmVwZWF0RW5kIjoibmV2ZXIiLCJyZXBlYXRVbnRpbERhdGUiOiIyMDI1LTUtMTkiLCJyZXBlYXRUaW1lcyI6IjMiLCJhZG1pbkxhYmVsIjoiQmVmb3JlIEp1bmUgMSIsImVuYWJsZUNvbmRpdGlvbiI6Im9uIn0sIm9wZXJhdG9yIjoiT1IifV0=&#8221; hover_enabled=&#8221;0&#8243; global_colors_info=&#8221;{}&#8221; sticky_enabled=&#8221;0&#8243;][\/et_pb_button][\/et_pb_column][et_pb_column type=&#8221;2_5&#8243; _builder_version=&#8221;4.27.4&#8243; _module_preset=&#8221;default&#8221; global_colors_info=&#8221;{}&#8221;][et_pb_image src=&#8221;https:\/\/www.wellspringacademy.org\/wp-content\/uploads\/2025\/03\/IMG-20240607-WA0547-Enhanced-SR.jpg&#8221; title_text=&#8221;IMG-20240607-WA0547-Enhanced-SR&#8221; _builder_version=&#8221;4.27.4&#8243; _module_preset=&#8221;04cfea96-11ab-4712-b334-3f121b8762e3&#8243; global_colors_info=&#8221;{}&#8221;][\/et_pb_image][\/et_pb_column][\/et_pb_row][\/et_pb_section][et_pb_section fb_built=&#8221;1&#8243; _builder_version=&#8221;4.27.4&#8243; _module_preset=&#8221;default&#8221; background_color=&#8221;#2573C1&#8243; custom_padding=&#8221;||19px|||&#8221; global_colors_info=&#8221;{}&#8221;][et_pb_row _builder_version=&#8221;4.27.4&#8243; _module_preset=&#8221;default&#8221; custom_padding=&#8221;||4px|||&#8221; global_colors_info=&#8221;{}&#8221;][et_pb_column type=&#8221;4_4&#8243; _builder_version=&#8221;4.27.4&#8243; _module_preset=&#8221;default&#8221; global_colors_info=&#8221;{}&#8221;][et_pb_text _builder_version=&#8221;4.27.4&#8243; _module_preset=&#8221;default&#8221; background_layout=&#8221;dark&#8221; global_colors_info=&#8221;{}&#8221;]<\/p>\n<h3 style=\"text-align: center;\">Why choose Wellspring Academy?<\/h3>\n<p>[\/et_pb_text][\/et_pb_column][\/et_pb_row][et_pb_row column_structure=&#8221;1_3,1_3,1_3&#8243; _builder_version=&#8221;4.27.4&#8243; _module_preset=&#8221;default&#8221; width=&#8221;50%&#8221; width_tablet=&#8221;70%&#8221; width_phone=&#8221;90%&#8221; width_last_edited=&#8221;on|desktop&#8221; custom_padding=&#8221;||7px|||&#8221; global_colors_info=&#8221;{}&#8221;][et_pb_column type=&#8221;1_3&#8243; _builder_version=&#8221;4.27.4&#8243; _module_preset=&#8221;default&#8221; global_colors_info=&#8221;{}&#8221;][et_pb_blurb title=&#8221;Faith-Based Education&#8221; use_icon=&#8221;on&#8221; font_icon=&#8221;&#xf647;||fa||900&#8243; _builder_version=&#8221;4.27.4&#8243; _module_preset=&#8221;241fbddf-6ce5-4dbd-be26-c202dcc05918&#8243; background_layout=&#8221;dark&#8221; link_option_url=&#8221;\/about\/testimonials\/#faith&#8221; global_colors_info=&#8221;{}&#8221;][\/et_pb_blurb][et_pb_blurb title=&#8221;Community Engagement&#8221; use_icon=&#8221;on&#8221; font_icon=&#8221;&#xf2a7;||fa||900&#8243; _builder_version=&#8221;4.27.4&#8243; _module_preset=&#8221;241fbddf-6ce5-4dbd-be26-c202dcc05918&#8243; background_layout=&#8221;dark&#8221; link_option_url=&#8221;\/about\/testimonials\/#community&#8221; global_colors_info=&#8221;{}&#8221;][\/et_pb_blurb][\/et_pb_column][et_pb_column type=&#8221;1_3&#8243; _builder_version=&#8221;4.27.4&#8243; _module_preset=&#8221;default&#8221; global_colors_info=&#8221;{}&#8221;][et_pb_blurb title=&#8221;Dedicated Cambridge Teachers&#8221; use_icon=&#8221;on&#8221; font_icon=&#8221;&#xf0c0;||fa||900&#8243; _builder_version=&#8221;4.27.4&#8243; _module_preset=&#8221;241fbddf-6ce5-4dbd-be26-c202dcc05918&#8243; background_layout=&#8221;dark&#8221; link_option_url=&#8221;\/about\/testimonials\/#teachers&#8221; global_colors_info=&#8221;{}&#8221;][\/et_pb_blurb][et_pb_blurb title=&#8221;Safe &#038; Inclusive Environment&#8221; use_icon=&#8221;on&#8221; font_icon=&#8221;&#xf505;||fa||900&#8243; _builder_version=&#8221;4.27.4&#8243; _module_preset=&#8221;241fbddf-6ce5-4dbd-be26-c202dcc05918&#8243; background_layout=&#8221;dark&#8221; link_option_url=&#8221;\/about\/testimonials\/#safe&#8221; global_colors_info=&#8221;{}&#8221;][\/et_pb_blurb][\/et_pb_column][et_pb_column type=&#8221;1_3&#8243; _builder_version=&#8221;4.27.4&#8243; _module_preset=&#8221;default&#8221; global_colors_info=&#8221;{}&#8221;][et_pb_blurb title=&#8221;Strong Academic Results&#8221; use_icon=&#8221;on&#8221; font_icon=&#8221;&#xe033;||divi||400&#8243; _builder_version=&#8221;4.27.4&#8243; _module_preset=&#8221;241fbddf-6ce5-4dbd-be26-c202dcc05918&#8243; background_layout=&#8221;dark&#8221; link_option_url=&#8221;\/about\/testimonials\/#academics&#8221; global_colors_info=&#8221;{}&#8221;][\/et_pb_blurb][et_pb_blurb title=&#8221;Extra-Curricular Activities&#8221; use_icon=&#8221;on&#8221; font_icon=&#8221;&#xf434;||fa||900&#8243; _builder_version=&#8221;4.27.4&#8243; _module_preset=&#8221;241fbddf-6ce5-4dbd-be26-c202dcc05918&#8243; background_layout=&#8221;dark&#8221; link_option_url=&#8221;\/about\/testimonials\/#activities&#8221; global_colors_info=&#8221;{}&#8221;][\/et_pb_blurb][\/et_pb_column][\/et_pb_row][et_pb_row _builder_version=&#8221;4.27.4&#8243; _module_preset=&#8221;default&#8221; global_colors_info=&#8221;{}&#8221;][et_pb_column type=&#8221;4_4&#8243; _builder_version=&#8221;4.27.4&#8243; _module_preset=&#8221;default&#8221; global_colors_info=&#8221;{}&#8221;][wpt_et_pb_testimonials_carousel fetch_from_assigned_posts=&#8221;off&#8221; filter_by_categories=&#8221;on&#8221; categories=&#8221;43&#8243; rating=&#8221;4&#8243; display=&#8221;6&#8243; show_avatar=&#8221;off&#8221; effect=&#8221;coverflow&#8221; centered_slides=&#8221;on&#8221; coverflow_rotate=&#8221;30&#8243; autoplay=&#8221;on&#8221; autoplay_speed=&#8221;6000&#8243; show_arrow=&#8221;off&#8221; slides_per_view_tablet=&#8221;2&#8243; slides_per_view_phone=&#8221;1&#8243; slides_per_view_last_edited=&#8221;on|phone&#8221; _builder_version=&#8221;4.27.4&#8243; _module_preset=&#8221;default&#8221; global_colors_info=&#8221;{}&#8221;][\/wpt_et_pb_testimonials_carousel][\/et_pb_column][\/et_pb_row][\/et_pb_section]<\/p>\n","protected":false},"excerpt":{"rendered":"<p>Wellspring Academy is open to all students with parents\/guardians who are willing to uphold and support the school vision and mission.\u00a0\u00a0 Please note:\u00a0All registrations must be submitted online through the [&hellip;]<\/p>\n","protected":false},"author":1,"featured_media":0,"parent":37,"menu_order":0,"comment_status":"closed","ping_status":"open","template":"","meta":{"_et_pb_use_builder":"on","_et_pb_old_content":"<!-- wp:divi\/placeholder \/-->","_et_gb_content_width":"","_glsr_average":0,"_glsr_ranking":0,"_glsr_reviews":0,"footnotes":""},"folder":[],"class_list":["post-234088","page","type-page","status-publish","hentry"],"yoast_head":"<!-- This site is optimized with the Yoast SEO plugin v27.4 - https:\/\/yoast.com\/product\/yoast-seo-wordpress\/ -->\n<title>Apply - Wellspring Academy Kigali Rwanda<\/title>\n<meta name=\"robots\" content=\"index, follow, max-snippet:-1, max-image-preview:large, max-video-preview:-1\" \/>\n<link rel=\"canonical\" href=\"https:\/\/www.wellspringacademy.org\/fr\/join-us\/apply\/\" \/>\n<meta property=\"og:locale\" content=\"fr_FR\" \/>\n<meta property=\"og:type\" content=\"article\" \/>\n<meta property=\"og:title\" content=\"Apply - Wellspring Academy Kigali Rwanda\" \/>\n<meta property=\"og:description\" content=\"Wellspring Academy is open to all students with parents\/guardians who are willing to uphold and support the school vision and mission.\u00a0\u00a0 Please note:\u00a0All registrations must be submitted online through the [&hellip;]\" \/>\n<meta property=\"og:url\" content=\"https:\/\/www.wellspringacademy.org\/fr\/join-us\/apply\/\" \/>\n<meta property=\"og:site_name\" content=\"Wellspring Academy Kigali Rwanda\" \/>\n<meta property=\"article:modified_time\" content=\"2025-09-12T13:02:55+00:00\" \/>\n<meta name=\"twitter:card\" content=\"summary_large_image\" \/>\n<meta name=\"twitter:label1\" content=\"Dur\u00e9e de lecture estim\u00e9e\" \/>\n\t<meta name=\"twitter:data1\" content=\"5 minutes\" \/>\n<script type=\"application\/ld+json\" class=\"yoast-schema-graph\">{\"@context\":\"https:\\\/\\\/schema.org\",\"@graph\":[{\"@type\":\"WebPage\",\"@id\":\"https:\\\/\\\/www.wellspringacademy.org\\\/join-us\\\/apply\\\/\",\"url\":\"https:\\\/\\\/www.wellspringacademy.org\\\/join-us\\\/apply\\\/\",\"name\":\"Apply - Wellspring Academy Kigali Rwanda\",\"isPartOf\":{\"@id\":\"https:\\\/\\\/www.wellspringacademy.org\\\/#website\"},\"datePublished\":\"2025-03-24T11:50:58+00:00\",\"dateModified\":\"2025-09-12T13:02:55+00:00\",\"breadcrumb\":{\"@id\":\"https:\\\/\\\/www.wellspringacademy.org\\\/join-us\\\/apply\\\/#breadcrumb\"},\"inLanguage\":\"fr-FR\",\"potentialAction\":[{\"@type\":\"ReadAction\",\"target\":[\"https:\\\/\\\/www.wellspringacademy.org\\\/join-us\\\/apply\\\/\"]}]},{\"@type\":\"BreadcrumbList\",\"@id\":\"https:\\\/\\\/www.wellspringacademy.org\\\/join-us\\\/apply\\\/#breadcrumb\",\"itemListElement\":[{\"@type\":\"ListItem\",\"position\":1,\"name\":\"Home\",\"item\":\"https:\\\/\\\/www.wellspringacademy.org\\\/\"},{\"@type\":\"ListItem\",\"position\":2,\"name\":\"Join Us\",\"item\":\"https:\\\/\\\/www.wellspringacademy.org\\\/join-us\\\/\"},{\"@type\":\"ListItem\",\"position\":3,\"name\":\"Apply\"}]},{\"@type\":\"WebSite\",\"@id\":\"https:\\\/\\\/www.wellspringacademy.org\\\/#website\",\"url\":\"https:\\\/\\\/www.wellspringacademy.org\\\/\",\"name\":\"Wellspring Academy Kigali Rwanda\",\"description\":\"Where academics and faith shape future leaders\",\"potentialAction\":[{\"@type\":\"SearchAction\",\"target\":{\"@type\":\"EntryPoint\",\"urlTemplate\":\"https:\\\/\\\/www.wellspringacademy.org\\\/?s={search_term_string}\"},\"query-input\":{\"@type\":\"PropertyValueSpecification\",\"valueRequired\":true,\"valueName\":\"search_term_string\"}}],\"inLanguage\":\"fr-FR\"}]}<\/script>\n<!-- \/ Yoast SEO plugin. -->","yoast_head_json":{"title":"Postuler - Wellspring Academy Kigali Rwanda","robots":{"index":"index","follow":"follow","max-snippet":"max-snippet:-1","max-image-preview":"max-image-preview:large","max-video-preview":"max-video-preview:-1"},"canonical":"https:\/\/www.wellspringacademy.org\/fr\/join-us\/apply\/","og_locale":"fr_FR","og_type":"article","og_title":"Apply - Wellspring Academy Kigali Rwanda","og_description":"Wellspring Academy is open to all students with parents\/guardians who are willing to uphold and support the school vision and mission.\u00a0\u00a0 Please note:\u00a0All registrations must be submitted online through the [&hellip;]","og_url":"https:\/\/www.wellspringacademy.org\/fr\/join-us\/apply\/","og_site_name":"Wellspring Academy Kigali Rwanda","article_modified_time":"2025-09-12T13:02:55+00:00","twitter_card":"summary_large_image","twitter_misc":{"Dur\u00e9e de lecture estim\u00e9e":"5 minutes"},"schema":{"@context":"https:\/\/schema.org","@graph":[{"@type":"WebPage","@id":"https:\/\/www.wellspringacademy.org\/join-us\/apply\/","url":"https:\/\/www.wellspringacademy.org\/join-us\/apply\/","name":"Postuler - Wellspring Academy Kigali Rwanda","isPartOf":{"@id":"https:\/\/www.wellspringacademy.org\/#website"},"datePublished":"2025-03-24T11:50:58+00:00","dateModified":"2025-09-12T13:02:55+00:00","breadcrumb":{"@id":"https:\/\/www.wellspringacademy.org\/join-us\/apply\/#breadcrumb"},"inLanguage":"fr-FR","potentialAction":[{"@type":"ReadAction","target":["https:\/\/www.wellspringacademy.org\/join-us\/apply\/"]}]},{"@type":"BreadcrumbList","@id":"https:\/\/www.wellspringacademy.org\/join-us\/apply\/#breadcrumb","itemListElement":[{"@type":"ListItem","position":1,"name":"Home","item":"https:\/\/www.wellspringacademy.org\/"},{"@type":"ListItem","position":2,"name":"Join Us","item":"https:\/\/www.wellspringacademy.org\/join-us\/"},{"@type":"ListItem","position":3,"name":"Apply"}]},{"@type":"WebSite","@id":"https:\/\/www.wellspringacademy.org\/#website","url":"https:\/\/www.wellspringacademy.org\/","name":"Acad\u00e9mie Wellspring Kigali Rwanda","description":"O\u00f9 le savoir et la foi fa\u00e7onnent les futurs leaders","potentialAction":[{"@type":"SearchAction","target":{"@type":"EntryPoint","urlTemplate":"https:\/\/www.wellspringacademy.org\/?s={search_term_string}"},"query-input":{"@type":"PropertyValueSpecification","valueRequired":true,"valueName":"search_term_string"}}],"inLanguage":"fr-FR"}]}},"_links":{"self":[{"href":"https:\/\/www.wellspringacademy.org\/fr\/wp-json\/wp\/v2\/pages\/234088","targetHints":{"allow":["GET"]}}],"collection":[{"href":"https:\/\/www.wellspringacademy.org\/fr\/wp-json\/wp\/v2\/pages"}],"about":[{"href":"https:\/\/www.wellspringacademy.org\/fr\/wp-json\/wp\/v2\/types\/page"}],"author":[{"embeddable":true,"href":"https:\/\/www.wellspringacademy.org\/fr\/wp-json\/wp\/v2\/users\/1"}],"replies":[{"embeddable":true,"href":"https:\/\/www.wellspringacademy.org\/fr\/wp-json\/wp\/v2\/comments?post=234088"}],"version-history":[{"count":5,"href":"https:\/\/www.wellspringacademy.org\/fr\/wp-json\/wp\/v2\/pages\/234088\/revisions"}],"predecessor-version":[{"id":987520031,"href":"https:\/\/www.wellspringacademy.org\/fr\/wp-json\/wp\/v2\/pages\/234088\/revisions\/987520031"}],"up":[{"embeddable":true,"href":"https:\/\/www.wellspringacademy.org\/fr\/wp-json\/wp\/v2\/pages\/37"}],"wp:attachment":[{"href":"https:\/\/www.wellspringacademy.org\/fr\/wp-json\/wp\/v2\/media?parent=234088"}],"wp:term":[{"taxonomy":"folder","embeddable":true,"href":"https:\/\/www.wellspringacademy.org\/fr\/wp-json\/wp\/v2\/folder?post=234088"}],"curies":[{"name":"wp","href":"https:\/\/api.w.org\/{rel}","templated":true}]}}