{"id":234106,"date":"2025-03-24T14:01:16","date_gmt":"2025-03-24T12:01:16","guid":{"rendered":"https:\/\/wsa.paulwebdesign.rw\/?page_id=234106"},"modified":"2025-06-06T12:12:29","modified_gmt":"2025-06-06T10:12:29","slug":"spiritual-life","status":"publish","type":"page","link":"https:\/\/www.wellspringacademy.org\/fr\/school-life\/spiritual-life\/","title":{"rendered":"Vie spirituelle"},"content":{"rendered":"<p>[et_pb_section fb_built=&#8221;1&#8243; fullwidth=&#8221;on&#8221; _builder_version=&#8221;4.27.4&#8243; _module_preset=&#8221;default&#8221; global_colors_info=&#8221;{}&#8221;][et_pb_fullwidth_header title=&#8221;Spiritual Life&#8221; _builder_version=&#8221;4.27.4&#8243; _module_preset=&#8221;default&#8221; background_image=&#8221;https:\/\/www.wellspringacademy.org\/wp-content\/uploads\/2025\/04\/Worship.jpeg&#8221; width=&#8221;100%&#8221; custom_padding=&#8221;||||false|false&#8221; global_colors_info=&#8221;{}&#8221;][\/et_pb_fullwidth_header][\/et_pb_section][et_pb_section fb_built=&#8221;1&#8243; _builder_version=&#8221;4.27.4&#8243; _module_preset=&#8221;default&#8221; background_color=&#8221;rgba(204,224,245,0.53)&#8221; background_image=&#8221;https:\/\/www.wellspringacademy.org\/wp-content\/uploads\/2025\/03\/WSA-Sun-25.png&#8221; background_size=&#8221;custom&#8221; background_image_width=&#8221;67%&#8221; background_image_height=&#8221;0%&#8221; background_position=&#8221;top_right&#8221; background_horizontal_offset=&#8221;-100%&#8221; background_blend=&#8221;screen&#8221; global_colors_info=&#8221;{}&#8221;][et_pb_row column_structure=&#8221;1_2,1_2&#8243; _builder_version=&#8221;4.27.4&#8243; _module_preset=&#8221;default&#8221; global_colors_info=&#8221;{}&#8221;][et_pb_column type=&#8221;1_2&#8243; _builder_version=&#8221;4.27.4&#8243; _module_preset=&#8221;default&#8221; global_colors_info=&#8221;{}&#8221;][et_pb_text _builder_version=&#8221;4.27.4&#8243; _module_preset=&#8221;default&#8221; custom_margin=&#8221;2px||36px||false|&#8221; custom_margin_tablet=&#8221;0px||||false|false&#8221; custom_margin_phone=&#8221;0px||||false|false&#8221; custom_margin_last_edited=&#8221;on|desktop&#8221; global_colors_info=&#8221;{}&#8221;]<\/p>\n<h5 style=\"margin-bottom: 1rem;\"><strong>\u201cNot to be served but to serve.\u201d<\/strong><\/h5>\n<p>Our school\u2019s motto reflects the heart of Jesus, and it\u2019s the heartbeat of our community. At Wellspring Academy, spiritual life is not just an add-on \u2013 it\u2019s woven into everything we do. From the youngest students to our high-schoolers, we are intentionally forming hearts and minds to know God, follow Jesus, and serve others with love.<\/p>\n<h3>Our Spiritual Foundation<\/h3>\n<p>We believe in nurturing students through a Christ-centered worldview. Every child is created in the image of God and is called to grow in wisdom, faith, and service. Spiritual formation at Wellspring Academy is about helping students become who God created them to be \u2013 disciples of Christ who impact the world for good.<\/p>\n<p>[\/et_pb_text][\/et_pb_column][et_pb_column type=&#8221;1_2&#8243; _builder_version=&#8221;4.27.4&#8243; _module_preset=&#8221;default&#8221; global_colors_info=&#8221;{}&#8221;][et_pb_image src=&#8221;https:\/\/www.wellspringacademy.org\/wp-content\/uploads\/2025\/06\/8H2C5216.jpg&#8221; title_text=&#8221;8H2C5216&#8243; _builder_version=&#8221;4.27.4&#8243; _module_preset=&#8221;default&#8221; hover_enabled=&#8221;0&#8243; global_colors_info=&#8221;{}&#8221; sticky_enabled=&#8221;0&#8243;][\/et_pb_image][\/et_pb_column][\/et_pb_row][\/et_pb_section][et_pb_section fb_built=&#8221;1&#8243; _builder_version=&#8221;4.27.4&#8243; _module_preset=&#8221;default&#8221; global_colors_info=&#8221;{}&#8221;][et_pb_row _builder_version=&#8221;4.27.4&#8243; _module_preset=&#8221;default&#8221; global_colors_info=&#8221;{}&#8221;][et_pb_column type=&#8221;4_4&#8243; _builder_version=&#8221;4.27.4&#8243; _module_preset=&#8221;default&#8221; global_colors_info=&#8221;{}&#8221;][et_pb_text _builder_version=&#8221;4.27.4&#8243; _module_preset=&#8221;default&#8221; header_2_text_align=&#8221;center&#8221; global_colors_info=&#8221;{}&#8221;]<\/p>\n<h2>Spiritual Growth Across All Ages<\/h2>\n<p>[\/et_pb_text][\/et_pb_column][\/et_pb_row][et_pb_row column_structure=&#8221;1_3,1_3,1_3&#8243; make_equal=&#8221;on&#8221; _builder_version=&#8221;4.27.4&#8243; _module_preset=&#8221;default&#8221; global_colors_info=&#8221;{}&#8221;][et_pb_column type=&#8221;1_3&#8243; _builder_version=&#8221;4.27.4&#8243; _module_preset=&#8221;default&#8221; background_color=&#8221;#CCE0F5&#8243; custom_padding=&#8221;2em|2em|2em|2em|true|true&#8221; global_colors_info=&#8221;{}&#8221;][et_pb_blurb title=&#8221;Early Years (Kindergarten \u2013 Grade 2)&#8221; use_icon=&#8221;on&#8221; font_icon=&#8221;&#xf0c0;||fa||900&#8243; image_icon_width=&#8221;28px&#8221; _builder_version=&#8221;4.27.4&#8243; _module_preset=&#8221;default&#8221; global_colors_info=&#8221;{}&#8221;]<\/p>\n<p>Children are introduced to God\u2019s Word through Bible stories, songs, simple prayers, and loving classroom routines. They learn that God loves them, hears them, and has a purpose for their lives.<\/p>\n<p>[\/et_pb_blurb][\/et_pb_column][et_pb_column type=&#8221;1_3&#8243; _builder_version=&#8221;4.27.4&#8243; _module_preset=&#8221;default&#8221; background_color=&#8221;#CCE0F5&#8243; custom_padding=&#8221;2em|2em|2em|2em|true|true&#8221; global_colors_info=&#8221;{}&#8221;][et_pb_blurb title=&#8221;Primary School (Grades 3\u20136)&#8221; use_icon=&#8221;on&#8221; font_icon=&#8221;&#xf0c0;||fa||900&#8243; image_icon_width=&#8221;38px&#8221; _builder_version=&#8221;4.27.4&#8243; _module_preset=&#8221;default&#8221; global_colors_info=&#8221;{}&#8221;]<\/p>\n<p>Students begin developing a more personal faith. Through engaging chapel services, class devotions, and discussions about Christian character, they are encouraged to explore and live out what they believe.<\/p>\n<p>[\/et_pb_blurb][\/et_pb_column][et_pb_column type=&#8221;1_3&#8243; _builder_version=&#8221;4.27.4&#8243; _module_preset=&#8221;default&#8221; background_color=&#8221;#CCE0F5&#8243; custom_padding=&#8221;2em|2em|2em|2em|true|true&#8221; global_colors_info=&#8221;{}&#8221;][et_pb_blurb title=&#8221;Secondary School (Grades 7\u201312)&#8221; use_icon=&#8221;on&#8221; font_icon=&#8221;&#xf0c0;||fa||900&#8243; image_icon_width=&#8221;50px&#8221; _builder_version=&#8221;4.27.4&#8243; _module_preset=&#8221;default&#8221; global_colors_info=&#8221;{}&#8221;]<\/p>\n<p>Teens are challenged to take ownership of their faith. With opportunities to lead worship, participate in service projects, and engage in deeper Biblical reflection, our students are equipped to live as servant leaders in a complex world.<\/p>\n<p>[\/et_pb_blurb][\/et_pb_column][\/et_pb_row][\/et_pb_section][et_pb_section fb_built=&#8221;1&#8243; _builder_version=&#8221;4.27.4&#8243; _module_preset=&#8221;default&#8221; background_color=&#8221;#CCE0F5&#8243; background_pattern_horizontal_offset=&#8221;-37%&#8221; background_pattern_vertical_offset=&#8221;-10%&#8221; global_colors_info=&#8221;{}&#8221;][et_pb_row _builder_version=&#8221;4.27.4&#8243; _module_preset=&#8221;default&#8221; global_colors_info=&#8221;{}&#8221;][et_pb_column type=&#8221;4_4&#8243; _builder_version=&#8221;4.27.4&#8243; _module_preset=&#8221;default&#8221; global_colors_info=&#8221;{}&#8221;][et_pb_text module_class=&#8221;pa-bullet-list-1&#8243; _builder_version=&#8221;4.27.4&#8243; _module_preset=&#8221;default&#8221; header_2_text_align=&#8221;center&#8221; custom_css_free_form=&#8221;\/*bullet checklist by www.peeayecreative.com*\/||.pa-bullet-list-1 ul {||list-style-type: none!important;||}||||.pa-bullet-list-1 ul li:before {||content: &#8216;%92e052&#8217;!important;||color: #2573c1;||font-family: &#8216;ETMODULES&#8217;!important;||margin-right: 10px;||margin-left: -14px;||font-size: 1.2em!important;||}&#8221; global_colors_info=&#8221;{}&#8221;]<\/p>\n<h2>Weekly and Annual Rhythms<\/h2>\n<ul>\n<li><strong>Chapel Devotions <\/strong>(held weekly) are age-appropriate and Christ-centered, featuring worship, Scripture teaching, and student involvement.<\/li>\n<li><strong>Daily Devotions<\/strong> and <strong>Classroom Prayer<\/strong> help students develop habits of reflection and gratitude.<\/li>\n<li><strong>Spiritual Emphasis Weeks<\/strong>, retreats, camps and service days provide focused times for deeper spiritual renewal and community-building.<\/li>\n<li><strong>Weekly Scripture Reflections<\/strong> are shared school-wide, offering students, staff, and families a unifying theme or verse to meditate on throughout the week. These reflections encourage personal devotion and often tie into chapel messages or seasonal themes.<\/li>\n<\/ul>\n<p>[\/et_pb_text][\/et_pb_column][\/et_pb_row][\/et_pb_section][et_pb_section fb_built=&#8221;1&#8243; _builder_version=&#8221;4.27.4&#8243; _module_preset=&#8221;default&#8221; global_colors_info=&#8221;{}&#8221;][et_pb_row column_structure=&#8221;1_2,1_2&#8243; _builder_version=&#8221;4.27.4&#8243; _module_preset=&#8221;default&#8221; global_colors_info=&#8221;{}&#8221;][et_pb_column type=&#8221;1_2&#8243; _builder_version=&#8221;4.27.4&#8243; _module_preset=&#8221;default&#8221; global_colors_info=&#8221;{}&#8221;][et_pb_image src=&#8221;https:\/\/www.wellspringacademy.org\/wp-content\/uploads\/2025\/03\/IMG_9018-1-scaled-Enhanced-SR.jpg&#8221; title_text=&#8221;IMG_9018-1-scaled-Enhanced-SR&#8221; _builder_version=&#8221;4.27.4&#8243; _module_preset=&#8221;default&#8221; global_colors_info=&#8221;{}&#8221;][\/et_pb_image][\/et_pb_column][et_pb_column type=&#8221;1_2&#8243; _builder_version=&#8221;4.27.4&#8243; _module_preset=&#8221;default&#8221; global_colors_info=&#8221;{}&#8221;][et_pb_text _builder_version=&#8221;4.27.4&#8243; _module_preset=&#8221;default&#8221; global_colors_info=&#8221;{}&#8221;]<\/p>\n<h5><strong>Discipleship and Christian Character<\/strong><\/h5>\n<p>Spiritual life at Wellspring Academy emphasizes growing in Christlike character. Through mentoring, small groups, and pastoral care, students are encouraged to walk in love, humility, integrity, and compassion \u2013 not just in word, but in how they live.<\/p>\n<h5>A Community that Serves<\/h5>\n<p>In line with our motto, <em>\u201cNot to be served but to serve,\u201d<\/em> we offer regular opportunities for students to serve within the school, the local community, and beyond. From food drives to mission trips, our students learn the joy and humility of putting others first.<\/p>\n<h5><strong>Partnering with Parents<\/strong><\/h5>\n<p>We believe spiritual formation is a partnership between the school, church, and home. We regularly communicate with parents, offer spiritual resources, and welcome them to participate in chapel services, prayer events, and Scripture reflections shared by the school.<\/p>\n<p>[\/et_pb_text][\/et_pb_column][\/et_pb_row][\/et_pb_section][et_pb_section fb_built=&#8221;1&#8243; _builder_version=&#8221;4.27.4&#8243; _module_preset=&#8221;default&#8221; background_color=&#8221;#2573C1&#8243; custom_padding=&#8221;6px||0px|||&#8221; global_colors_info=&#8221;{}&#8221;][et_pb_row _builder_version=&#8221;4.27.4&#8243; _module_preset=&#8221;default&#8221; custom_padding=&#8221;||3px|||&#8221; global_colors_info=&#8221;{}&#8221;][et_pb_column type=&#8221;4_4&#8243; _builder_version=&#8221;4.27.4&#8243; _module_preset=&#8221;default&#8221; global_colors_info=&#8221;{}&#8221;][et_pb_cta title=&#8221;Want to Know More?&#8221; _builder_version=&#8221;4.27.4&#8243; _module_preset=&#8221;default&#8221; custom_padding=&#8221;|8em||8em|false|true&#8221; custom_padding_tablet=&#8221;|8em||8em|false|true&#8221; custom_padding_phone=&#8221;|0em||0em|false|true&#8221; custom_padding_last_edited=&#8221;on|desktop&#8221; global_colors_info=&#8221;{}&#8221;]<\/p>\n<p>Feel free to reach out to our Spiritual Life team if you&#8217;d like to know more, request prayer, or connect with a chaplain. We\u2019d love to walk this journey with you.<\/p>\n<p><em>&#8220;Whether or not students have a relationship with Jesus yet, our desire is to help them take one step closer to Him each day.&#8221;<\/em><\/p>\n<p>[\/et_pb_cta][\/et_pb_column][\/et_pb_row][et_pb_row _builder_version=&#8221;4.27.4&#8243; _module_preset=&#8221;default&#8221; global_colors_info=&#8221;{}&#8221;][et_pb_column type=&#8221;4_4&#8243; _builder_version=&#8221;4.27.4&#8243; _module_preset=&#8221;default&#8221; global_colors_info=&#8221;{}&#8221;][wpt_et_pb_testimonials_carousel fetch_from_assigned_posts=&#8221;off&#8221; filter_by_categories=&#8221;on&#8221; categories=&#8221;36&#8243; display=&#8221;6&#8243; show_avatar=&#8221;off&#8221; show_rating=&#8221;off&#8221; effect=&#8221;coverflow&#8221; centered_slides=&#8221;on&#8221; coverflow_rotate=&#8221;30&#8243; autoplay=&#8221;on&#8221; autoplay_speed=&#8221;6000&#8243; show_arrow=&#8221;off&#8221; _builder_version=&#8221;4.27.4&#8243; _module_preset=&#8221;default&#8221; global_colors_info=&#8221;{}&#8221;][\/wpt_et_pb_testimonials_carousel][\/et_pb_column][\/et_pb_row][\/et_pb_section][et_pb_section fb_built=&#8221;1&#8243; _builder_version=&#8221;4.27.4&#8243; _module_preset=&#8221;default&#8221; background_color=&#8221;#2573C1&#8243; custom_padding=&#8221;||19px|||&#8221; global_colors_info=&#8221;{}&#8221;][\/et_pb_section]<\/p>\n","protected":false},"excerpt":{"rendered":"<p>\u201cNot to be served but to serve.\u201d Our school\u2019s motto reflects the heart of Jesus, and it\u2019s the heartbeat of our community. At Wellspring Academy, spiritual life is not just [&hellip;]<\/p>\n","protected":false},"author":1,"featured_media":0,"parent":35,"menu_order":0,"comment_status":"closed","ping_status":"closed","template":"","meta":{"_et_pb_use_builder":"on","_et_pb_old_content":"<!-- wp:divi\/placeholder \/-->","_et_gb_content_width":"","_glsr_average":0,"_glsr_ranking":0,"_glsr_reviews":0,"footnotes":""},"folder":[],"class_list":["post-234106","page","type-page","status-publish","hentry"],"yoast_head":"<!-- This site is optimized with the Yoast SEO plugin v27.4 - https:\/\/yoast.com\/product\/yoast-seo-wordpress\/ -->\n<title>Spiritual Life - Wellspring Academy Kigali Rwanda<\/title>\n<meta name=\"robots\" content=\"index, follow, max-snippet:-1, max-image-preview:large, max-video-preview:-1\" \/>\n<link rel=\"canonical\" href=\"https:\/\/www.wellspringacademy.org\/fr\/school-life\/spiritual-life\/\" \/>\n<meta property=\"og:locale\" content=\"fr_FR\" \/>\n<meta property=\"og:type\" content=\"article\" \/>\n<meta property=\"og:title\" content=\"Spiritual Life - Wellspring Academy Kigali Rwanda\" \/>\n<meta property=\"og:description\" content=\"\u201cNot to be served but to serve.\u201d Our school\u2019s motto reflects the heart of Jesus, and it\u2019s the heartbeat of our community. At Wellspring Academy, spiritual life is not just [&hellip;]\" \/>\n<meta property=\"og:url\" content=\"https:\/\/www.wellspringacademy.org\/fr\/school-life\/spiritual-life\/\" \/>\n<meta property=\"og:site_name\" content=\"Wellspring Academy Kigali Rwanda\" \/>\n<meta property=\"article:modified_time\" content=\"2025-06-06T10:12:29+00:00\" \/>\n<meta name=\"twitter:card\" content=\"summary_large_image\" \/>\n<meta name=\"twitter:label1\" content=\"Dur\u00e9e de lecture estim\u00e9e\" \/>\n\t<meta name=\"twitter:data1\" content=\"7 minutes\" \/>\n<script type=\"application\/ld+json\" class=\"yoast-schema-graph\">{\"@context\":\"https:\\\/\\\/schema.org\",\"@graph\":[{\"@type\":\"WebPage\",\"@id\":\"https:\\\/\\\/www.wellspringacademy.org\\\/school-life\\\/spiritual-life\\\/\",\"url\":\"https:\\\/\\\/www.wellspringacademy.org\\\/school-life\\\/spiritual-life\\\/\",\"name\":\"Spiritual Life - Wellspring Academy Kigali Rwanda\",\"isPartOf\":{\"@id\":\"https:\\\/\\\/www.wellspringacademy.org\\\/#website\"},\"datePublished\":\"2025-03-24T12:01:16+00:00\",\"dateModified\":\"2025-06-06T10:12:29+00:00\",\"breadcrumb\":{\"@id\":\"https:\\\/\\\/www.wellspringacademy.org\\\/school-life\\\/spiritual-life\\\/#breadcrumb\"},\"inLanguage\":\"fr-FR\",\"potentialAction\":[{\"@type\":\"ReadAction\",\"target\":[\"https:\\\/\\\/www.wellspringacademy.org\\\/school-life\\\/spiritual-life\\\/\"]}]},{\"@type\":\"BreadcrumbList\",\"@id\":\"https:\\\/\\\/www.wellspringacademy.org\\\/school-life\\\/spiritual-life\\\/#breadcrumb\",\"itemListElement\":[{\"@type\":\"ListItem\",\"position\":1,\"name\":\"Home\",\"item\":\"https:\\\/\\\/www.wellspringacademy.org\\\/\"},{\"@type\":\"ListItem\",\"position\":2,\"name\":\"School Life\",\"item\":\"https:\\\/\\\/www.wellspringacademy.org\\\/school-life\\\/\"},{\"@type\":\"ListItem\",\"position\":3,\"name\":\"Spiritual Life\"}]},{\"@type\":\"WebSite\",\"@id\":\"https:\\\/\\\/www.wellspringacademy.org\\\/#website\",\"url\":\"https:\\\/\\\/www.wellspringacademy.org\\\/\",\"name\":\"Wellspring Academy Kigali Rwanda\",\"description\":\"Where academics and faith shape future leaders\",\"potentialAction\":[{\"@type\":\"SearchAction\",\"target\":{\"@type\":\"EntryPoint\",\"urlTemplate\":\"https:\\\/\\\/www.wellspringacademy.org\\\/?s={search_term_string}\"},\"query-input\":{\"@type\":\"PropertyValueSpecification\",\"valueRequired\":true,\"valueName\":\"search_term_string\"}}],\"inLanguage\":\"fr-FR\"}]}<\/script>\n<!-- \/ Yoast SEO plugin. -->","yoast_head_json":{"title":"Vie spirituelle - Wellspring Academy Kigali Rwanda","robots":{"index":"index","follow":"follow","max-snippet":"max-snippet:-1","max-image-preview":"max-image-preview:large","max-video-preview":"max-video-preview:-1"},"canonical":"https:\/\/www.wellspringacademy.org\/fr\/school-life\/spiritual-life\/","og_locale":"fr_FR","og_type":"article","og_title":"Spiritual Life - Wellspring Academy Kigali Rwanda","og_description":"\u201cNot to be served but to serve.\u201d Our school\u2019s motto reflects the heart of Jesus, and it\u2019s the heartbeat of our community. At Wellspring Academy, spiritual life is not just [&hellip;]","og_url":"https:\/\/www.wellspringacademy.org\/fr\/school-life\/spiritual-life\/","og_site_name":"Wellspring Academy Kigali Rwanda","article_modified_time":"2025-06-06T10:12:29+00:00","twitter_card":"summary_large_image","twitter_misc":{"Dur\u00e9e de lecture estim\u00e9e":"7 minutes"},"schema":{"@context":"https:\/\/schema.org","@graph":[{"@type":"WebPage","@id":"https:\/\/www.wellspringacademy.org\/school-life\/spiritual-life\/","url":"https:\/\/www.wellspringacademy.org\/school-life\/spiritual-life\/","name":"Vie spirituelle - Wellspring Academy Kigali Rwanda","isPartOf":{"@id":"https:\/\/www.wellspringacademy.org\/#website"},"datePublished":"2025-03-24T12:01:16+00:00","dateModified":"2025-06-06T10:12:29+00:00","breadcrumb":{"@id":"https:\/\/www.wellspringacademy.org\/school-life\/spiritual-life\/#breadcrumb"},"inLanguage":"fr-FR","potentialAction":[{"@type":"ReadAction","target":["https:\/\/www.wellspringacademy.org\/school-life\/spiritual-life\/"]}]},{"@type":"BreadcrumbList","@id":"https:\/\/www.wellspringacademy.org\/school-life\/spiritual-life\/#breadcrumb","itemListElement":[{"@type":"ListItem","position":1,"name":"Home","item":"https:\/\/www.wellspringacademy.org\/"},{"@type":"ListItem","position":2,"name":"School Life","item":"https:\/\/www.wellspringacademy.org\/school-life\/"},{"@type":"ListItem","position":3,"name":"Spiritual Life"}]},{"@type":"WebSite","@id":"https:\/\/www.wellspringacademy.org\/#website","url":"https:\/\/www.wellspringacademy.org\/","name":"Acad\u00e9mie Wellspring Kigali Rwanda","description":"O\u00f9 le savoir et la foi fa\u00e7onnent les futurs leaders","potentialAction":[{"@type":"SearchAction","target":{"@type":"EntryPoint","urlTemplate":"https:\/\/www.wellspringacademy.org\/?s={search_term_string}"},"query-input":{"@type":"PropertyValueSpecification","valueRequired":true,"valueName":"search_term_string"}}],"inLanguage":"fr-FR"}]}},"_links":{"self":[{"href":"https:\/\/www.wellspringacademy.org\/fr\/wp-json\/wp\/v2\/pages\/234106","targetHints":{"allow":["GET"]}}],"collection":[{"href":"https:\/\/www.wellspringacademy.org\/fr\/wp-json\/wp\/v2\/pages"}],"about":[{"href":"https:\/\/www.wellspringacademy.org\/fr\/wp-json\/wp\/v2\/types\/page"}],"author":[{"embeddable":true,"href":"https:\/\/www.wellspringacademy.org\/fr\/wp-json\/wp\/v2\/users\/1"}],"replies":[{"embeddable":true,"href":"https:\/\/www.wellspringacademy.org\/fr\/wp-json\/wp\/v2\/comments?post=234106"}],"version-history":[{"count":18,"href":"https:\/\/www.wellspringacademy.org\/fr\/wp-json\/wp\/v2\/pages\/234106\/revisions"}],"predecessor-version":[{"id":987519662,"href":"https:\/\/www.wellspringacademy.org\/fr\/wp-json\/wp\/v2\/pages\/234106\/revisions\/987519662"}],"up":[{"embeddable":true,"href":"https:\/\/www.wellspringacademy.org\/fr\/wp-json\/wp\/v2\/pages\/35"}],"wp:attachment":[{"href":"https:\/\/www.wellspringacademy.org\/fr\/wp-json\/wp\/v2\/media?parent=234106"}],"wp:term":[{"taxonomy":"folder","embeddable":true,"href":"https:\/\/www.wellspringacademy.org\/fr\/wp-json\/wp\/v2\/folder?post=234106"}],"curies":[{"name":"wp","href":"https:\/\/api.w.org\/{rel}","templated":true}]}}