{"id":234108,"date":"2025-03-24T14:07:16","date_gmt":"2025-03-24T12:07:16","guid":{"rendered":"https:\/\/wsa.paulwebdesign.rw\/?page_id=234108"},"modified":"2025-06-13T09:06:50","modified_gmt":"2025-06-13T07:06:50","slug":"athletics","status":"publish","type":"page","link":"https:\/\/www.wellspringacademy.org\/fr\/school-life\/athletics\/","title":{"rendered":"Athl\u00e9tisme"},"content":{"rendered":"<p>[et_pb_section fb_built=&#8221;1&#8243; admin_label=&#8221;section&#8221; _builder_version=&#8221;4.27.4&#8243; _module_preset=&#8221;4e153e00-2be5-453d-870f-672342c3d2b4&#8243; custom_padding=&#8221;0em||0em||true|false&#8221; global_colors_info=&#8221;{}&#8221;][et_pb_row admin_label=&#8221;row&#8221; _builder_version=&#8221;4.27.4&#8243; _module_preset=&#8221;50c2d455-59de-4799-8410-cda67b1c5511&#8243; use_background_color_gradient=&#8221;on&#8221; background_color_gradient_stops=&#8221;rgba(16,85,137,0.24) 0%|rgba(16,85,137,0.08) 6%|rgba(16,85,137,0) 100%&#8221; background_size=&#8221;initial&#8221; background_position=&#8221;top_left&#8221; background_repeat=&#8221;repeat&#8221; global_colors_info=&#8221;{}&#8221;][et_pb_column type=&#8221;4_4&#8243; _builder_version=&#8221;4.16&#8243; custom_padding=&#8221;|||&#8221; global_colors_info=&#8221;{}&#8221; custom_padding__hover=&#8221;|||&#8221;][et_pb_text _builder_version=&#8221;4.27.4&#8243; _module_preset=&#8221;default&#8221; header_text_align=&#8221;center&#8221; global_colors_info=&#8221;{}&#8221;]<\/p>\n<h1>Athletics<\/h1>\n<p>[\/et_pb_text][\/et_pb_column][\/et_pb_row][\/et_pb_section][et_pb_section fb_built=&#8221;1&#8243; _builder_version=&#8221;4.27.4&#8243; _module_preset=&#8221;default&#8221; global_colors_info=&#8221;{}&#8221;][et_pb_row column_structure=&#8221;1_2,1_2&#8243; _builder_version=&#8221;4.27.4&#8243; _module_preset=&#8221;default&#8221; global_colors_info=&#8221;{}&#8221;][et_pb_column type=&#8221;1_2&#8243; _builder_version=&#8221;4.27.4&#8243; _module_preset=&#8221;default&#8221; global_colors_info=&#8221;{}&#8221;][et_pb_text _builder_version=&#8221;4.27.4&#8243; _module_preset=&#8221;default&#8221; custom_padding=&#8221;4em||4em||true|false&#8221; custom_padding_tablet=&#8221;0em||0em||true|false&#8221; custom_padding_phone=&#8221;0em||0em||true|false&#8221; custom_padding_last_edited=&#8221;on|phone&#8221; global_colors_info=&#8221;{}&#8221;]<\/p>\n<div class=\"vc_row wpb_row vc_row-fluid no-overlay custom-row-image-left\">\n<div class=\"vc_column_wrapper clearfix\">\n<div class=\"vc_col-sm-12  wpb_column vc_column_container     text-align-none  text-rp-left\">\n<div class=\"vc_column-inner \">\n<div class=\"wpb_wrapper\">\n<div class=\"wpb_text_column wpb_content_element\">\n<div class=\"wpb_wrapper\">\n<p><span>At Wellspring Academy, we pride ourselves on ensuring our students are well-rounded individuals as well as servant leaders. We offer several sports for students to pursue including basketball and football.<\/span><\/p>\n<p><span>Our coaches instill values in the players on our teams. Our players learn hard work, persistence, and teamwork while making lifelong friends.<\/span><\/p>\n<p><span>These sports are extra activities in which some students may participate. Participation in sports may be subject to additional requirements.<\/span><\/p>\n<\/div>\n<\/div>\n<\/div>\n<\/div>\n<\/div>\n<\/div>\n<\/div>\n<div class=\"vc_row wpb_row vc_row-fluid no-overlay custom-row-image-left\">\n<div class=\"vc_column_wrapper clearfix\">\n<div class=\"vc_col-sm-12  wpb_column vc_column_container     text-align-none  text-rp-left\">\n<div class=\"vc_column-inner \">\n<div class=\"wpb_wrapper\">\n<div class=\"wpb_text_column wpb_content_element\">\n<div class=\"wpb_wrapper\">\n<p>&nbsp;<\/p>\n<\/div>\n<\/div>\n<\/div>\n<\/div>\n<\/div>\n<\/div>\n<\/div>\n<p>[\/et_pb_text][\/et_pb_column][et_pb_column type=&#8221;1_2&#8243; _builder_version=&#8221;4.27.4&#8243; _module_preset=&#8221;default&#8221; global_colors_info=&#8221;{}&#8221;][et_pb_image src=&#8221;https:\/\/www.wellspringacademy.org\/wp-content\/uploads\/2025\/06\/8H2C5608.jpg&#8221; title_text=&#8221;8H2C5608&#8243; _builder_version=&#8221;4.27.4&#8243; _module_preset=&#8221;default&#8221; global_colors_info=&#8221;{}&#8221;][\/et_pb_image][\/et_pb_column][\/et_pb_row][\/et_pb_section][et_pb_section fb_built=&#8221;1&#8243; _builder_version=&#8221;4.27.4&#8243; _module_preset=&#8221;default&#8221; use_background_color_gradient=&#8221;on&#8221; background_color_gradient_stops=&#8221;#ffffff 11%|#cce0f5 42%&#8221; background_color_gradient_overlays_image=&#8221;on&#8221; background_image=&#8221;https:\/\/www.wellspringacademy.org\/wp-content\/uploads\/2025\/06\/8H2C5690.jpg&#8221; height_tablet=&#8221;528px&#8221; height_phone=&#8221;412px&#8221; height_last_edited=&#8221;on|phone&#8221; custom_padding=&#8221;0px||||false|false&#8221; global_colors_info=&#8221;{}&#8221;][et_pb_row _builder_version=&#8221;4.27.4&#8243; _module_preset=&#8221;default&#8221; global_colors_info=&#8221;{}&#8221;][et_pb_column type=&#8221;4_4&#8243; _builder_version=&#8221;4.27.4&#8243; _module_preset=&#8221;default&#8221; global_colors_info=&#8221;{}&#8221;][et_pb_text _builder_version=&#8221;4.27.4&#8243; _module_preset=&#8221;default&#8221; text_font_size=&#8221;19px&#8221; text_orientation=&#8221;center&#8221; global_colors_info=&#8221;{}&#8221;]<\/p>\n<div class=\"vc_row wpb_row vc_row-fluid no-overlay custom-row-image-left\">\n<div class=\"vc_column_wrapper clearfix\">\n<div class=\"vc_col-sm-12  wpb_column vc_column_container     text-align-none  text-rp-left\">\n<div class=\"vc_column-inner \">\n<div class=\"wpb_wrapper\">\n<div class=\"wpb_text_column wpb_content_element\">\n<div class=\"wpb_wrapper\">\n<p><span>For more information about how to join a team, contact Leonce DUSABE: 0784 503 990.\u00a0<\/span><\/p>\n<\/div>\n<\/div>\n<\/div>\n<\/div>\n<\/div>\n<\/div>\n<\/div>\n<div class=\"vc_row wpb_row vc_row-fluid no-overlay custom-row-image-left\">\n<div class=\"vc_column_wrapper clearfix\">\n<div class=\"vc_col-sm-12  wpb_column vc_column_container     text-align-none  text-rp-left\">\n<div class=\"vc_column-inner \">\n<div class=\"wpb_wrapper\">\n<div class=\"vc_empty_space\"><span class=\"vc_empty_space_inner\"><\/span><\/div>\n<\/div>\n<\/div>\n<\/div>\n<\/div>\n<\/div>\n<div class=\"vc_row wpb_row vc_row-fluid no-overlay custom-row-image-left\">\n<div class=\"vc_column_wrapper clearfix\">\n<div class=\"vc_col-sm-12  wpb_column vc_column_container     text-align-none  text-rp-left\">\n<div class=\"vc_column-inner \">\n<div class=\"wpb_wrapper\">\n<div class=\"wpb_text_column wpb_content_element\">\n<div class=\"wpb_wrapper\">\n<h2><span><strong>Join Our Teams<\/strong><\/span><\/h2>\n<\/div>\n<\/div>\n<\/div>\n<\/div>\n<\/div>\n<\/div>\n<\/div>\n<p>[\/et_pb_text][\/et_pb_column][\/et_pb_row][et_pb_row column_structure=&#8221;1_3,1_3,1_3&#8243; _builder_version=&#8221;4.27.4&#8243; _module_preset=&#8221;default&#8221; global_colors_info=&#8221;{}&#8221;][et_pb_column type=&#8221;1_3&#8243; _builder_version=&#8221;4.27.4&#8243; _module_preset=&#8221;default&#8221; global_colors_info=&#8221;{}&#8221;][et_pb_blurb title=&#8221;U7 Football&#8221; image=&#8221;https:\/\/www.wellspringacademy.org\/wp-content\/uploads\/2025\/06\/8H2C5630.jpg&#8221; _builder_version=&#8221;4.27.4&#8243; _module_preset=&#8221;default&#8221; background_color=&#8221;#FFFFFF&#8221; custom_padding=&#8221;1em|1em|1em|1em|true|true&#8221; global_colors_info=&#8221;{}&#8221;]<\/p>\n<p><span><strong>Requirements:<\/strong> Students must be 7 years old or below and not turning 8 years old in the season. The first students who pay the registration fee will be the first to participate in the league.<\/span><\/p>\n<p>[\/et_pb_blurb][\/et_pb_column][et_pb_column type=&#8221;1_3&#8243; _builder_version=&#8221;4.27.4&#8243; _module_preset=&#8221;default&#8221; global_colors_info=&#8221;{}&#8221;][et_pb_blurb title=&#8221;U9 Football&#8221; image=&#8221;https:\/\/www.wellspringacademy.org\/wp-content\/uploads\/2025\/06\/8H2C5616.jpg&#8221; _builder_version=&#8221;4.27.4&#8243; _module_preset=&#8221;default&#8221; background_color=&#8221;#FFFFFF&#8221; custom_padding=&#8221;1em|1em|1em|1em|true|true&#8221; hover_enabled=&#8221;0&#8243; global_colors_info=&#8221;{}&#8221; title_text=&#8221;8H2C5616&#8243; sticky_enabled=&#8221;0&#8243;]<\/p>\n<p><span><strong>Requirements:<\/strong> Students must be 9 years old or below and not turning 10 years old in the season. The first students who pay the registration fee will be the first to participate in the league.<\/span><\/p>\n<p>[\/et_pb_blurb][\/et_pb_column][et_pb_column type=&#8221;1_3&#8243; _builder_version=&#8221;4.27.4&#8243; _module_preset=&#8221;default&#8221; global_colors_info=&#8221;{}&#8221;][et_pb_blurb title=&#8221;U11 Football&#8221; image=&#8221;https:\/\/www.wellspringacademy.org\/wp-content\/uploads\/2025\/06\/8H2C5626.jpg&#8221; _builder_version=&#8221;4.27.4&#8243; _module_preset=&#8221;default&#8221; background_color=&#8221;#FFFFFF&#8221; custom_padding=&#8221;1em|1em|1em|1em|true|true&#8221; global_colors_info=&#8221;{}&#8221;]<\/p>\n<p><span><strong>Requirements:<\/strong> Students must be 11 years old or below and not turning 12 years old in the season. The first students who pay the registration fee will be the first to participate in the league.<\/span><\/p>\n<p>[\/et_pb_blurb][\/et_pb_column][\/et_pb_row][et_pb_row column_structure=&#8221;1_3,1_3,1_3&#8243; _builder_version=&#8221;4.27.4&#8243; _module_preset=&#8221;default&#8221; global_colors_info=&#8221;{}&#8221;][et_pb_column type=&#8221;1_3&#8243; _builder_version=&#8221;4.27.4&#8243; _module_preset=&#8221;default&#8221; global_colors_info=&#8221;{}&#8221;][et_pb_blurb title=&#8221;U15 Football&#8221; image=&#8221;https:\/\/www.wellspringacademy.org\/wp-content\/uploads\/2025\/06\/8H2C5627.jpg&#8221; _builder_version=&#8221;4.27.4&#8243; _module_preset=&#8221;default&#8221; background_color=&#8221;#FFFFFF&#8221; custom_padding=&#8221;1em|1em|1em|1em|true|true&#8221; hover_enabled=&#8221;0&#8243; global_colors_info=&#8221;{}&#8221; title_text=&#8221;8H2C5627&#8243; sticky_enabled=&#8221;0&#8243;]<\/p>\n<div dir=\"auto\"><span><strong>Requirements:<\/strong> Students must be 15 years old or below, register their names and participate in training every\u00a0<span class=\"aBn\" data-term=\"goog_947085561\" tabindex=\"0\"><span class=\"aQJ\">Tuesday<\/span><\/span>\u00a0and\u00a0<span class=\"aBn\" data-term=\"goog_947085562\" tabindex=\"0\"><span class=\"aQJ\">Thursday<\/span><\/span>\u00a0from\u00a0<\/span><\/div>\n<div dir=\"auto\"><span><span class=\"aBn\" data-term=\"goog_947085563\" tabindex=\"0\"><span class=\"aQJ\">16:15 \u2013\u00a0<\/span><\/span><\/span><span><span class=\"aBn\" data-term=\"goog_947085563\" tabindex=\"0\"><span class=\"aQJ\">17:45<\/span><\/span>. Students must also have a minimum of 2 C\u2019s in their academics.<\/span><\/div>\n<p>[\/et_pb_blurb][\/et_pb_column][et_pb_column type=&#8221;1_3&#8243; _builder_version=&#8221;4.27.4&#8243; _module_preset=&#8221;default&#8221; global_colors_info=&#8221;{}&#8221;][et_pb_blurb title=&#8221;U15 Basketball&#8221; image=&#8221;https:\/\/www.wellspringacademy.org\/wp-content\/uploads\/2025\/06\/8H2C5657.jpg&#8221; _builder_version=&#8221;4.27.4&#8243; _module_preset=&#8221;default&#8221; background_color=&#8221;#FFFFFF&#8221; custom_padding=&#8221;1em|1em|1em|1em|true|true&#8221; hover_enabled=&#8221;0&#8243; global_colors_info=&#8221;{}&#8221; title_text=&#8221;8H2C5657&#8243; sticky_enabled=&#8221;0&#8243;]<\/p>\n<div dir=\"auto\"><span><strong>Requirements:<\/strong> Students must be 15 years old or below, register their names and participate in training every <span class=\"aBn\" data-term=\"goog_947085561\" tabindex=\"0\"><span class=\"aQJ\">Tuesday<\/span><\/span>\u00a0and\u00a0<span class=\"aBn\" data-term=\"goog_947085562\" tabindex=\"0\"><span class=\"aQJ\">Thursday<\/span><\/span>\u00a0from\u00a0<\/span><\/div>\n<div dir=\"auto\"><span><span class=\"aBn\" data-term=\"goog_947085563\" tabindex=\"0\"><span class=\"aQJ\">16:15 \u2013 17:45<\/span><\/span>. Students must also have a minimum of 2 C\u2019s in their academics.<\/span><\/div>\n<p>[\/et_pb_blurb][\/et_pb_column][et_pb_column type=&#8221;1_3&#8243; _builder_version=&#8221;4.27.4&#8243; _module_preset=&#8221;default&#8221; global_colors_info=&#8221;{}&#8221;][et_pb_blurb title=&#8221;U18 Basketball&#8221; image=&#8221;https:\/\/www.wellspringacademy.org\/wp-content\/uploads\/2025\/06\/8H2C5690.jpg&#8221; _builder_version=&#8221;4.27.4&#8243; _module_preset=&#8221;default&#8221; background_color=&#8221;#FFFFFF&#8221; custom_padding=&#8221;1em|1em|1em|1em|true|true&#8221; hover_enabled=&#8221;0&#8243; global_colors_info=&#8221;{}&#8221; sticky_enabled=&#8221;0&#8243;]<\/p>\n<div dir=\"auto\"><span><strong>Requirements:<\/strong> Students must be 18 years old or below, register their names and participate in training every\u00a0<span class=\"aBn\" data-term=\"goog_947085561\" tabindex=\"0\"><span class=\"aQJ\">Tuesday<\/span><\/span>\u00a0and\u00a0<span class=\"aBn\" data-term=\"goog_947085562\" tabindex=\"0\"><span class=\"aQJ\">Thursday<\/span><\/span>\u00a0from\u00a0<\/span><\/div>\n<div dir=\"auto\"><span><span class=\"aBn\" data-term=\"goog_947085563\" tabindex=\"0\"><span class=\"aQJ\">16:15 \u2013 17:45<\/span><\/span>. Students must also have a minimum of 2 C\u2019s in their academics.<\/span><\/div>\n<p>[\/et_pb_blurb][\/et_pb_column][\/et_pb_row][\/et_pb_section]<\/p>\n","protected":false},"excerpt":{"rendered":"<p>Athletics At Wellspring Academy, we pride ourselves on ensuring our students are well-rounded individuals as well as servant leaders. We offer several sports for students to pursue including basketball and [&hellip;]<\/p>\n","protected":false},"author":1,"featured_media":0,"parent":35,"menu_order":0,"comment_status":"closed","ping_status":"closed","template":"","meta":{"_et_pb_use_builder":"on","_et_pb_old_content":"<!-- wp:divi\/placeholder \/-->","_et_gb_content_width":"","_glsr_average":0,"_glsr_ranking":0,"_glsr_reviews":0,"footnotes":""},"folder":[],"class_list":["post-234108","page","type-page","status-publish","hentry"],"yoast_head":"<!-- This site is optimized with the Yoast SEO plugin v27.4 - https:\/\/yoast.com\/product\/yoast-seo-wordpress\/ -->\n<title>Athletics - Wellspring Academy Kigali Rwanda<\/title>\n<meta name=\"robots\" content=\"index, follow, max-snippet:-1, max-image-preview:large, max-video-preview:-1\" \/>\n<link rel=\"canonical\" href=\"https:\/\/www.wellspringacademy.org\/fr\/school-life\/athletics\/\" \/>\n<meta property=\"og:locale\" content=\"fr_FR\" \/>\n<meta property=\"og:type\" content=\"article\" \/>\n<meta property=\"og:title\" content=\"Athletics - Wellspring Academy Kigali Rwanda\" \/>\n<meta property=\"og:description\" content=\"Athletics At Wellspring Academy, we pride ourselves on ensuring our students are well-rounded individuals as well as servant leaders. We offer several sports for students to pursue including basketball and [&hellip;]\" \/>\n<meta property=\"og:url\" content=\"https:\/\/www.wellspringacademy.org\/fr\/school-life\/athletics\/\" \/>\n<meta property=\"og:site_name\" content=\"Wellspring Academy Kigali Rwanda\" \/>\n<meta property=\"article:modified_time\" content=\"2025-06-13T07:06:50+00:00\" \/>\n<meta name=\"twitter:card\" content=\"summary_large_image\" \/>\n<meta name=\"twitter:label1\" content=\"Dur\u00e9e de lecture estim\u00e9e\" \/>\n\t<meta name=\"twitter:data1\" content=\"5 minutes\" \/>\n<script type=\"application\/ld+json\" class=\"yoast-schema-graph\">{\"@context\":\"https:\\\/\\\/schema.org\",\"@graph\":[{\"@type\":\"WebPage\",\"@id\":\"https:\\\/\\\/www.wellspringacademy.org\\\/school-life\\\/athletics\\\/\",\"url\":\"https:\\\/\\\/www.wellspringacademy.org\\\/school-life\\\/athletics\\\/\",\"name\":\"Athletics - Wellspring Academy Kigali Rwanda\",\"isPartOf\":{\"@id\":\"https:\\\/\\\/www.wellspringacademy.org\\\/#website\"},\"datePublished\":\"2025-03-24T12:07:16+00:00\",\"dateModified\":\"2025-06-13T07:06:50+00:00\",\"breadcrumb\":{\"@id\":\"https:\\\/\\\/www.wellspringacademy.org\\\/school-life\\\/athletics\\\/#breadcrumb\"},\"inLanguage\":\"fr-FR\",\"potentialAction\":[{\"@type\":\"ReadAction\",\"target\":[\"https:\\\/\\\/www.wellspringacademy.org\\\/school-life\\\/athletics\\\/\"]}]},{\"@type\":\"BreadcrumbList\",\"@id\":\"https:\\\/\\\/www.wellspringacademy.org\\\/school-life\\\/athletics\\\/#breadcrumb\",\"itemListElement\":[{\"@type\":\"ListItem\",\"position\":1,\"name\":\"Home\",\"item\":\"https:\\\/\\\/www.wellspringacademy.org\\\/\"},{\"@type\":\"ListItem\",\"position\":2,\"name\":\"School Life\",\"item\":\"https:\\\/\\\/www.wellspringacademy.org\\\/school-life\\\/\"},{\"@type\":\"ListItem\",\"position\":3,\"name\":\"Athletics\"}]},{\"@type\":\"WebSite\",\"@id\":\"https:\\\/\\\/www.wellspringacademy.org\\\/#website\",\"url\":\"https:\\\/\\\/www.wellspringacademy.org\\\/\",\"name\":\"Wellspring Academy Kigali Rwanda\",\"description\":\"Where academics and faith shape future leaders\",\"potentialAction\":[{\"@type\":\"SearchAction\",\"target\":{\"@type\":\"EntryPoint\",\"urlTemplate\":\"https:\\\/\\\/www.wellspringacademy.org\\\/?s={search_term_string}\"},\"query-input\":{\"@type\":\"PropertyValueSpecification\",\"valueRequired\":true,\"valueName\":\"search_term_string\"}}],\"inLanguage\":\"fr-FR\"}]}<\/script>\n<!-- \/ Yoast SEO plugin. -->","yoast_head_json":{"title":"Athl\u00e9tisme - Wellspring Academy Kigali Rwanda","robots":{"index":"index","follow":"follow","max-snippet":"max-snippet:-1","max-image-preview":"max-image-preview:large","max-video-preview":"max-video-preview:-1"},"canonical":"https:\/\/www.wellspringacademy.org\/fr\/school-life\/athletics\/","og_locale":"fr_FR","og_type":"article","og_title":"Athletics - Wellspring Academy Kigali Rwanda","og_description":"Athletics At Wellspring Academy, we pride ourselves on ensuring our students are well-rounded individuals as well as servant leaders. We offer several sports for students to pursue including basketball and [&hellip;]","og_url":"https:\/\/www.wellspringacademy.org\/fr\/school-life\/athletics\/","og_site_name":"Wellspring Academy Kigali Rwanda","article_modified_time":"2025-06-13T07:06:50+00:00","twitter_card":"summary_large_image","twitter_misc":{"Dur\u00e9e de lecture estim\u00e9e":"5 minutes"},"schema":{"@context":"https:\/\/schema.org","@graph":[{"@type":"WebPage","@id":"https:\/\/www.wellspringacademy.org\/school-life\/athletics\/","url":"https:\/\/www.wellspringacademy.org\/school-life\/athletics\/","name":"Athl\u00e9tisme - Wellspring Academy Kigali Rwanda","isPartOf":{"@id":"https:\/\/www.wellspringacademy.org\/#website"},"datePublished":"2025-03-24T12:07:16+00:00","dateModified":"2025-06-13T07:06:50+00:00","breadcrumb":{"@id":"https:\/\/www.wellspringacademy.org\/school-life\/athletics\/#breadcrumb"},"inLanguage":"fr-FR","potentialAction":[{"@type":"ReadAction","target":["https:\/\/www.wellspringacademy.org\/school-life\/athletics\/"]}]},{"@type":"BreadcrumbList","@id":"https:\/\/www.wellspringacademy.org\/school-life\/athletics\/#breadcrumb","itemListElement":[{"@type":"ListItem","position":1,"name":"Home","item":"https:\/\/www.wellspringacademy.org\/"},{"@type":"ListItem","position":2,"name":"School Life","item":"https:\/\/www.wellspringacademy.org\/school-life\/"},{"@type":"ListItem","position":3,"name":"Athletics"}]},{"@type":"WebSite","@id":"https:\/\/www.wellspringacademy.org\/#website","url":"https:\/\/www.wellspringacademy.org\/","name":"Acad\u00e9mie Wellspring Kigali Rwanda","description":"O\u00f9 le savoir et la foi fa\u00e7onnent les futurs leaders","potentialAction":[{"@type":"SearchAction","target":{"@type":"EntryPoint","urlTemplate":"https:\/\/www.wellspringacademy.org\/?s={search_term_string}"},"query-input":{"@type":"PropertyValueSpecification","valueRequired":true,"valueName":"search_term_string"}}],"inLanguage":"fr-FR"}]}},"_links":{"self":[{"href":"https:\/\/www.wellspringacademy.org\/fr\/wp-json\/wp\/v2\/pages\/234108","targetHints":{"allow":["GET"]}}],"collection":[{"href":"https:\/\/www.wellspringacademy.org\/fr\/wp-json\/wp\/v2\/pages"}],"about":[{"href":"https:\/\/www.wellspringacademy.org\/fr\/wp-json\/wp\/v2\/types\/page"}],"author":[{"embeddable":true,"href":"https:\/\/www.wellspringacademy.org\/fr\/wp-json\/wp\/v2\/users\/1"}],"replies":[{"embeddable":true,"href":"https:\/\/www.wellspringacademy.org\/fr\/wp-json\/wp\/v2\/comments?post=234108"}],"version-history":[{"count":6,"href":"https:\/\/www.wellspringacademy.org\/fr\/wp-json\/wp\/v2\/pages\/234108\/revisions"}],"predecessor-version":[{"id":987519803,"href":"https:\/\/www.wellspringacademy.org\/fr\/wp-json\/wp\/v2\/pages\/234108\/revisions\/987519803"}],"up":[{"embeddable":true,"href":"https:\/\/www.wellspringacademy.org\/fr\/wp-json\/wp\/v2\/pages\/35"}],"wp:attachment":[{"href":"https:\/\/www.wellspringacademy.org\/fr\/wp-json\/wp\/v2\/media?parent=234108"}],"wp:term":[{"taxonomy":"folder","embeddable":true,"href":"https:\/\/www.wellspringacademy.org\/fr\/wp-json\/wp\/v2\/folder?post=234108"}],"curies":[{"name":"wp","href":"https:\/\/api.w.org\/{rel}","templated":true}]}}