{"id":234110,"date":"2025-03-24T14:08:00","date_gmt":"2025-03-24T12:08:00","guid":{"rendered":"https:\/\/wsa.paulwebdesign.rw\/?page_id=234110"},"modified":"2025-06-09T09:45:47","modified_gmt":"2025-06-09T07:45:47","slug":"community-engagement","status":"publish","type":"page","link":"https:\/\/www.wellspringacademy.org\/fr\/school-life\/community-engagement\/","title":{"rendered":"Engagement communautaire"},"content":{"rendered":"<p>[et_pb_section fb_built=&#8221;1&#8243; fullwidth=&#8221;on&#8221; _builder_version=&#8221;4.27.4&#8243; _module_preset=&#8221;default&#8221; global_colors_info=&#8221;{}&#8221;][et_pb_fullwidth_header title=&#8221;Community Engagement&#8221; _builder_version=&#8221;4.27.4&#8243; _module_preset=&#8221;default&#8221; background_image=&#8221;https:\/\/www.wellspringacademy.org\/wp-content\/uploads\/2025\/06\/wsa-community-engagement-1.jpg&#8221; background_position=&#8221;top_center&#8221; width=&#8221;100%&#8221; custom_padding=&#8221;||||false|false&#8221; global_colors_info=&#8221;{}&#8221;][\/et_pb_fullwidth_header][\/et_pb_section][et_pb_section fb_built=&#8221;1&#8243; _builder_version=&#8221;4.27.4&#8243; _module_preset=&#8221;default&#8221; background_color=&#8221;rgba(204,224,245,0.53)&#8221; background_image=&#8221;https:\/\/www.wellspringacademy.org\/wp-content\/uploads\/2025\/03\/WSA-Sun-25.png&#8221; background_size=&#8221;custom&#8221; background_image_width=&#8221;67%&#8221; background_image_height=&#8221;0%&#8221; background_position=&#8221;top_right&#8221; background_horizontal_offset=&#8221;-100%&#8221; background_blend=&#8221;screen&#8221; global_colors_info=&#8221;{}&#8221;][et_pb_row column_structure=&#8221;1_2,1_2&#8243; _builder_version=&#8221;4.27.4&#8243; _module_preset=&#8221;default&#8221; global_colors_info=&#8221;{}&#8221;][et_pb_column type=&#8221;1_2&#8243; _builder_version=&#8221;4.27.4&#8243; _module_preset=&#8221;default&#8221; global_colors_info=&#8221;{}&#8221;][et_pb_text _builder_version=&#8221;4.27.4&#8243; _module_preset=&#8221;default&#8221; custom_margin=&#8221;2px||36px||false|&#8221; custom_margin_tablet=&#8221;0px||||false|false&#8221; custom_margin_phone=&#8221;0px||||false|false&#8221; custom_margin_last_edited=&#8221;on|desktop&#8221; global_colors_info=&#8221;{}&#8221;]<\/p>\n<h5 style=\"margin-bottom: 1rem;\"><strong>\u201c&#8230;agents of community transformation\u201d<\/strong><\/h5>\n<p>Our mission statement says, &#8220;<span style=\"font-weight: 400;\">The mission of Wellspring Academy is to educate and equip students to become highly skilled, godly leaders and <strong>agents of community transformation.<\/strong>&#8220;<\/span><\/p>\n<p>Our goal is to produce students <span style=\"font-weight: 400;\">with a high sense of social responsibility characterized by:<\/span><\/p>\n<p><span style=\"font-weight: 400;\"><\/span><\/p>\n<ul>\n<li style=\"font-weight: 400;\" aria-level=\"1\"><span style=\"font-weight: 400;\">Responsibility towards individual, school, public properties.<\/span><\/li>\n<li style=\"font-weight: 400;\" aria-level=\"1\"><span style=\"font-weight: 400;\">care and service in meeting each other\u2019s needs at the physical, spiritual and emotional levels.<\/span><\/li>\n<li style=\"font-weight: 400;\" aria-level=\"1\"><span style=\"font-weight: 400;\">Commitment to Biblical values of the family, community and nation.\u00a0<\/span><\/li>\n<\/ul>\n<p>[\/et_pb_text][\/et_pb_column][et_pb_column type=&#8221;1_2&#8243; _builder_version=&#8221;4.27.4&#8243; _module_preset=&#8221;default&#8221; global_colors_info=&#8221;{}&#8221;][et_pb_image src=&#8221;https:\/\/www.wellspringacademy.org\/wp-content\/uploads\/2025\/06\/wsa-community-engagement-4.jpg&#8221; title_text=&#8221;wsa-community-engagement-4&#8243; _builder_version=&#8221;4.27.4&#8243; _module_preset=&#8221;default&#8221; global_colors_info=&#8221;{}&#8221;][\/et_pb_image][\/et_pb_column][\/et_pb_row][\/et_pb_section][et_pb_section fb_built=&#8221;1&#8243; _builder_version=&#8221;4.27.4&#8243; _module_preset=&#8221;default&#8221; global_colors_info=&#8221;{}&#8221;][et_pb_row column_structure=&#8221;1_2,1_2&#8243; _builder_version=&#8221;4.27.4&#8243; _module_preset=&#8221;default&#8221; global_colors_info=&#8221;{}&#8221;][et_pb_column type=&#8221;1_2&#8243; _builder_version=&#8221;4.27.4&#8243; _module_preset=&#8221;default&#8221; global_colors_info=&#8221;{}&#8221;][et_pb_image src=&#8221;https:\/\/www.wellspringacademy.org\/wp-content\/uploads\/2025\/06\/wsa-community-engagement-3.jpg&#8221; title_text=&#8221;wsa-community-engagement-3&#8243; _builder_version=&#8221;4.27.4&#8243; _module_preset=&#8221;default&#8221; global_colors_info=&#8221;{}&#8221;][\/et_pb_image][\/et_pb_column][et_pb_column type=&#8221;1_2&#8243; _builder_version=&#8221;4.27.4&#8243; _module_preset=&#8221;default&#8221; global_colors_info=&#8221;{}&#8221;][et_pb_text _builder_version=&#8221;4.27.4&#8243; _module_preset=&#8221;default&#8221; hover_enabled=&#8221;0&#8243; global_colors_info=&#8221;{}&#8221; sticky_enabled=&#8221;0&#8243;]<\/p>\n<h3>Encouraging Participation with the Community<\/h3>\n<p>We encourage students to develop relationships with the wider community and be encouraged to respond to the community&#8217;s needs. For example:<\/p>\n<p><strong><\/strong><\/p>\n<h5><strong><\/strong><\/h5>\n<h4><strong>Early Child Development Outreach<\/strong><\/h4>\n<p>As was reported in Kigali Today, students from Wellspring Academy in Kigali have taken the initiative to support underprivileged children, particularly those born to teenage mothers, by donating their pocket money and earnings from small fundraising activities.<\/p>\n<p>Moved by the struggles of teenage parents and their children, the students researched and chose to assist the Early Childhood Development (ECD) Center in Ibuga Village, Kicukiro District. This center, supported by the organization Hope and Homes for Children, provides care and early education to 105 children, many of whom are from vulnerable backgrounds, including those with disabilities.<\/p>\n<p>[\/et_pb_text][\/et_pb_column][\/et_pb_row][et_pb_row column_structure=&#8221;3_5,2_5&#8243; _builder_version=&#8221;4.27.4&#8243; _module_preset=&#8221;default&#8221; global_colors_info=&#8221;{}&#8221;][et_pb_column type=&#8221;3_5&#8243; _builder_version=&#8221;4.27.4&#8243; _module_preset=&#8221;default&#8221; global_colors_info=&#8221;{}&#8221;][et_pb_text _builder_version=&#8221;4.27.4&#8243; _module_preset=&#8221;default&#8221; hover_enabled=&#8221;0&#8243; global_colors_info=&#8221;{}&#8221; sticky_enabled=&#8221;0&#8243;]<\/p>\n<p data-start=\"1014\" data-end=\"1300\" data-is-last-node=\"\" data-is-only-node=\"\">Led by Lys Marie Umuratwa, the students raised funds by selling cakes and donated essential supplies such as 80 kg of sugar, 100 kg of sorghum flour, clothes, and shoes. The initiative is grounded in a spirit of service inspired by Christian teachings, particularly Matthew 20:28 &#8211; &#8220;<span>just as the Son of Man<\/span><span>\u00a0did not come to be served, but to serve,<\/span><span>\u00a0and to give his life as a ransom<\/span><span>\u00a0for many.&#8221;<\/span>\u00a0The students pledge to continue their efforts and urge other youth from well-off families to join the cause.<\/p>\n<p data-start=\"1014\" data-end=\"1300\" data-is-last-node=\"\" data-is-only-node=\"\">Meanwhile, local authorities and advocates emphasize the ongoing needs of teenage mothers and children, pointing to a lack of resources and international aid. They stress the importance of partnerships and community support, highlighting the example set by Wellspring Academy students.<\/p>\n<p>[\/et_pb_text][et_pb_button button_url=&#8221;https:\/\/www.kigalitoday.com\/amakuru\/amakuru-mu-rwanda\/article\/abanyeshuri-ba-well-spring-academy-bafashije-abangavu-babyaye-imburagihe&#8221; url_new_window=&#8221;on&#8221; button_text=&#8221;Read full article&#8221; _builder_version=&#8221;4.27.4&#8243; _module_preset=&#8221;390b779c-ae49-4abe-9c35-852e1fdebb8d&#8221; button_use_icon=&#8221;on&#8221; button_icon=&#8221;&#xf35d;||fa||900&#8243; button_on_hover=&#8221;off&#8221; global_colors_info=&#8221;{}&#8221;][\/et_pb_button][\/et_pb_column][et_pb_column type=&#8221;2_5&#8243; _builder_version=&#8221;4.27.4&#8243; _module_preset=&#8221;default&#8221; global_colors_info=&#8221;{}&#8221;][et_pb_image src=&#8221;https:\/\/www.wellspringacademy.org\/wp-content\/uploads\/2025\/06\/wsa-community-engagement-2.jpg&#8221; title_text=&#8221;wsa-community-engagement-2&#8243; _builder_version=&#8221;4.27.4&#8243; _module_preset=&#8221;default&#8221; global_colors_info=&#8221;{}&#8221;][\/et_pb_image][\/et_pb_column][\/et_pb_row][\/et_pb_section][et_pb_section fb_built=&#8221;1&#8243; _builder_version=&#8221;4.27.4&#8243; _module_preset=&#8221;default&#8221; background_color=&#8221;#2573C1&#8243; custom_padding=&#8221;||19px|||&#8221; global_colors_info=&#8221;{}&#8221;][\/et_pb_section][et_pb_section fb_built=&#8221;1&#8243; _builder_version=&#8221;4.27.4&#8243; _module_preset=&#8221;default&#8221; background_color=&#8221;#2573C1&#8243; custom_padding=&#8221;||19px|||&#8221; global_colors_info=&#8221;{}&#8221;][et_pb_row _builder_version=&#8221;4.27.4&#8243; _module_preset=&#8221;default&#8221; custom_padding=&#8221;||4px|||&#8221; global_colors_info=&#8221;{}&#8221;][et_pb_column type=&#8221;4_4&#8243; _builder_version=&#8221;4.27.4&#8243; _module_preset=&#8221;default&#8221; global_colors_info=&#8221;{}&#8221;][et_pb_text _builder_version=&#8221;4.27.4&#8243; _module_preset=&#8221;default&#8221; background_layout=&#8221;dark&#8221; global_colors_info=&#8221;{}&#8221;]<\/p>\n<h3 style=\"text-align: center;\">Why choose Wellspring Academy?<\/h3>\n<p>[\/et_pb_text][\/et_pb_column][\/et_pb_row][et_pb_row column_structure=&#8221;1_3,1_3,1_3&#8243; _builder_version=&#8221;4.27.4&#8243; _module_preset=&#8221;default&#8221; width=&#8221;50%&#8221; width_tablet=&#8221;50%&#8221; width_phone=&#8221;50%&#8221; width_last_edited=&#8221;on|desktop&#8221; custom_padding=&#8221;||7px|||&#8221; global_colors_info=&#8221;{}&#8221;][et_pb_column type=&#8221;1_3&#8243; _builder_version=&#8221;4.27.4&#8243; _module_preset=&#8221;default&#8221; global_colors_info=&#8221;{}&#8221;][et_pb_blurb title=&#8221;Faith-Based Education&#8221; use_icon=&#8221;on&#8221; font_icon=&#8221;&#xf647;||fa||900&#8243; _builder_version=&#8221;4.27.4&#8243; _module_preset=&#8221;241fbddf-6ce5-4dbd-be26-c202dcc05918&#8243; background_layout=&#8221;dark&#8221; link_option_url=&#8221;\/about\/testimonials\/#faith&#8221; global_colors_info=&#8221;{}&#8221;][\/et_pb_blurb][et_pb_blurb title=&#8221;Community Engagement&#8221; use_icon=&#8221;on&#8221; font_icon=&#8221;&#xf2a7;||fa||900&#8243; _builder_version=&#8221;4.27.4&#8243; _module_preset=&#8221;241fbddf-6ce5-4dbd-be26-c202dcc05918&#8243; background_layout=&#8221;dark&#8221; link_option_url=&#8221;\/about\/testimonials\/#community&#8221; global_colors_info=&#8221;{}&#8221;][\/et_pb_blurb][\/et_pb_column][et_pb_column type=&#8221;1_3&#8243; _builder_version=&#8221;4.27.4&#8243; _module_preset=&#8221;default&#8221; global_colors_info=&#8221;{}&#8221;][et_pb_blurb title=&#8221;Dedicated Cambridge Teachers&#8221; use_icon=&#8221;on&#8221; font_icon=&#8221;&#xf0c0;||fa||900&#8243; _builder_version=&#8221;4.27.4&#8243; _module_preset=&#8221;241fbddf-6ce5-4dbd-be26-c202dcc05918&#8243; background_layout=&#8221;dark&#8221; link_option_url=&#8221;\/about\/testimonials\/#teachers&#8221; global_colors_info=&#8221;{}&#8221;][\/et_pb_blurb][et_pb_blurb title=&#8221;Safe &#038; Inclusive Environment&#8221; use_icon=&#8221;on&#8221; font_icon=&#8221;&#xf505;||fa||900&#8243; _builder_version=&#8221;4.27.4&#8243; _module_preset=&#8221;241fbddf-6ce5-4dbd-be26-c202dcc05918&#8243; background_layout=&#8221;dark&#8221; link_option_url=&#8221;\/about\/testimonials\/#safe&#8221; global_colors_info=&#8221;{}&#8221;][\/et_pb_blurb][\/et_pb_column][et_pb_column type=&#8221;1_3&#8243; _builder_version=&#8221;4.27.4&#8243; _module_preset=&#8221;default&#8221; global_colors_info=&#8221;{}&#8221;][et_pb_blurb title=&#8221;Strong Academic Results&#8221; use_icon=&#8221;on&#8221; font_icon=&#8221;&#xe033;||divi||400&#8243; _builder_version=&#8221;4.27.4&#8243; _module_preset=&#8221;241fbddf-6ce5-4dbd-be26-c202dcc05918&#8243; background_layout=&#8221;dark&#8221; link_option_url=&#8221;\/about\/testimonials\/#academics&#8221; global_colors_info=&#8221;{}&#8221;][\/et_pb_blurb][et_pb_blurb title=&#8221;Extra-Curricular Activities&#8221; use_icon=&#8221;on&#8221; font_icon=&#8221;&#xf434;||fa||900&#8243; _builder_version=&#8221;4.27.4&#8243; _module_preset=&#8221;241fbddf-6ce5-4dbd-be26-c202dcc05918&#8243; background_layout=&#8221;dark&#8221; link_option_url=&#8221;\/about\/testimonials\/#activities&#8221; global_colors_info=&#8221;{}&#8221;][\/et_pb_blurb][\/et_pb_column][\/et_pb_row][et_pb_row _builder_version=&#8221;4.27.4&#8243; _module_preset=&#8221;default&#8221; global_colors_info=&#8221;{}&#8221;][et_pb_column type=&#8221;4_4&#8243; _builder_version=&#8221;4.27.4&#8243; _module_preset=&#8221;default&#8221; global_colors_info=&#8221;{}&#8221;][wpt_et_pb_testimonials_carousel fetch_from_assigned_posts=&#8221;off&#8221; filter_by_categories=&#8221;on&#8221; categories=&#8221;40&#8243; rating=&#8221;4&#8243; display=&#8221;6&#8243; show_avatar=&#8221;off&#8221; effect=&#8221;coverflow&#8221; centered_slides=&#8221;on&#8221; coverflow_rotate=&#8221;30&#8243; autoplay=&#8221;on&#8221; autoplay_speed=&#8221;6000&#8243; show_arrow=&#8221;off&#8221; _builder_version=&#8221;4.27.4&#8243; _module_preset=&#8221;default&#8221; global_colors_info=&#8221;{}&#8221;][\/wpt_et_pb_testimonials_carousel][\/et_pb_column][\/et_pb_row][\/et_pb_section]<\/p>\n","protected":false},"excerpt":{"rendered":"<p>\u201c&#8230;agents of community transformation\u201d Our mission statement says, &#8220;The mission of Wellspring Academy is to educate and equip students to become highly skilled, godly leaders and agents of community transformation.&#8221; [&hellip;]<\/p>\n","protected":false},"author":1,"featured_media":0,"parent":35,"menu_order":0,"comment_status":"closed","ping_status":"closed","template":"","meta":{"_et_pb_use_builder":"on","_et_pb_old_content":"<!-- wp:divi\/placeholder \/-->","_et_gb_content_width":"","_glsr_average":0,"_glsr_ranking":0,"_glsr_reviews":0,"footnotes":""},"folder":[],"class_list":["post-234110","page","type-page","status-publish","hentry"],"yoast_head":"<!-- This site is optimized with the Yoast SEO plugin v27.4 - https:\/\/yoast.com\/product\/yoast-seo-wordpress\/ -->\n<title>Community Engagement - Wellspring Academy Kigali Rwanda<\/title>\n<meta name=\"robots\" content=\"index, follow, max-snippet:-1, max-image-preview:large, max-video-preview:-1\" \/>\n<link rel=\"canonical\" href=\"https:\/\/www.wellspringacademy.org\/fr\/school-life\/community-engagement\/\" \/>\n<meta property=\"og:locale\" content=\"fr_FR\" \/>\n<meta property=\"og:type\" content=\"article\" \/>\n<meta property=\"og:title\" content=\"Community Engagement - Wellspring Academy Kigali Rwanda\" \/>\n<meta property=\"og:description\" content=\"\u201c...agents of community transformation\u201d Our mission statement says, &quot;The mission of Wellspring Academy is to educate and equip students to become highly skilled, godly leaders and agents of community transformation.&quot; [&hellip;]\" \/>\n<meta property=\"og:url\" content=\"https:\/\/www.wellspringacademy.org\/fr\/school-life\/community-engagement\/\" \/>\n<meta property=\"og:site_name\" content=\"Wellspring Academy Kigali Rwanda\" \/>\n<meta property=\"article:modified_time\" content=\"2025-06-09T07:45:47+00:00\" \/>\n<meta name=\"twitter:card\" content=\"summary_large_image\" \/>\n<meta name=\"twitter:label1\" content=\"Dur\u00e9e de lecture estim\u00e9e\" \/>\n\t<meta name=\"twitter:data1\" content=\"6 minutes\" \/>\n<script type=\"application\/ld+json\" class=\"yoast-schema-graph\">{\"@context\":\"https:\\\/\\\/schema.org\",\"@graph\":[{\"@type\":\"WebPage\",\"@id\":\"https:\\\/\\\/www.wellspringacademy.org\\\/school-life\\\/community-engagement\\\/\",\"url\":\"https:\\\/\\\/www.wellspringacademy.org\\\/school-life\\\/community-engagement\\\/\",\"name\":\"Community Engagement - Wellspring Academy Kigali Rwanda\",\"isPartOf\":{\"@id\":\"https:\\\/\\\/www.wellspringacademy.org\\\/#website\"},\"datePublished\":\"2025-03-24T12:08:00+00:00\",\"dateModified\":\"2025-06-09T07:45:47+00:00\",\"breadcrumb\":{\"@id\":\"https:\\\/\\\/www.wellspringacademy.org\\\/school-life\\\/community-engagement\\\/#breadcrumb\"},\"inLanguage\":\"fr-FR\",\"potentialAction\":[{\"@type\":\"ReadAction\",\"target\":[\"https:\\\/\\\/www.wellspringacademy.org\\\/school-life\\\/community-engagement\\\/\"]}]},{\"@type\":\"BreadcrumbList\",\"@id\":\"https:\\\/\\\/www.wellspringacademy.org\\\/school-life\\\/community-engagement\\\/#breadcrumb\",\"itemListElement\":[{\"@type\":\"ListItem\",\"position\":1,\"name\":\"Home\",\"item\":\"https:\\\/\\\/www.wellspringacademy.org\\\/\"},{\"@type\":\"ListItem\",\"position\":2,\"name\":\"School Life\",\"item\":\"https:\\\/\\\/www.wellspringacademy.org\\\/school-life\\\/\"},{\"@type\":\"ListItem\",\"position\":3,\"name\":\"Community Engagement\"}]},{\"@type\":\"WebSite\",\"@id\":\"https:\\\/\\\/www.wellspringacademy.org\\\/#website\",\"url\":\"https:\\\/\\\/www.wellspringacademy.org\\\/\",\"name\":\"Wellspring Academy Kigali Rwanda\",\"description\":\"Where academics and faith shape future leaders\",\"potentialAction\":[{\"@type\":\"SearchAction\",\"target\":{\"@type\":\"EntryPoint\",\"urlTemplate\":\"https:\\\/\\\/www.wellspringacademy.org\\\/?s={search_term_string}\"},\"query-input\":{\"@type\":\"PropertyValueSpecification\",\"valueRequired\":true,\"valueName\":\"search_term_string\"}}],\"inLanguage\":\"fr-FR\"}]}<\/script>\n<!-- \/ Yoast SEO plugin. -->","yoast_head_json":{"title":"Engagement communautaire - Wellspring Academy Kigali Rwanda","robots":{"index":"index","follow":"follow","max-snippet":"max-snippet:-1","max-image-preview":"max-image-preview:large","max-video-preview":"max-video-preview:-1"},"canonical":"https:\/\/www.wellspringacademy.org\/fr\/school-life\/community-engagement\/","og_locale":"fr_FR","og_type":"article","og_title":"Community Engagement - Wellspring Academy Kigali Rwanda","og_description":"\u201c...agents of community transformation\u201d Our mission statement says, \"The mission of Wellspring Academy is to educate and equip students to become highly skilled, godly leaders and agents of community transformation.\" [&hellip;]","og_url":"https:\/\/www.wellspringacademy.org\/fr\/school-life\/community-engagement\/","og_site_name":"Wellspring Academy Kigali Rwanda","article_modified_time":"2025-06-09T07:45:47+00:00","twitter_card":"summary_large_image","twitter_misc":{"Dur\u00e9e de lecture estim\u00e9e":"6 minutes"},"schema":{"@context":"https:\/\/schema.org","@graph":[{"@type":"WebPage","@id":"https:\/\/www.wellspringacademy.org\/school-life\/community-engagement\/","url":"https:\/\/www.wellspringacademy.org\/school-life\/community-engagement\/","name":"Engagement communautaire - Wellspring Academy Kigali Rwanda","isPartOf":{"@id":"https:\/\/www.wellspringacademy.org\/#website"},"datePublished":"2025-03-24T12:08:00+00:00","dateModified":"2025-06-09T07:45:47+00:00","breadcrumb":{"@id":"https:\/\/www.wellspringacademy.org\/school-life\/community-engagement\/#breadcrumb"},"inLanguage":"fr-FR","potentialAction":[{"@type":"ReadAction","target":["https:\/\/www.wellspringacademy.org\/school-life\/community-engagement\/"]}]},{"@type":"BreadcrumbList","@id":"https:\/\/www.wellspringacademy.org\/school-life\/community-engagement\/#breadcrumb","itemListElement":[{"@type":"ListItem","position":1,"name":"Home","item":"https:\/\/www.wellspringacademy.org\/"},{"@type":"ListItem","position":2,"name":"School Life","item":"https:\/\/www.wellspringacademy.org\/school-life\/"},{"@type":"ListItem","position":3,"name":"Community Engagement"}]},{"@type":"WebSite","@id":"https:\/\/www.wellspringacademy.org\/#website","url":"https:\/\/www.wellspringacademy.org\/","name":"Acad\u00e9mie Wellspring Kigali Rwanda","description":"O\u00f9 le savoir et la foi fa\u00e7onnent les futurs leaders","potentialAction":[{"@type":"SearchAction","target":{"@type":"EntryPoint","urlTemplate":"https:\/\/www.wellspringacademy.org\/?s={search_term_string}"},"query-input":{"@type":"PropertyValueSpecification","valueRequired":true,"valueName":"search_term_string"}}],"inLanguage":"fr-FR"}]}},"_links":{"self":[{"href":"https:\/\/www.wellspringacademy.org\/fr\/wp-json\/wp\/v2\/pages\/234110","targetHints":{"allow":["GET"]}}],"collection":[{"href":"https:\/\/www.wellspringacademy.org\/fr\/wp-json\/wp\/v2\/pages"}],"about":[{"href":"https:\/\/www.wellspringacademy.org\/fr\/wp-json\/wp\/v2\/types\/page"}],"author":[{"embeddable":true,"href":"https:\/\/www.wellspringacademy.org\/fr\/wp-json\/wp\/v2\/users\/1"}],"replies":[{"embeddable":true,"href":"https:\/\/www.wellspringacademy.org\/fr\/wp-json\/wp\/v2\/comments?post=234110"}],"version-history":[{"count":4,"href":"https:\/\/www.wellspringacademy.org\/fr\/wp-json\/wp\/v2\/pages\/234110\/revisions"}],"predecessor-version":[{"id":987519691,"href":"https:\/\/www.wellspringacademy.org\/fr\/wp-json\/wp\/v2\/pages\/234110\/revisions\/987519691"}],"up":[{"embeddable":true,"href":"https:\/\/www.wellspringacademy.org\/fr\/wp-json\/wp\/v2\/pages\/35"}],"wp:attachment":[{"href":"https:\/\/www.wellspringacademy.org\/fr\/wp-json\/wp\/v2\/media?parent=234110"}],"wp:term":[{"taxonomy":"folder","embeddable":true,"href":"https:\/\/www.wellspringacademy.org\/fr\/wp-json\/wp\/v2\/folder?post=234110"}],"curies":[{"name":"wp","href":"https:\/\/api.w.org\/{rel}","templated":true}]}}