{"id":234112,"date":"2025-03-24T14:08:46","date_gmt":"2025-03-24T12:08:46","guid":{"rendered":"https:\/\/wsa.paulwebdesign.rw\/?page_id=234112"},"modified":"2025-06-13T09:09:24","modified_gmt":"2025-06-13T07:09:24","slug":"school-facilities","status":"publish","type":"page","link":"https:\/\/www.wellspringacademy.org\/fr\/school-life\/school-facilities\/","title":{"rendered":"Installations scolaires"},"content":{"rendered":"<p>[et_pb_section fb_built=&#8221;1&#8243; admin_label=&#8221;section&#8221; _builder_version=&#8221;4.27.4&#8243; _module_preset=&#8221;4e153e00-2be5-453d-870f-672342c3d2b4&#8243; custom_padding=&#8221;0em||0em||true|false&#8221; global_colors_info=&#8221;{}&#8221;][et_pb_row admin_label=&#8221;row&#8221; _builder_version=&#8221;4.27.4&#8243; _module_preset=&#8221;50c2d455-59de-4799-8410-cda67b1c5511&#8243; use_background_color_gradient=&#8221;on&#8221; background_color_gradient_stops=&#8221;rgba(16,85,137,0.24) 0%|rgba(16,85,137,0.08) 6%|rgba(16,85,137,0) 100%&#8221; background_size=&#8221;initial&#8221; background_position=&#8221;top_left&#8221; background_repeat=&#8221;repeat&#8221; global_colors_info=&#8221;{}&#8221;][et_pb_column type=&#8221;4_4&#8243; _builder_version=&#8221;4.16&#8243; custom_padding=&#8221;|||&#8221; global_colors_info=&#8221;{}&#8221; custom_padding__hover=&#8221;|||&#8221;][et_pb_text _builder_version=&#8221;4.27.4&#8243; _module_preset=&#8221;default&#8221; header_text_align=&#8221;center&#8221; global_colors_info=&#8221;{}&#8221;]<\/p>\n<h1>School Facilities<\/h1>\n<p>[\/et_pb_text][\/et_pb_column][\/et_pb_row][\/et_pb_section][et_pb_section fb_built=&#8221;1&#8243; _builder_version=&#8221;4.27.4&#8243; _module_preset=&#8221;default&#8221; global_colors_info=&#8221;{}&#8221;][et_pb_row column_structure=&#8221;1_3,1_3,1_3&#8243; _builder_version=&#8221;4.27.4&#8243; _module_preset=&#8221;default&#8221; global_colors_info=&#8221;{}&#8221;][et_pb_column type=&#8221;1_3&#8243; _builder_version=&#8221;4.27.4&#8243; _module_preset=&#8221;default&#8221; global_colors_info=&#8221;{}&#8221;][et_pb_blurb title=&#8221;Science Labs&#8221; image=&#8221;https:\/\/www.wellspringacademy.org\/wp-content\/uploads\/2025\/06\/8H2C5519.jpg&#8221; _builder_version=&#8221;4.27.4&#8243; _module_preset=&#8221;default&#8221; custom_padding=&#8221;||17px|||&#8221; box_shadow_style=&#8221;preset3&#8243; box_shadow_spread=&#8221;-21px&#8221; box_shadow_color=&#8221;#105589&#8243; box_shadow_style_image=&#8221;preset4&#8243; box_shadow_horizontal_image=&#8221;-10px&#8221; box_shadow_color_image=&#8221;#105589&#8243; global_colors_info=&#8221;{}&#8221;]<\/p>\n<p><span>Wellspring Academy is blessed to have three modern well-equipped science labs for different subject areas. Our Physics lab, Chemistry lab and Biology lab allow students to complete the\u00a0 practical sections of their Cambridge curriculum.<\/span><\/p>\n<p>[\/et_pb_blurb][\/et_pb_column][et_pb_column type=&#8221;1_3&#8243; _builder_version=&#8221;4.27.4&#8243; _module_preset=&#8221;default&#8221; global_colors_info=&#8221;{}&#8221;][et_pb_blurb title=&#8221;Computer Lab&#8221; image=&#8221;https:\/\/www.wellspringacademy.org\/wp-content\/uploads\/2025\/03\/Computer-Lab-2-1024&#215;658-1.jpg&#8221; _builder_version=&#8221;4.27.4&#8243; _module_preset=&#8221;default&#8221; custom_padding=&#8221;||17px|||&#8221; box_shadow_style=&#8221;preset3&#8243; box_shadow_spread=&#8221;-21px&#8221; box_shadow_color=&#8221;#105589&#8243; box_shadow_style_image=&#8221;preset4&#8243; box_shadow_horizontal_image=&#8221;-10px&#8221; box_shadow_color_image=&#8221;#105589&#8243; global_colors_info=&#8221;{}&#8221;]<\/p>\n<p><span>Knowledge of technology and the ability to use a computer has become a necessity in recent years. Our secondary section computer lab offers students the opportunity to learn ICT skills essential to the work place they will enter in a short time.<\/span><\/p>\n<p>[\/et_pb_blurb][\/et_pb_column][et_pb_column type=&#8221;1_3&#8243; _builder_version=&#8221;4.27.4&#8243; _module_preset=&#8221;default&#8221; global_colors_info=&#8221;{}&#8221;][et_pb_blurb title=&#8221;Library&#8221; image=&#8221;https:\/\/www.wellspringacademy.org\/wp-content\/uploads\/2025\/06\/8H2C5325.jpg&#8221; _builder_version=&#8221;4.27.4&#8243; _module_preset=&#8221;default&#8221; custom_padding=&#8221;||17px|||&#8221; box_shadow_style=&#8221;preset3&#8243; box_shadow_spread=&#8221;-21px&#8221; box_shadow_color=&#8221;#105589&#8243; box_shadow_style_image=&#8221;preset4&#8243; box_shadow_horizontal_image=&#8221;-10px&#8221; box_shadow_color_image=&#8221;#105589&#8243; global_colors_info=&#8221;{}&#8221;]<\/p>\n<p><span>Wellspring Academy is blessed to have a library for our students to use as part of their regularly scheduled day. Our students are encouraged to read for pleasure and study for their classes in the library. Students are also able to do research in the library.<\/span><\/p>\n<p>[\/et_pb_blurb][\/et_pb_column][\/et_pb_row][et_pb_row column_structure=&#8221;1_3,1_3,1_3&#8243; _builder_version=&#8221;4.27.4&#8243; _module_preset=&#8221;default&#8221; global_colors_info=&#8221;{}&#8221;][et_pb_column type=&#8221;1_3&#8243; _builder_version=&#8221;4.27.4&#8243; _module_preset=&#8221;default&#8221; global_colors_info=&#8221;{}&#8221;][et_pb_blurb title=&#8221;Art Room&#8221; image=&#8221;https:\/\/www.wellspringacademy.org\/wp-content\/uploads\/2025\/03\/IMG_2740-min-624&#215;403-1.jpg&#8221; _builder_version=&#8221;4.27.4&#8243; _module_preset=&#8221;default&#8221; custom_padding=&#8221;||17px|||&#8221; box_shadow_style=&#8221;preset3&#8243; box_shadow_spread=&#8221;-21px&#8221; box_shadow_color=&#8221;#105589&#8243; box_shadow_style_image=&#8221;preset4&#8243; box_shadow_horizontal_image=&#8221;-10px&#8221; box_shadow_color_image=&#8221;#105589&#8243; global_colors_info=&#8221;{}&#8221;]<\/p>\n<p><span>Art allows students to express themselves and stretch their imagination. We value art as a subject and believe it is necessary to study art in addition to other topics. Our students practice their skills using a variety of mediums and techniques.<\/span><\/p>\n<p>[\/et_pb_blurb][\/et_pb_column][et_pb_column type=&#8221;1_3&#8243; _builder_version=&#8221;4.27.4&#8243; _module_preset=&#8221;default&#8221; global_colors_info=&#8221;{}&#8221;][et_pb_blurb title=&#8221;Music Room&#8221; image=&#8221;https:\/\/www.wellspringacademy.org\/wp-content\/uploads\/2025\/03\/IMG_3596-min-624&#215;403-1.jpg&#8221; _builder_version=&#8221;4.27.4&#8243; _module_preset=&#8221;default&#8221; custom_padding=&#8221;||17px|||&#8221; box_shadow_style=&#8221;preset3&#8243; box_shadow_spread=&#8221;-21px&#8221; box_shadow_color=&#8221;#105589&#8243; box_shadow_style_image=&#8221;preset4&#8243; box_shadow_horizontal_image=&#8221;-10px&#8221; box_shadow_color_image=&#8221;#105589&#8243; global_colors_info=&#8221;{}&#8221;]<\/p>\n<p><span>Music, like art, allows freedom of expression. At Wellspring Academy we have a room dedicated to the study of music. In addition to classic musical study and performance, we also have amaraba, our school\u2019s cultural troupe.<\/span><\/p>\n<p>[\/et_pb_blurb][\/et_pb_column][et_pb_column type=&#8221;1_3&#8243; _builder_version=&#8221;4.27.4&#8243; _module_preset=&#8221;default&#8221; global_colors_info=&#8221;{}&#8221;][et_pb_blurb title=&#8221;Sports Fields\/Courts&#8221; image=&#8221;https:\/\/www.wellspringacademy.org\/wp-content\/uploads\/2025\/06\/8H2C5643.jpg&#8221; _builder_version=&#8221;4.27.4&#8243; _module_preset=&#8221;default&#8221; custom_padding=&#8221;||17px|||&#8221; hover_enabled=&#8221;0&#8243; box_shadow_style=&#8221;preset3&#8243; box_shadow_spread=&#8221;-21px&#8221; box_shadow_color=&#8221;#105589&#8243; box_shadow_style_image=&#8221;preset4&#8243; box_shadow_horizontal_image=&#8221;-10px&#8221; box_shadow_color_image=&#8221;#105589&#8243; global_colors_info=&#8221;{}&#8221; title_text=&#8221;8H2C5643&#8243; sticky_enabled=&#8221;0&#8243;]<\/p>\n<p><span>Wellspring Academy is home to two basketball courts, a soccer field, and a volleyball court. Every term, we host games between our teams and other international schools\u2019 teams. Sports enrich our students lives by teaching teamwork.<\/span><\/p>\n<p>[\/et_pb_blurb][\/et_pb_column][\/et_pb_row][et_pb_row column_structure=&#8221;1_3,1_3,1_3&#8243; _builder_version=&#8221;4.27.4&#8243; _module_preset=&#8221;default&#8221; global_colors_info=&#8221;{}&#8221;][et_pb_column type=&#8221;1_3&#8243; _builder_version=&#8221;4.27.4&#8243; _module_preset=&#8221;default&#8221; global_colors_info=&#8221;{}&#8221;][et_pb_blurb title=&#8221;Primary Play Area&#8221; image=&#8221;https:\/\/www.wellspringacademy.org\/wp-content\/uploads\/2025\/03\/IMG_7379-min-624&#215;403-1.jpg&#8221; _builder_version=&#8221;4.27.4&#8243; _module_preset=&#8221;default&#8221; custom_padding=&#8221;||17px|||&#8221; box_shadow_style=&#8221;preset3&#8243; box_shadow_spread=&#8221;-21px&#8221; box_shadow_color=&#8221;#105589&#8243; box_shadow_style_image=&#8221;preset4&#8243; box_shadow_horizontal_image=&#8221;-10px&#8221; box_shadow_color_image=&#8221;#105589&#8243; global_colors_info=&#8221;{}&#8221;]<\/p>\n<p><span>The primary play area gives primary students the opportunity to take a break from their classwork and socialize with their friends. Socializing is an important part of development in young children.<\/span><\/p>\n<p>[\/et_pb_blurb][\/et_pb_column][et_pb_column type=&#8221;1_3&#8243; _builder_version=&#8221;4.27.4&#8243; _module_preset=&#8221;default&#8221; global_colors_info=&#8221;{}&#8221;][et_pb_blurb title=&#8221;Primary\/Secondary Sheds&#8221; image=&#8221;https:\/\/www.wellspringacademy.org\/wp-content\/uploads\/2025\/03\/IMG_4109-min-624&#215;403-1.jpg&#8221; _builder_version=&#8221;4.27.4&#8243; _module_preset=&#8221;default&#8221; custom_padding=&#8221;||17px|||&#8221; box_shadow_style=&#8221;preset3&#8243; box_shadow_spread=&#8221;-21px&#8221; box_shadow_color=&#8221;#105589&#8243; box_shadow_style_image=&#8221;preset4&#8243; box_shadow_horizontal_image=&#8221;-10px&#8221; box_shadow_color_image=&#8221;#105589&#8243; global_colors_info=&#8221;{}&#8221;]<\/p>\n<p><span>The secondary and primary sheds hold many meetings and events for our students, including devotion time on Mondays and Fridays. These areas also serve as safe pick up and drop off locations for our students.<\/span><\/p>\n<p>[\/et_pb_blurb][\/et_pb_column][et_pb_column type=&#8221;1_3&#8243; _builder_version=&#8221;4.27.4&#8243; _module_preset=&#8221;default&#8221; global_colors_info=&#8221;{}&#8221;][et_pb_blurb title=&#8221;Class Experiments&#8221; image=&#8221;https:\/\/www.wellspringacademy.org\/wp-content\/uploads\/2025\/03\/students-experiments-min-400&#215;250-1.jpg&#8221; _builder_version=&#8221;4.27.4&#8243; _module_preset=&#8221;default&#8221; custom_padding=&#8221;||17px|||&#8221; box_shadow_style=&#8221;preset3&#8243; box_shadow_spread=&#8221;-21px&#8221; box_shadow_color=&#8221;#105589&#8243; box_shadow_style_image=&#8221;preset4&#8243; box_shadow_horizontal_image=&#8221;-10px&#8221; box_shadow_color_image=&#8221;#105589&#8243; global_colors_info=&#8221;{}&#8221;]<\/p>\n<p>Wellspring Academy Students in their different classes and per Subject, they are given a chance to Experiment what they learn theoretically. They try new things.<\/p>\n<p>[\/et_pb_blurb][\/et_pb_column][\/et_pb_row][\/et_pb_section]<\/p>\n","protected":false},"excerpt":{"rendered":"<p>School FacilitiesWellspring Academy is blessed to have three modern well-equipped science labs for different subject areas. Our Physics lab, Chemistry lab and Biology lab allow students to complete the\u00a0 practical [&hellip;]<\/p>\n","protected":false},"author":1,"featured_media":0,"parent":35,"menu_order":0,"comment_status":"closed","ping_status":"closed","template":"","meta":{"_et_pb_use_builder":"on","_et_pb_old_content":"<!-- wp:divi\/placeholder \/-->","_et_gb_content_width":"","_glsr_average":0,"_glsr_ranking":0,"_glsr_reviews":0,"footnotes":""},"folder":[],"class_list":["post-234112","page","type-page","status-publish","hentry"],"yoast_head":"<!-- This site is optimized with the Yoast SEO plugin v27.4 - https:\/\/yoast.com\/product\/yoast-seo-wordpress\/ -->\n<title>School Facilities - Wellspring Academy Kigali Rwanda<\/title>\n<meta name=\"robots\" content=\"index, follow, max-snippet:-1, max-image-preview:large, max-video-preview:-1\" \/>\n<link rel=\"canonical\" href=\"https:\/\/www.wellspringacademy.org\/fr\/school-life\/school-facilities\/\" \/>\n<meta property=\"og:locale\" content=\"fr_FR\" \/>\n<meta property=\"og:type\" content=\"article\" \/>\n<meta property=\"og:title\" content=\"School Facilities - Wellspring Academy Kigali Rwanda\" \/>\n<meta property=\"og:description\" content=\"School FacilitiesWellspring Academy is blessed to have three modern well-equipped science labs for different subject areas. Our Physics lab, Chemistry lab and Biology lab allow students to complete the\u00a0 practical [&hellip;]\" \/>\n<meta property=\"og:url\" content=\"https:\/\/www.wellspringacademy.org\/fr\/school-life\/school-facilities\/\" \/>\n<meta property=\"og:site_name\" content=\"Wellspring Academy Kigali Rwanda\" \/>\n<meta property=\"article:modified_time\" content=\"2025-06-13T07:09:24+00:00\" \/>\n<meta name=\"twitter:card\" content=\"summary_large_image\" \/>\n<meta name=\"twitter:label1\" content=\"Dur\u00e9e de lecture estim\u00e9e\" \/>\n\t<meta name=\"twitter:data1\" content=\"6 minutes\" \/>\n<script type=\"application\/ld+json\" class=\"yoast-schema-graph\">{\"@context\":\"https:\\\/\\\/schema.org\",\"@graph\":[{\"@type\":\"WebPage\",\"@id\":\"https:\\\/\\\/www.wellspringacademy.org\\\/school-life\\\/school-facilities\\\/\",\"url\":\"https:\\\/\\\/www.wellspringacademy.org\\\/school-life\\\/school-facilities\\\/\",\"name\":\"School Facilities - Wellspring Academy Kigali Rwanda\",\"isPartOf\":{\"@id\":\"https:\\\/\\\/www.wellspringacademy.org\\\/#website\"},\"datePublished\":\"2025-03-24T12:08:46+00:00\",\"dateModified\":\"2025-06-13T07:09:24+00:00\",\"breadcrumb\":{\"@id\":\"https:\\\/\\\/www.wellspringacademy.org\\\/school-life\\\/school-facilities\\\/#breadcrumb\"},\"inLanguage\":\"fr-FR\",\"potentialAction\":[{\"@type\":\"ReadAction\",\"target\":[\"https:\\\/\\\/www.wellspringacademy.org\\\/school-life\\\/school-facilities\\\/\"]}]},{\"@type\":\"BreadcrumbList\",\"@id\":\"https:\\\/\\\/www.wellspringacademy.org\\\/school-life\\\/school-facilities\\\/#breadcrumb\",\"itemListElement\":[{\"@type\":\"ListItem\",\"position\":1,\"name\":\"Home\",\"item\":\"https:\\\/\\\/www.wellspringacademy.org\\\/\"},{\"@type\":\"ListItem\",\"position\":2,\"name\":\"School Life\",\"item\":\"https:\\\/\\\/www.wellspringacademy.org\\\/school-life\\\/\"},{\"@type\":\"ListItem\",\"position\":3,\"name\":\"School Facilities\"}]},{\"@type\":\"WebSite\",\"@id\":\"https:\\\/\\\/www.wellspringacademy.org\\\/#website\",\"url\":\"https:\\\/\\\/www.wellspringacademy.org\\\/\",\"name\":\"Wellspring Academy Kigali Rwanda\",\"description\":\"Where academics and faith shape future leaders\",\"potentialAction\":[{\"@type\":\"SearchAction\",\"target\":{\"@type\":\"EntryPoint\",\"urlTemplate\":\"https:\\\/\\\/www.wellspringacademy.org\\\/?s={search_term_string}\"},\"query-input\":{\"@type\":\"PropertyValueSpecification\",\"valueRequired\":true,\"valueName\":\"search_term_string\"}}],\"inLanguage\":\"fr-FR\"}]}<\/script>\n<!-- \/ Yoast SEO plugin. -->","yoast_head_json":{"title":"Installations scolaires - Wellspring Academy Kigali Rwanda","robots":{"index":"index","follow":"follow","max-snippet":"max-snippet:-1","max-image-preview":"max-image-preview:large","max-video-preview":"max-video-preview:-1"},"canonical":"https:\/\/www.wellspringacademy.org\/fr\/school-life\/school-facilities\/","og_locale":"fr_FR","og_type":"article","og_title":"School Facilities - Wellspring Academy Kigali Rwanda","og_description":"School FacilitiesWellspring Academy is blessed to have three modern well-equipped science labs for different subject areas. Our Physics lab, Chemistry lab and Biology lab allow students to complete the\u00a0 practical [&hellip;]","og_url":"https:\/\/www.wellspringacademy.org\/fr\/school-life\/school-facilities\/","og_site_name":"Wellspring Academy Kigali Rwanda","article_modified_time":"2025-06-13T07:09:24+00:00","twitter_card":"summary_large_image","twitter_misc":{"Dur\u00e9e de lecture estim\u00e9e":"6 minutes"},"schema":{"@context":"https:\/\/schema.org","@graph":[{"@type":"WebPage","@id":"https:\/\/www.wellspringacademy.org\/school-life\/school-facilities\/","url":"https:\/\/www.wellspringacademy.org\/school-life\/school-facilities\/","name":"Installations scolaires - Wellspring Academy Kigali Rwanda","isPartOf":{"@id":"https:\/\/www.wellspringacademy.org\/#website"},"datePublished":"2025-03-24T12:08:46+00:00","dateModified":"2025-06-13T07:09:24+00:00","breadcrumb":{"@id":"https:\/\/www.wellspringacademy.org\/school-life\/school-facilities\/#breadcrumb"},"inLanguage":"fr-FR","potentialAction":[{"@type":"ReadAction","target":["https:\/\/www.wellspringacademy.org\/school-life\/school-facilities\/"]}]},{"@type":"BreadcrumbList","@id":"https:\/\/www.wellspringacademy.org\/school-life\/school-facilities\/#breadcrumb","itemListElement":[{"@type":"ListItem","position":1,"name":"Home","item":"https:\/\/www.wellspringacademy.org\/"},{"@type":"ListItem","position":2,"name":"School Life","item":"https:\/\/www.wellspringacademy.org\/school-life\/"},{"@type":"ListItem","position":3,"name":"School Facilities"}]},{"@type":"WebSite","@id":"https:\/\/www.wellspringacademy.org\/#website","url":"https:\/\/www.wellspringacademy.org\/","name":"Acad\u00e9mie Wellspring Kigali Rwanda","description":"O\u00f9 le savoir et la foi fa\u00e7onnent les futurs leaders","potentialAction":[{"@type":"SearchAction","target":{"@type":"EntryPoint","urlTemplate":"https:\/\/www.wellspringacademy.org\/?s={search_term_string}"},"query-input":{"@type":"PropertyValueSpecification","valueRequired":true,"valueName":"search_term_string"}}],"inLanguage":"fr-FR"}]}},"_links":{"self":[{"href":"https:\/\/www.wellspringacademy.org\/fr\/wp-json\/wp\/v2\/pages\/234112","targetHints":{"allow":["GET"]}}],"collection":[{"href":"https:\/\/www.wellspringacademy.org\/fr\/wp-json\/wp\/v2\/pages"}],"about":[{"href":"https:\/\/www.wellspringacademy.org\/fr\/wp-json\/wp\/v2\/types\/page"}],"author":[{"embeddable":true,"href":"https:\/\/www.wellspringacademy.org\/fr\/wp-json\/wp\/v2\/users\/1"}],"replies":[{"embeddable":true,"href":"https:\/\/www.wellspringacademy.org\/fr\/wp-json\/wp\/v2\/comments?post=234112"}],"version-history":[{"count":13,"href":"https:\/\/www.wellspringacademy.org\/fr\/wp-json\/wp\/v2\/pages\/234112\/revisions"}],"predecessor-version":[{"id":987519805,"href":"https:\/\/www.wellspringacademy.org\/fr\/wp-json\/wp\/v2\/pages\/234112\/revisions\/987519805"}],"up":[{"embeddable":true,"href":"https:\/\/www.wellspringacademy.org\/fr\/wp-json\/wp\/v2\/pages\/35"}],"wp:attachment":[{"href":"https:\/\/www.wellspringacademy.org\/fr\/wp-json\/wp\/v2\/media?parent=234112"}],"wp:term":[{"taxonomy":"folder","embeddable":true,"href":"https:\/\/www.wellspringacademy.org\/fr\/wp-json\/wp\/v2\/folder?post=234112"}],"curies":[{"name":"wp","href":"https:\/\/api.w.org\/{rel}","templated":true}]}}