{"id":234617,"date":"2025-04-19T09:42:23","date_gmt":"2025-04-19T07:42:23","guid":{"rendered":"https:\/\/wsa.paulwebdesign.rw\/?page_id=234617"},"modified":"2025-09-12T23:26:01","modified_gmt":"2025-09-12T21:26:01","slug":"join-our-team","status":"publish","type":"page","link":"https:\/\/www.wellspringacademy.org\/fr\/join-us\/join-our-team\/","title":{"rendered":"Rejoignez notre \u00e9quipe"},"content":{"rendered":"<p>[et_pb_section fb_built=&#8221;1&#8243; fullwidth=&#8221;on&#8221; _builder_version=&#8221;4.27.4&#8243; _module_preset=&#8221;default&#8221; global_colors_info=&#8221;{}&#8221;][et_pb_fullwidth_header title=&#8221;Join Our Team&#8221; _builder_version=&#8221;4.27.4&#8243; _module_preset=&#8221;default&#8221; background_image=&#8221;https:\/\/www.wellspringacademy.org\/wp-content\/uploads\/2025\/09\/0D8A1169.jpg&#8221; width=&#8221;100%&#8221; custom_padding=&#8221;||||false|false&#8221; hover_enabled=&#8221;0&#8243; global_colors_info=&#8221;{}&#8221; sticky_enabled=&#8221;0&#8243;][\/et_pb_fullwidth_header][\/et_pb_section][et_pb_section fb_built=&#8221;1&#8243; _builder_version=&#8221;4.27.4&#8243; _module_preset=&#8221;default&#8221; background_color=&#8221;rgba(204,224,245,0.53)&#8221; background_image=&#8221;https:\/\/www.wellspringacademy.org\/wp-content\/uploads\/2025\/03\/WSA-Sun-25.png&#8221; background_size=&#8221;custom&#8221; background_image_width=&#8221;67%&#8221; background_image_height=&#8221;0%&#8221; background_position=&#8221;top_right&#8221; background_horizontal_offset=&#8221;-100%&#8221; background_blend=&#8221;screen&#8221; global_colors_info=&#8221;{}&#8221;][et_pb_row column_structure=&#8221;3_5,2_5&#8243; _builder_version=&#8221;4.27.4&#8243; _module_preset=&#8221;default&#8221; global_colors_info=&#8221;{}&#8221;][et_pb_column type=&#8221;3_5&#8243; _builder_version=&#8221;4.27.4&#8243; _module_preset=&#8221;default&#8221; global_colors_info=&#8221;{}&#8221;][et_pb_text _builder_version=&#8221;4.27.4&#8243; _module_preset=&#8221;default&#8221; global_colors_info=&#8221;{}&#8221;]<\/p>\n<h3><strong>Why Join Wellspring?<\/strong><\/h3>\n<p>At Wellspring Academy, we are a destination for curious minds, where academic excellence, Godly character, and servant leadership are nurtured through a Christ-centered curriculum. If you&#8217;re passionate about Christian education and seeking a community that uplifts and supports your calling, we warmly invite you to apply.<span><\/span><\/p>\n<h4><strong>Teaching at Wellspring<\/strong><\/h4>\n<p>Our teachers are not just subject experts, they are mentors, role models, and spiritual leaders committed to shaping lives for God\u2019s glory.<\/p>\n<p>&nbsp;<\/p>\n<h4><strong>Key Responsibilities<\/strong><\/h4>\n<ul>\n<li>Plan and deliver engaging, rigorous lessons aligned with the curriculum and a Biblical worldview<\/li>\n<li>Integrate Christian values into classroom instruction, culture, and relationships<\/li>\n<li>Assess, monitor, and support students\u2019 academic, spiritual, and social growth<\/li>\n<li>Create a safe, inclusive, and nurturing learning environment<\/li>\n<li>Collaborate actively with colleagues, school leadership, and parents<\/li>\n<li>Participate in ongoing professional development and spiritual formation<\/li>\n<li>Contribute to the continuous improvement of teaching, learning, and school culture<\/li>\n<li>Participate in school life from devotions and assemblies to extracurricular activities and service projects<\/li>\n<\/ul>\n<h4><strong>Qualifications &amp; Experience<\/strong><\/h4>\n<ul>\n<li>A growing, personal relationship with Jesus Christ and a calling to Christian education<\/li>\n<li>Bachelor&#8217;s degree in Education or a related field<\/li>\n<li>Strong communication, planning, and classroom management skills<\/li>\n<li>A heart for mentoring and discipling students<\/li>\n<li>Minimum of two years teaching experience<\/li>\n<li>Experience in a Christian or international (Cambridge) school setting is preferred<\/li>\n<li>Familiarity with student-centered learning and differentiated instruction<\/li>\n<li>Comfort working with diverse learners, including English Language Learners<\/li>\n<\/ul>\n<h4><strong>Professional Characteristics<\/strong><\/h4>\n<ul>\n<li>Teaches and leads from a Christ-centered worldview<\/li>\n<li>Operates with a growth mindset, reflective, adaptable, and eager to grow<\/li>\n<li>Builds strong, respectful relationships with students, colleagues, and families<\/li>\n<li>Demonstrates a love of learning and a passion for student development<\/li>\n<li>Communicates clearly, collaborates effectively, and thrives in a team environment<\/li>\n<li>Models professionalism, integrity, and servant leadership<\/li>\n<li>Shows cultural intelligence and sensitivity in a diverse school community<\/li>\n<\/ul>\n<p>[\/et_pb_text][et_pb_button button_url=&#8221;https:\/\/docs.google.com\/forms\/d\/e\/1FAIpQLScAXuL7DK0fctxekmq5OPv34Qd0i3QgzqYJbqXMbrLiwku5tg\/viewform?usp=dialog&#8221; url_new_window=&#8221;on&#8221; button_text=&#8221;Click Here to Apply or Express Interest&#8221; _builder_version=&#8221;4.27.4&#8243; _module_preset=&#8221;default&#8221; global_colors_info=&#8221;{}&#8221;][\/et_pb_button][\/et_pb_column][et_pb_column type=&#8221;2_5&#8243; _builder_version=&#8221;4.27.4&#8243; _module_preset=&#8221;default&#8221; global_colors_info=&#8221;{}&#8221;][et_pb_image src=&#8221;https:\/\/www.wellspringacademy.org\/wp-content\/uploads\/2025\/03\/KG-department-2023-Enhanced-SR.jpg&#8221; title_text=&#8221;KG-department-2023-Enhanced-SR&#8221; _builder_version=&#8221;4.27.4&#8243; _module_preset=&#8221;04cfea96-11ab-4712-b334-3f121b8762e3&#8243; global_colors_info=&#8221;{}&#8221;][\/et_pb_image][\/et_pb_column][\/et_pb_row][\/et_pb_section][et_pb_section fb_built=&#8221;1&#8243; _builder_version=&#8221;4.27.4&#8243; _module_preset=&#8221;default&#8221; background_color=&#8221;#2573C1&#8243; custom_padding=&#8221;||19px|||&#8221; global_colors_info=&#8221;{}&#8221;][et_pb_row _builder_version=&#8221;4.27.4&#8243; _module_preset=&#8221;default&#8221; custom_padding=&#8221;||4px|||&#8221; global_colors_info=&#8221;{}&#8221;][et_pb_column type=&#8221;4_4&#8243; _builder_version=&#8221;4.27.4&#8243; _module_preset=&#8221;default&#8221; global_colors_info=&#8221;{}&#8221;][et_pb_text _builder_version=&#8221;4.27.4&#8243; _module_preset=&#8221;default&#8221; background_layout=&#8221;dark&#8221; global_colors_info=&#8221;{}&#8221;]<\/p>\n<h3 style=\"text-align: center;\">Why choose Wellspring Academy?<\/h3>\n<p>[\/et_pb_text][\/et_pb_column][\/et_pb_row][et_pb_row column_structure=&#8221;1_3,1_3,1_3&#8243; _builder_version=&#8221;4.27.4&#8243; _module_preset=&#8221;default&#8221; width=&#8221;50%&#8221; width_tablet=&#8221;7%&#8221; width_phone=&#8221;90%&#8221; width_last_edited=&#8221;on|phone&#8221; custom_padding=&#8221;||7px|||&#8221; global_colors_info=&#8221;{}&#8221;][et_pb_column type=&#8221;1_3&#8243; _builder_version=&#8221;4.27.4&#8243; _module_preset=&#8221;default&#8221; global_colors_info=&#8221;{}&#8221;][et_pb_blurb title=&#8221;Faith-Based Education&#8221; use_icon=&#8221;on&#8221; font_icon=&#8221;&#xf647;||fa||900&#8243; _builder_version=&#8221;4.27.4&#8243; _module_preset=&#8221;241fbddf-6ce5-4dbd-be26-c202dcc05918&#8243; background_layout=&#8221;dark&#8221; link_option_url=&#8221;\/about\/testimonials\/#faith&#8221; global_colors_info=&#8221;{}&#8221;][\/et_pb_blurb][et_pb_blurb title=&#8221;Community Engagement&#8221; use_icon=&#8221;on&#8221; font_icon=&#8221;&#xf2a7;||fa||900&#8243; _builder_version=&#8221;4.27.4&#8243; _module_preset=&#8221;241fbddf-6ce5-4dbd-be26-c202dcc05918&#8243; background_layout=&#8221;dark&#8221; link_option_url=&#8221;\/about\/testimonials\/#community&#8221; global_colors_info=&#8221;{}&#8221;][\/et_pb_blurb][\/et_pb_column][et_pb_column type=&#8221;1_3&#8243; _builder_version=&#8221;4.27.4&#8243; _module_preset=&#8221;default&#8221; global_colors_info=&#8221;{}&#8221;][et_pb_blurb title=&#8221;Dedicated Cambridge Teachers&#8221; use_icon=&#8221;on&#8221; font_icon=&#8221;&#xf0c0;||fa||900&#8243; _builder_version=&#8221;4.27.4&#8243; _module_preset=&#8221;241fbddf-6ce5-4dbd-be26-c202dcc05918&#8243; background_layout=&#8221;dark&#8221; link_option_url=&#8221;\/about\/testimonials\/#teachers&#8221; global_colors_info=&#8221;{}&#8221;][\/et_pb_blurb][et_pb_blurb title=&#8221;Safe &#038; Inclusive Environment&#8221; use_icon=&#8221;on&#8221; font_icon=&#8221;&#xf505;||fa||900&#8243; _builder_version=&#8221;4.27.4&#8243; _module_preset=&#8221;241fbddf-6ce5-4dbd-be26-c202dcc05918&#8243; background_layout=&#8221;dark&#8221; link_option_url=&#8221;\/about\/testimonials\/#safe&#8221; global_colors_info=&#8221;{}&#8221;][\/et_pb_blurb][\/et_pb_column][et_pb_column type=&#8221;1_3&#8243; _builder_version=&#8221;4.27.4&#8243; _module_preset=&#8221;default&#8221; global_colors_info=&#8221;{}&#8221;][et_pb_blurb title=&#8221;Strong Academic Results&#8221; use_icon=&#8221;on&#8221; font_icon=&#8221;&#xe033;||divi||400&#8243; _builder_version=&#8221;4.27.4&#8243; _module_preset=&#8221;241fbddf-6ce5-4dbd-be26-c202dcc05918&#8243; background_layout=&#8221;dark&#8221; link_option_url=&#8221;\/about\/testimonials\/#academics&#8221; global_colors_info=&#8221;{}&#8221;][\/et_pb_blurb][et_pb_blurb title=&#8221;Extra-Curricular Activities&#8221; use_icon=&#8221;on&#8221; font_icon=&#8221;&#xf434;||fa||900&#8243; _builder_version=&#8221;4.27.4&#8243; _module_preset=&#8221;241fbddf-6ce5-4dbd-be26-c202dcc05918&#8243; background_layout=&#8221;dark&#8221; link_option_url=&#8221;\/about\/testimonials\/#activities&#8221; global_colors_info=&#8221;{}&#8221;][\/et_pb_blurb][\/et_pb_column][\/et_pb_row][et_pb_row _builder_version=&#8221;4.27.4&#8243; _module_preset=&#8221;default&#8221; global_colors_info=&#8221;{}&#8221;][et_pb_column type=&#8221;4_4&#8243; _builder_version=&#8221;4.27.4&#8243; _module_preset=&#8221;default&#8221; global_colors_info=&#8221;{}&#8221;][wpt_et_pb_testimonials_carousel fetch_from_assigned_posts=&#8221;off&#8221; filter_by_categories=&#8221;on&#8221; categories=&#8221;43&#8243; rating=&#8221;4&#8243; display=&#8221;6&#8243; show_avatar=&#8221;off&#8221; effect=&#8221;coverflow&#8221; centered_slides=&#8221;on&#8221; coverflow_rotate=&#8221;30&#8243; autoplay=&#8221;on&#8221; autoplay_speed=&#8221;6000&#8243; show_arrow=&#8221;off&#8221; slides_per_view_tablet=&#8221;2&#8243; slides_per_view_phone=&#8221;1&#8243; slides_per_view_last_edited=&#8221;on|phone&#8221; _builder_version=&#8221;4.27.4&#8243; _module_preset=&#8221;default&#8221; global_colors_info=&#8221;{}&#8221;][\/wpt_et_pb_testimonials_carousel][\/et_pb_column][\/et_pb_row][\/et_pb_section]<\/p>\n","protected":false},"excerpt":{"rendered":"<p>Why Join Wellspring? At Wellspring Academy, we are a destination for curious minds, where academic excellence, Godly character, and servant leadership are nurtured through a Christ-centered curriculum. If you&#8217;re passionate [&hellip;]<\/p>\n","protected":false},"author":1,"featured_media":0,"parent":37,"menu_order":0,"comment_status":"closed","ping_status":"closed","template":"","meta":{"_et_pb_use_builder":"on","_et_pb_old_content":"<!-- wp:divi\/placeholder \/-->","_et_gb_content_width":"","_glsr_average":0,"_glsr_ranking":0,"_glsr_reviews":0,"footnotes":""},"folder":[],"class_list":["post-234617","page","type-page","status-publish","hentry"],"yoast_head":"<!-- This site is optimized with the Yoast SEO plugin v27.4 - https:\/\/yoast.com\/product\/yoast-seo-wordpress\/ -->\n<title>Join our team - Wellspring Academy Kigali Rwanda<\/title>\n<meta name=\"robots\" content=\"index, follow, max-snippet:-1, max-image-preview:large, max-video-preview:-1\" \/>\n<link rel=\"canonical\" href=\"https:\/\/www.wellspringacademy.org\/fr\/join-us\/join-our-team\/\" \/>\n<meta property=\"og:locale\" content=\"fr_FR\" \/>\n<meta property=\"og:type\" content=\"article\" \/>\n<meta property=\"og:title\" content=\"Join our team - Wellspring Academy Kigali Rwanda\" \/>\n<meta property=\"og:description\" content=\"Why Join Wellspring? At Wellspring Academy, we are a destination for curious minds, where academic excellence, Godly character, and servant leadership are nurtured through a Christ-centered curriculum. If you&#039;re passionate [&hellip;]\" \/>\n<meta property=\"og:url\" content=\"https:\/\/www.wellspringacademy.org\/fr\/join-us\/join-our-team\/\" \/>\n<meta property=\"og:site_name\" content=\"Wellspring Academy Kigali Rwanda\" \/>\n<meta property=\"article:modified_time\" content=\"2025-09-12T21:26:01+00:00\" \/>\n<meta name=\"twitter:card\" content=\"summary_large_image\" \/>\n<meta name=\"twitter:label1\" content=\"Dur\u00e9e de lecture estim\u00e9e\" \/>\n\t<meta name=\"twitter:data1\" content=\"5 minutes\" \/>\n<script type=\"application\/ld+json\" class=\"yoast-schema-graph\">{\"@context\":\"https:\\\/\\\/schema.org\",\"@graph\":[{\"@type\":\"WebPage\",\"@id\":\"https:\\\/\\\/www.wellspringacademy.org\\\/join-us\\\/join-our-team\\\/\",\"url\":\"https:\\\/\\\/www.wellspringacademy.org\\\/join-us\\\/join-our-team\\\/\",\"name\":\"Join our team - Wellspring Academy Kigali Rwanda\",\"isPartOf\":{\"@id\":\"https:\\\/\\\/www.wellspringacademy.org\\\/#website\"},\"datePublished\":\"2025-04-19T07:42:23+00:00\",\"dateModified\":\"2025-09-12T21:26:01+00:00\",\"breadcrumb\":{\"@id\":\"https:\\\/\\\/www.wellspringacademy.org\\\/join-us\\\/join-our-team\\\/#breadcrumb\"},\"inLanguage\":\"fr-FR\",\"potentialAction\":[{\"@type\":\"ReadAction\",\"target\":[\"https:\\\/\\\/www.wellspringacademy.org\\\/join-us\\\/join-our-team\\\/\"]}]},{\"@type\":\"BreadcrumbList\",\"@id\":\"https:\\\/\\\/www.wellspringacademy.org\\\/join-us\\\/join-our-team\\\/#breadcrumb\",\"itemListElement\":[{\"@type\":\"ListItem\",\"position\":1,\"name\":\"Home\",\"item\":\"https:\\\/\\\/www.wellspringacademy.org\\\/\"},{\"@type\":\"ListItem\",\"position\":2,\"name\":\"Join Us\",\"item\":\"https:\\\/\\\/www.wellspringacademy.org\\\/join-us\\\/\"},{\"@type\":\"ListItem\",\"position\":3,\"name\":\"Join our team\"}]},{\"@type\":\"WebSite\",\"@id\":\"https:\\\/\\\/www.wellspringacademy.org\\\/#website\",\"url\":\"https:\\\/\\\/www.wellspringacademy.org\\\/\",\"name\":\"Wellspring Academy Kigali Rwanda\",\"description\":\"Where academics and faith shape future leaders\",\"potentialAction\":[{\"@type\":\"SearchAction\",\"target\":{\"@type\":\"EntryPoint\",\"urlTemplate\":\"https:\\\/\\\/www.wellspringacademy.org\\\/?s={search_term_string}\"},\"query-input\":{\"@type\":\"PropertyValueSpecification\",\"valueRequired\":true,\"valueName\":\"search_term_string\"}}],\"inLanguage\":\"fr-FR\"}]}<\/script>\n<!-- \/ Yoast SEO plugin. -->","yoast_head_json":{"title":"Rejoignez notre \u00e9quipe - Wellspring Academy Kigali Rwanda","robots":{"index":"index","follow":"follow","max-snippet":"max-snippet:-1","max-image-preview":"max-image-preview:large","max-video-preview":"max-video-preview:-1"},"canonical":"https:\/\/www.wellspringacademy.org\/fr\/join-us\/join-our-team\/","og_locale":"fr_FR","og_type":"article","og_title":"Join our team - Wellspring Academy Kigali Rwanda","og_description":"Why Join Wellspring? At Wellspring Academy, we are a destination for curious minds, where academic excellence, Godly character, and servant leadership are nurtured through a Christ-centered curriculum. If you're passionate [&hellip;]","og_url":"https:\/\/www.wellspringacademy.org\/fr\/join-us\/join-our-team\/","og_site_name":"Wellspring Academy Kigali Rwanda","article_modified_time":"2025-09-12T21:26:01+00:00","twitter_card":"summary_large_image","twitter_misc":{"Dur\u00e9e de lecture estim\u00e9e":"5 minutes"},"schema":{"@context":"https:\/\/schema.org","@graph":[{"@type":"WebPage","@id":"https:\/\/www.wellspringacademy.org\/join-us\/join-our-team\/","url":"https:\/\/www.wellspringacademy.org\/join-us\/join-our-team\/","name":"Rejoignez notre \u00e9quipe - Wellspring Academy Kigali Rwanda","isPartOf":{"@id":"https:\/\/www.wellspringacademy.org\/#website"},"datePublished":"2025-04-19T07:42:23+00:00","dateModified":"2025-09-12T21:26:01+00:00","breadcrumb":{"@id":"https:\/\/www.wellspringacademy.org\/join-us\/join-our-team\/#breadcrumb"},"inLanguage":"fr-FR","potentialAction":[{"@type":"ReadAction","target":["https:\/\/www.wellspringacademy.org\/join-us\/join-our-team\/"]}]},{"@type":"BreadcrumbList","@id":"https:\/\/www.wellspringacademy.org\/join-us\/join-our-team\/#breadcrumb","itemListElement":[{"@type":"ListItem","position":1,"name":"Home","item":"https:\/\/www.wellspringacademy.org\/"},{"@type":"ListItem","position":2,"name":"Join Us","item":"https:\/\/www.wellspringacademy.org\/join-us\/"},{"@type":"ListItem","position":3,"name":"Join our team"}]},{"@type":"WebSite","@id":"https:\/\/www.wellspringacademy.org\/#website","url":"https:\/\/www.wellspringacademy.org\/","name":"Acad\u00e9mie Wellspring Kigali Rwanda","description":"O\u00f9 le savoir et la foi fa\u00e7onnent les futurs leaders","potentialAction":[{"@type":"SearchAction","target":{"@type":"EntryPoint","urlTemplate":"https:\/\/www.wellspringacademy.org\/?s={search_term_string}"},"query-input":{"@type":"PropertyValueSpecification","valueRequired":true,"valueName":"search_term_string"}}],"inLanguage":"fr-FR"}]}},"_links":{"self":[{"href":"https:\/\/www.wellspringacademy.org\/fr\/wp-json\/wp\/v2\/pages\/234617","targetHints":{"allow":["GET"]}}],"collection":[{"href":"https:\/\/www.wellspringacademy.org\/fr\/wp-json\/wp\/v2\/pages"}],"about":[{"href":"https:\/\/www.wellspringacademy.org\/fr\/wp-json\/wp\/v2\/types\/page"}],"author":[{"embeddable":true,"href":"https:\/\/www.wellspringacademy.org\/fr\/wp-json\/wp\/v2\/users\/1"}],"replies":[{"embeddable":true,"href":"https:\/\/www.wellspringacademy.org\/fr\/wp-json\/wp\/v2\/comments?post=234617"}],"version-history":[{"count":5,"href":"https:\/\/www.wellspringacademy.org\/fr\/wp-json\/wp\/v2\/pages\/234617\/revisions"}],"predecessor-version":[{"id":987520047,"href":"https:\/\/www.wellspringacademy.org\/fr\/wp-json\/wp\/v2\/pages\/234617\/revisions\/987520047"}],"up":[{"embeddable":true,"href":"https:\/\/www.wellspringacademy.org\/fr\/wp-json\/wp\/v2\/pages\/37"}],"wp:attachment":[{"href":"https:\/\/www.wellspringacademy.org\/fr\/wp-json\/wp\/v2\/media?parent=234617"}],"wp:term":[{"taxonomy":"folder","embeddable":true,"href":"https:\/\/www.wellspringacademy.org\/fr\/wp-json\/wp\/v2\/folder?post=234617"}],"curies":[{"name":"wp","href":"https:\/\/api.w.org\/{rel}","templated":true}]}}