{"id":28,"date":"2025-03-17T12:43:17","date_gmt":"2025-03-17T12:43:17","guid":{"rendered":"http:\/\/wsa.local\/?page_id=28"},"modified":"2025-06-10T15:34:26","modified_gmt":"2025-06-10T13:34:26","slug":"about","status":"publish","type":"page","link":"https:\/\/www.wellspringacademy.org\/fr\/about\/","title":{"rendered":"\u00c0 propos"},"content":{"rendered":"<p>[et_pb_section fb_built=&#8221;1&#8243; admin_label=&#8221;section&#8221; _builder_version=&#8221;4.27.4&#8243; _module_preset=&#8221;4e153e00-2be5-453d-870f-672342c3d2b4&#8243; custom_padding=&#8221;0em||0em||true|false&#8221; global_colors_info=&#8221;{}&#8221;][et_pb_row admin_label=&#8221;row&#8221; _builder_version=&#8221;4.27.4&#8243; _module_preset=&#8221;50c2d455-59de-4799-8410-cda67b1c5511&#8243; use_background_color_gradient=&#8221;on&#8221; background_color_gradient_stops=&#8221;rgba(16,85,137,0.24) 0%|rgba(16,85,137,0.08) 6%|rgba(16,85,137,0) 100%&#8221; background_size=&#8221;initial&#8221; background_position=&#8221;top_left&#8221; background_repeat=&#8221;repeat&#8221; global_colors_info=&#8221;{}&#8221;][et_pb_column type=&#8221;4_4&#8243; _builder_version=&#8221;4.16&#8243; custom_padding=&#8221;|||&#8221; global_colors_info=&#8221;{}&#8221; custom_padding__hover=&#8221;|||&#8221;][et_pb_text admin_label=&#8221;Text&#8221; _builder_version=&#8221;4.27.4&#8243; background_size=&#8221;initial&#8221; background_position=&#8221;top_left&#8221; background_repeat=&#8221;repeat&#8221; header_text_shadow_style=&#8221;preset5&#8243; header_text_shadow_horizontal_length=&#8221;1.4px&#8221; header_text_shadow_vertical_length=&#8221;1.2px&#8221; header_text_shadow_color=&#8221;rgba(204,224,245,0.83)&#8221; global_colors_info=&#8221;{}&#8221;]<\/p>\n<h1 style=\"text-align: center;\">About Us<\/h1>\n<p>[\/et_pb_text][\/et_pb_column][\/et_pb_row][\/et_pb_section][et_pb_section fb_built=&#8221;1&#8243; _builder_version=&#8221;4.27.4&#8243; _module_preset=&#8221;default&#8221; custom_padding=&#8221;24px||38px|||&#8221; global_colors_info=&#8221;{}&#8221;][et_pb_row _builder_version=&#8221;4.27.4&#8243; _module_preset=&#8221;default&#8221; custom_padding=&#8221;||5px|||&#8221; global_colors_info=&#8221;{}&#8221;][et_pb_column type=&#8221;4_4&#8243; _builder_version=&#8221;4.27.4&#8243; _module_preset=&#8221;default&#8221; global_colors_info=&#8221;{}&#8221;][et_pb_text _builder_version=&#8221;4.27.4&#8243; _module_preset=&#8221;default&#8221; text_font_size=&#8221;17px&#8221; header_3_text_align=&#8221;center&#8221; global_colors_info=&#8221;{}&#8221;]<\/p>\n<p>Wellspring Academy is more than a school \u2014 it\u2019s a Christ-centered community committed to raising servant-leaders for Rwanda and the world. Explore our story, mission, leadership, and what families say about the Wellspring difference.<\/p>\n<p>[\/et_pb_text][\/et_pb_column][\/et_pb_row][et_pb_row column_structure=&#8221;1_4,3_4&#8243; _builder_version=&#8221;4.27.4&#8243; _module_preset=&#8221;default&#8221; custom_padding=&#8221;||5px|||&#8221; global_colors_info=&#8221;{}&#8221;][et_pb_column type=&#8221;1_4&#8243; _builder_version=&#8221;4.27.4&#8243; _module_preset=&#8221;default&#8221; global_colors_info=&#8221;{}&#8221;][et_pb_image src=&#8221;https:\/\/www.wellspringacademy.org\/wp-content\/uploads\/2025\/03\/USHU-and-Lentz-safari-JanFeb-07-078-1-600&#215;600-1.jpg&#8221; title_text=&#8221;USHU-and-Lentz-safari-JanFeb-07-078-1-600&#215;600&#8243; _builder_version=&#8221;4.27.4&#8243; _module_preset=&#8221;default&#8221; global_colors_info=&#8221;{}&#8221;][\/et_pb_image][\/et_pb_column][et_pb_column type=&#8221;3_4&#8243; _builder_version=&#8221;4.27.4&#8243; _module_preset=&#8221;default&#8221; global_colors_info=&#8221;{}&#8221;][et_pb_text _builder_version=&#8221;4.27.4&#8243; _module_preset=&#8221;default&#8221; text_font_size=&#8221;17px&#8221; header_3_text_align=&#8221;center&#8221; custom_margin=&#8221;||3px|||&#8221; global_colors_info=&#8221;{}&#8221;]<\/p>\n<h3>\u00a0Our Story<\/h3>\n<p>Founded in 2007 by Christian Life Assembly, Wellspring Academy was established to provide high-quality, Christ-centered education that nurtures academic excellence and character. Over the years, we have grown into a thriving Cambridge International school, known for our holistic approach to learning and strong community values.<\/p>\n<p>[\/et_pb_text][et_pb_button button_url=&#8221;\/about\/our-story\/&#8221; button_text=&#8221;Read more&#8221; button_alignment=&#8221;right&#8221; _builder_version=&#8221;4.27.4&#8243; _module_preset=&#8221;390b779c-ae49-4abe-9c35-852e1fdebb8d&#8221; global_colors_info=&#8221;{}&#8221;][\/et_pb_button][\/et_pb_column][\/et_pb_row][et_pb_row column_structure=&#8221;1_4,3_4&#8243; _builder_version=&#8221;4.27.4&#8243; _module_preset=&#8221;default&#8221; background_color=&#8221;rgba(204,224,245,0.18)&#8221; custom_padding=&#8221;||5px|||&#8221; global_colors_info=&#8221;{}&#8221;][et_pb_column type=&#8221;1_4&#8243; _builder_version=&#8221;4.27.4&#8243; _module_preset=&#8221;default&#8221; global_colors_info=&#8221;{}&#8221;][et_pb_image src=&#8221;https:\/\/www.wellspringacademy.org\/wp-content\/uploads\/2025\/03\/Devotion.jpg&#8221; title_text=&#8221;Devotion&#8221; _builder_version=&#8221;4.27.4&#8243; _module_preset=&#8221;default&#8221; custom_padding=&#8221;32px|||||&#8221; global_colors_info=&#8221;{}&#8221;][\/et_pb_image][\/et_pb_column][et_pb_column type=&#8221;3_4&#8243; _builder_version=&#8221;4.27.4&#8243; _module_preset=&#8221;default&#8221; global_colors_info=&#8221;{}&#8221;][et_pb_text _builder_version=&#8221;4.27.4&#8243; _module_preset=&#8221;default&#8221; text_font_size=&#8221;17px&#8221; header_3_text_align=&#8221;center&#8221; custom_margin=&#8221;||0px|||&#8221; global_colors_info=&#8221;{}&#8221;]<\/p>\n<h3>\u00a0Vision &amp; Mission<\/h3>\n<p><strong>Vision<\/strong>: To raise a generation of godly servant-leaders who will impact Rwanda and the world.<\/p>\n<p><strong>Mission<\/strong>: To provide a Christ-centered education that fosters academic excellence, spiritual maturity, and social responsibility \u2014 equipping students to serve and lead with integrity.<\/p>\n<p>[\/et_pb_text][et_pb_button button_url=&#8221;\/about\/vision-mission\/&#8221; button_text=&#8221;Read more&#8221; button_alignment=&#8221;right&#8221; _builder_version=&#8221;4.27.4&#8243; _module_preset=&#8221;390b779c-ae49-4abe-9c35-852e1fdebb8d&#8221; global_colors_info=&#8221;{}&#8221;][\/et_pb_button][\/et_pb_column][\/et_pb_row][et_pb_row column_structure=&#8221;1_4,3_4&#8243; _builder_version=&#8221;4.27.4&#8243; _module_preset=&#8221;default&#8221; custom_padding=&#8221;||5px|||&#8221; global_colors_info=&#8221;{}&#8221;][et_pb_column type=&#8221;1_4&#8243; _builder_version=&#8221;4.27.4&#8243; _module_preset=&#8221;default&#8221; global_colors_info=&#8221;{}&#8221;][et_pb_image src=&#8221;https:\/\/www.wellspringacademy.org\/wp-content\/uploads\/2025\/03\/PrincipalStephen-WSA.jpg&#8221; title_text=&#8221;PrincipalStephen-WSA&#8221; _builder_version=&#8221;4.27.4&#8243; _module_preset=&#8221;default&#8221; custom_padding=&#8221;32px|||||&#8221; global_colors_info=&#8221;{}&#8221;][\/et_pb_image][\/et_pb_column][et_pb_column type=&#8221;3_4&#8243; _builder_version=&#8221;4.27.4&#8243; _module_preset=&#8221;default&#8221; global_colors_info=&#8221;{}&#8221;][et_pb_text _builder_version=&#8221;4.27.4&#8243; _module_preset=&#8221;default&#8221; text_font_size=&#8221;17px&#8221; header_3_text_align=&#8221;center&#8221; custom_margin=&#8221;||-3px|||&#8221; global_colors_info=&#8221;{}&#8221;]<\/p>\n<p>&nbsp;<\/p>\n<h3>Leadership<\/h3>\n<p>Wellspring Academy is led by a passionate team of educators and administrators who model servant-leadership in everything they do. Our leadership ensures that every decision aligns with our core values of faith, excellence, and community. Meet our board and leadership teams.<\/p>\n<p>[\/et_pb_text][et_pb_button button_url=&#8221;\/about\/leadership\/&#8221; button_text=&#8221;Read more&#8221; button_alignment=&#8221;right&#8221; _builder_version=&#8221;4.27.4&#8243; _module_preset=&#8221;390b779c-ae49-4abe-9c35-852e1fdebb8d&#8221; global_colors_info=&#8221;{}&#8221;][\/et_pb_button][\/et_pb_column][\/et_pb_row][et_pb_row column_structure=&#8221;1_4,3_4&#8243; _builder_version=&#8221;4.27.4&#8243; _module_preset=&#8221;default&#8221; background_color=&#8221;rgba(204,224,245,0.18)&#8221; custom_padding=&#8221;||5px|||&#8221; global_colors_info=&#8221;{}&#8221;][et_pb_column type=&#8221;1_4&#8243; _builder_version=&#8221;4.27.4&#8243; _module_preset=&#8221;default&#8221; global_colors_info=&#8221;{}&#8221;][et_pb_image src=&#8221;https:\/\/www.wellspringacademy.org\/wp-content\/uploads\/2025\/06\/8H2C4709.jpg&#8221; title_text=&#8221;8H2C4709&#8243; _builder_version=&#8221;4.27.4&#8243; _module_preset=&#8221;default&#8221; custom_padding=&#8221;32px|||||&#8221; global_colors_info=&#8221;{}&#8221;][\/et_pb_image][\/et_pb_column][et_pb_column type=&#8221;3_4&#8243; _builder_version=&#8221;4.27.4&#8243; _module_preset=&#8221;default&#8221; global_colors_info=&#8221;{}&#8221;][et_pb_text _builder_version=&#8221;4.27.4&#8243; _module_preset=&#8221;default&#8221; text_font_size=&#8221;17px&#8221; header_3_text_align=&#8221;center&#8221; custom_margin=&#8221;||2px|||&#8221; global_colors_info=&#8221;{}&#8221;]<\/p>\n<h3>\u00a0Testimonials<\/h3>\n<p>Our community speaks for itself. Here\u2019s what parents and students say:<\/p>\n<p><em>&#8220;Wellspring has shaped my children into confident, compassionate leaders. The school truly partners with parents.&#8221;<\/em><\/p>\n<p><em>&#8220;We love that our children are growing spiritually as well as academically. The Christ-centered focus sets Wellspring apart.&#8221;<\/em><\/p>\n<p>[\/et_pb_text][et_pb_button button_url=&#8221;\/about\/testimonials\/&#8221; button_text=&#8221;Read more&#8221; button_alignment=&#8221;right&#8221; _builder_version=&#8221;4.27.4&#8243; _module_preset=&#8221;390b779c-ae49-4abe-9c35-852e1fdebb8d&#8221; custom_margin=&#8221;||1em||false|false&#8221; custom_padding=&#8221;||||false|false&#8221; hover_enabled=&#8221;0&#8243; global_colors_info=&#8221;{}&#8221; sticky_enabled=&#8221;0&#8243;][\/et_pb_button][\/et_pb_column][\/et_pb_row][\/et_pb_section]<\/p>\n","protected":false},"excerpt":{"rendered":"<p>About UsWellspring Academy is more than a school \u2014 it\u2019s a Christ-centered community committed to raising servant-leaders for Rwanda and the world. Explore our story, mission, leadership, and what families [&hellip;]<\/p>\n","protected":false},"author":1,"featured_media":0,"parent":0,"menu_order":0,"comment_status":"closed","ping_status":"closed","template":"","meta":{"_et_pb_use_builder":"on","_et_pb_old_content":"","_et_gb_content_width":"","_glsr_average":0,"_glsr_ranking":0,"_glsr_reviews":0,"footnotes":""},"folder":[],"class_list":["post-28","page","type-page","status-publish","hentry"],"yoast_head":"<!-- This site is optimized with the Yoast SEO plugin v27.4 - https:\/\/yoast.com\/product\/yoast-seo-wordpress\/ -->\n<title>About Us - Wellspring Academy Kigali Rwanda<\/title>\n<meta name=\"robots\" content=\"index, follow, max-snippet:-1, max-image-preview:large, max-video-preview:-1\" \/>\n<link rel=\"canonical\" href=\"https:\/\/www.wellspringacademy.org\/fr\/about\/\" \/>\n<meta property=\"og:locale\" content=\"fr_FR\" \/>\n<meta property=\"og:type\" content=\"article\" \/>\n<meta property=\"og:title\" content=\"About Us - Wellspring Academy Kigali Rwanda\" \/>\n<meta property=\"og:description\" content=\"About UsWellspring Academy is more than a school \u2014 it\u2019s a Christ-centered community committed to raising servant-leaders for Rwanda and the world. Explore our story, mission, leadership, and what families [&hellip;]\" \/>\n<meta property=\"og:url\" content=\"https:\/\/www.wellspringacademy.org\/fr\/about\/\" \/>\n<meta property=\"og:site_name\" content=\"Wellspring Academy Kigali Rwanda\" \/>\n<meta property=\"article:modified_time\" content=\"2025-06-10T13:34:26+00:00\" \/>\n<meta name=\"twitter:card\" content=\"summary_large_image\" \/>\n<meta name=\"twitter:label1\" content=\"Dur\u00e9e de lecture estim\u00e9e\" \/>\n\t<meta name=\"twitter:data1\" content=\"5 minutes\" \/>\n<script type=\"application\/ld+json\" class=\"yoast-schema-graph\">{\"@context\":\"https:\\\/\\\/schema.org\",\"@graph\":[{\"@type\":\"WebPage\",\"@id\":\"https:\\\/\\\/www.wellspringacademy.org\\\/about\\\/\",\"url\":\"https:\\\/\\\/www.wellspringacademy.org\\\/about\\\/\",\"name\":\"About Us - Wellspring Academy Kigali Rwanda\",\"isPartOf\":{\"@id\":\"https:\\\/\\\/www.wellspringacademy.org\\\/#website\"},\"datePublished\":\"2025-03-17T12:43:17+00:00\",\"dateModified\":\"2025-06-10T13:34:26+00:00\",\"breadcrumb\":{\"@id\":\"https:\\\/\\\/www.wellspringacademy.org\\\/about\\\/#breadcrumb\"},\"inLanguage\":\"fr-FR\",\"potentialAction\":[{\"@type\":\"ReadAction\",\"target\":[\"https:\\\/\\\/www.wellspringacademy.org\\\/about\\\/\"]}]},{\"@type\":\"BreadcrumbList\",\"@id\":\"https:\\\/\\\/www.wellspringacademy.org\\\/about\\\/#breadcrumb\",\"itemListElement\":[{\"@type\":\"ListItem\",\"position\":1,\"name\":\"Home\",\"item\":\"https:\\\/\\\/www.wellspringacademy.org\\\/\"},{\"@type\":\"ListItem\",\"position\":2,\"name\":\"About Us\"}]},{\"@type\":\"WebSite\",\"@id\":\"https:\\\/\\\/www.wellspringacademy.org\\\/#website\",\"url\":\"https:\\\/\\\/www.wellspringacademy.org\\\/\",\"name\":\"Wellspring Academy Kigali Rwanda\",\"description\":\"Where academics and faith shape future leaders\",\"potentialAction\":[{\"@type\":\"SearchAction\",\"target\":{\"@type\":\"EntryPoint\",\"urlTemplate\":\"https:\\\/\\\/www.wellspringacademy.org\\\/?s={search_term_string}\"},\"query-input\":{\"@type\":\"PropertyValueSpecification\",\"valueRequired\":true,\"valueName\":\"search_term_string\"}}],\"inLanguage\":\"fr-FR\"}]}<\/script>\n<!-- \/ Yoast SEO plugin. -->","yoast_head_json":{"title":"\u00c0 propos de nous - Wellspring Academy Kigali Rwanda","robots":{"index":"index","follow":"follow","max-snippet":"max-snippet:-1","max-image-preview":"max-image-preview:large","max-video-preview":"max-video-preview:-1"},"canonical":"https:\/\/www.wellspringacademy.org\/fr\/about\/","og_locale":"fr_FR","og_type":"article","og_title":"About Us - Wellspring Academy Kigali Rwanda","og_description":"About UsWellspring Academy is more than a school \u2014 it\u2019s a Christ-centered community committed to raising servant-leaders for Rwanda and the world. Explore our story, mission, leadership, and what families [&hellip;]","og_url":"https:\/\/www.wellspringacademy.org\/fr\/about\/","og_site_name":"Wellspring Academy Kigali Rwanda","article_modified_time":"2025-06-10T13:34:26+00:00","twitter_card":"summary_large_image","twitter_misc":{"Dur\u00e9e de lecture estim\u00e9e":"5 minutes"},"schema":{"@context":"https:\/\/schema.org","@graph":[{"@type":"WebPage","@id":"https:\/\/www.wellspringacademy.org\/about\/","url":"https:\/\/www.wellspringacademy.org\/about\/","name":"\u00c0 propos de nous - Wellspring Academy Kigali Rwanda","isPartOf":{"@id":"https:\/\/www.wellspringacademy.org\/#website"},"datePublished":"2025-03-17T12:43:17+00:00","dateModified":"2025-06-10T13:34:26+00:00","breadcrumb":{"@id":"https:\/\/www.wellspringacademy.org\/about\/#breadcrumb"},"inLanguage":"fr-FR","potentialAction":[{"@type":"ReadAction","target":["https:\/\/www.wellspringacademy.org\/about\/"]}]},{"@type":"BreadcrumbList","@id":"https:\/\/www.wellspringacademy.org\/about\/#breadcrumb","itemListElement":[{"@type":"ListItem","position":1,"name":"Home","item":"https:\/\/www.wellspringacademy.org\/"},{"@type":"ListItem","position":2,"name":"About Us"}]},{"@type":"WebSite","@id":"https:\/\/www.wellspringacademy.org\/#website","url":"https:\/\/www.wellspringacademy.org\/","name":"Acad\u00e9mie Wellspring Kigali Rwanda","description":"O\u00f9 le savoir et la foi fa\u00e7onnent les futurs leaders","potentialAction":[{"@type":"SearchAction","target":{"@type":"EntryPoint","urlTemplate":"https:\/\/www.wellspringacademy.org\/?s={search_term_string}"},"query-input":{"@type":"PropertyValueSpecification","valueRequired":true,"valueName":"search_term_string"}}],"inLanguage":"fr-FR"}]}},"_links":{"self":[{"href":"https:\/\/www.wellspringacademy.org\/fr\/wp-json\/wp\/v2\/pages\/28","targetHints":{"allow":["GET"]}}],"collection":[{"href":"https:\/\/www.wellspringacademy.org\/fr\/wp-json\/wp\/v2\/pages"}],"about":[{"href":"https:\/\/www.wellspringacademy.org\/fr\/wp-json\/wp\/v2\/types\/page"}],"author":[{"embeddable":true,"href":"https:\/\/www.wellspringacademy.org\/fr\/wp-json\/wp\/v2\/users\/1"}],"replies":[{"embeddable":true,"href":"https:\/\/www.wellspringacademy.org\/fr\/wp-json\/wp\/v2\/comments?post=28"}],"version-history":[{"count":4,"href":"https:\/\/www.wellspringacademy.org\/fr\/wp-json\/wp\/v2\/pages\/28\/revisions"}],"predecessor-version":[{"id":987519772,"href":"https:\/\/www.wellspringacademy.org\/fr\/wp-json\/wp\/v2\/pages\/28\/revisions\/987519772"}],"wp:attachment":[{"href":"https:\/\/www.wellspringacademy.org\/fr\/wp-json\/wp\/v2\/media?parent=28"}],"wp:term":[{"taxonomy":"folder","embeddable":true,"href":"https:\/\/www.wellspringacademy.org\/fr\/wp-json\/wp\/v2\/folder?post=28"}],"curies":[{"name":"wp","href":"https:\/\/api.w.org\/{rel}","templated":true}]}}