{"id":33,"date":"2025-03-17T12:44:10","date_gmt":"2025-03-17T12:44:10","guid":{"rendered":"http:\/\/wsa.local\/?page_id=33"},"modified":"2025-06-10T17:09:44","modified_gmt":"2025-06-10T15:09:44","slug":"education","status":"publish","type":"page","link":"https:\/\/www.wellspringacademy.org\/fr\/education\/","title":{"rendered":"\u00c9ducation"},"content":{"rendered":"<p>[et_pb_section fb_built=&#8221;1&#8243; admin_label=&#8221;section&#8221; _builder_version=&#8221;4.27.4&#8243; _module_preset=&#8221;4e153e00-2be5-453d-870f-672342c3d2b4&#8243; custom_padding=&#8221;0em||0em||true|false&#8221; global_colors_info=&#8221;{}&#8221;][et_pb_row admin_label=&#8221;row&#8221; _builder_version=&#8221;4.27.4&#8243; _module_preset=&#8221;50c2d455-59de-4799-8410-cda67b1c5511&#8243; use_background_color_gradient=&#8221;on&#8221; background_color_gradient_stops=&#8221;rgba(16,85,137,0.24) 0%|rgba(16,85,137,0.08) 6%|rgba(16,85,137,0) 100%&#8221; background_size=&#8221;initial&#8221; background_position=&#8221;top_left&#8221; background_repeat=&#8221;repeat&#8221; global_colors_info=&#8221;{}&#8221;][et_pb_column type=&#8221;4_4&#8243; _builder_version=&#8221;4.16&#8243; custom_padding=&#8221;|||&#8221; global_colors_info=&#8221;{}&#8221; custom_padding__hover=&#8221;|||&#8221;][et_pb_text admin_label=&#8221;Text&#8221; _builder_version=&#8221;4.27.4&#8243; background_size=&#8221;initial&#8221; background_position=&#8221;top_left&#8221; background_repeat=&#8221;repeat&#8221; header_text_shadow_style=&#8221;preset5&#8243; header_text_shadow_horizontal_length=&#8221;1.4px&#8221; header_text_shadow_vertical_length=&#8221;1.2px&#8221; header_text_shadow_color=&#8221;rgba(204,224,245,0.83)&#8221; global_colors_info=&#8221;{}&#8221;]<\/p>\n<h1 style=\"text-align: center;\">Education<\/h1>\n<p>[\/et_pb_text][\/et_pb_column][\/et_pb_row][\/et_pb_section][et_pb_section fb_built=&#8221;1&#8243; _builder_version=&#8221;4.27.4&#8243; _module_preset=&#8221;default&#8221; custom_padding=&#8221;||39px|||&#8221; global_colors_info=&#8221;{}&#8221;][et_pb_row _builder_version=&#8221;4.27.4&#8243; _module_preset=&#8221;default&#8221; global_colors_info=&#8221;{}&#8221;][et_pb_column type=&#8221;4_4&#8243; _builder_version=&#8221;4.27.4&#8243; _module_preset=&#8221;default&#8221; global_colors_info=&#8221;{}&#8221;][et_pb_text _builder_version=&#8221;4.27.4&#8243; _module_preset=&#8221;default&#8221; hover_enabled=&#8221;0&#8243; global_colors_info=&#8221;{}&#8221; text_font_size=&#8221;18px&#8221; sticky_enabled=&#8221;0&#8243;]<\/p>\n<p>At Wellspring Academy, education is more than academics \u2014 it&#8217;s the shaping of the whole person. Our Christ-centered approach prepares students to excel intellectually, grow spiritually, and engage responsibly with the world around them.<\/p>\n<p>[\/et_pb_text][\/et_pb_column][\/et_pb_row][et_pb_row column_structure=&#8221;3_4,1_4&#8243; _builder_version=&#8221;4.27.4&#8243; _module_preset=&#8221;default&#8221; custom_padding=&#8221;||5px|||&#8221; border_width_bottom=&#8221;3px&#8221; border_color_bottom=&#8221;#CCE0F5&#8243; global_colors_info=&#8221;{}&#8221;][et_pb_column type=&#8221;3_4&#8243; _builder_version=&#8221;4.27.4&#8243; _module_preset=&#8221;default&#8221; global_colors_info=&#8221;{}&#8221;][et_pb_text _builder_version=&#8221;4.27.4&#8243; _module_preset=&#8221;default&#8221; header_3_text_align=&#8221;center&#8221; global_colors_info=&#8221;{}&#8221;]<\/p>\n<h3>Cambridge Curriculum<\/h3>\n<p>Wellspring Academy follows the Cambridge International Examinations Curriculum, offering a globally recognized education framework \u00a0that is rigorous and designed to challenge students while supporting their academic growth.<br \/><span><\/span><\/p>\n<p>&nbsp;<\/p>\n<p>[\/et_pb_text][\/et_pb_column][et_pb_column type=&#8221;1_4&#8243; _builder_version=&#8221;4.27.4&#8243; _module_preset=&#8221;default&#8221; global_colors_info=&#8221;{}&#8221;][et_pb_image src=&#8221;https:\/\/www.wellspringacademy.org\/wp-content\/uploads\/2025\/06\/8H2C4503.jpg&#8221; title_text=&#8221;8H2C4503&#8243; _builder_version=&#8221;4.27.4&#8243; _module_preset=&#8221;default&#8221; global_colors_info=&#8221;{}&#8221;][\/et_pb_image][\/et_pb_column][\/et_pb_row][et_pb_row column_structure=&#8221;3_4,1_4&#8243; _builder_version=&#8221;4.27.4&#8243; _module_preset=&#8221;default&#8221; custom_padding=&#8221;||5px|||&#8221; border_width_bottom=&#8221;3px&#8221; border_color_bottom=&#8221;#CCE0F5&#8243; global_colors_info=&#8221;{}&#8221;][et_pb_column type=&#8221;3_4&#8243; _builder_version=&#8221;4.27.4&#8243; _module_preset=&#8221;default&#8221; global_colors_info=&#8221;{}&#8221;][et_pb_text _builder_version=&#8221;4.27.4&#8243; _module_preset=&#8221;default&#8221; header_3_text_align=&#8221;center&#8221; hover_enabled=&#8221;0&#8243; global_colors_info=&#8221;{}&#8221; sticky_enabled=&#8221;0&#8243;]<\/p>\n<h3><span>Languages<\/span><\/h3>\n<p>Wellspring Academy fosters multilingual proficiency to prepare students for a global future.<\/p>\n<ul>\n<li><strong>English<\/strong> is our primary language of instruction.<\/li>\n<li><strong>Kinyarwanda<\/strong> is taught to honor and preserve Rwanda\u2019s cultural heritage.<\/li>\n<li><strong>French<\/strong> is introduced as a third language, broadening communication skills and cultural awareness.<\/li>\n<\/ul>\n<p>[\/et_pb_text][\/et_pb_column][et_pb_column type=&#8221;1_4&#8243; _builder_version=&#8221;4.27.4&#8243; _module_preset=&#8221;default&#8221; global_colors_info=&#8221;{}&#8221;][et_pb_image src=&#8221;https:\/\/www.wellspringacademy.org\/wp-content\/uploads\/2025\/06\/8H2C4709.jpg&#8221; title_text=&#8221;8H2C4709&#8243; _builder_version=&#8221;4.27.4&#8243; _module_preset=&#8221;default&#8221; global_colors_info=&#8221;{}&#8221;][\/et_pb_image][\/et_pb_column][\/et_pb_row][et_pb_row _builder_version=&#8221;4.27.4&#8243; _module_preset=&#8221;default&#8221; custom_padding=&#8221;||5px|||&#8221; hover_enabled=&#8221;0&#8243; global_colors_info=&#8221;{}&#8221; sticky_enabled=&#8221;0&#8243;][et_pb_column type=&#8221;4_4&#8243; _builder_version=&#8221;4.27.4&#8243; _module_preset=&#8221;default&#8221; global_colors_info=&#8221;{}&#8221;][et_pb_text _builder_version=&#8221;4.27.4&#8243; _module_preset=&#8221;default&#8221; header_3_text_align=&#8221;center&#8221; global_colors_info=&#8221;{}&#8221;]<\/p>\n<h3><span>Philosophy of Education<\/span><\/h3>\n<p>As a Christ-centered School, Wellspring Academy desires to value children as Jesus did. We believe that each one is a unique individual, created in God\u2019s image with inherent value, life and purpose and should be treated with dignity and respect. Each student has spiritual, mental, social and physical aptitudes and abilities; which are to be nurtured and developed for the purpose of bringing glory to God through participating with Him in caring for and blessing the world.<\/p>\n<p>We believe:<\/p>\n<ul>\n<li>All wisdom and knowledge begins and ends in the knowledge of God and His Word.<\/li>\n<li>God has clearly given to parents the primary responsibility for the education of their children.<\/li>\n<li>Both the parent and the teacher share an awesome responsibility in the education of the child. Through fulfillment of this responsibility in obedience to God, parents and teachers work together under God\u2019s guidance to educate the child in the teachings of Jesus.<\/li>\n<li>All the stakeholders at Wellspring Academy (namely CLA, Wellspring Foundation for Education, the Board, Parents and Staff) should subscribe to this philosophy of education. They should see each student as one that God has brought to Wellspring and seek to partner \/ work with God to nurture the student to their full potential.<\/li>\n<\/ul>\n<p>We are committed to educating students holistically by integrating Biblical values in the curriculum and demonstrating Biblical values in the culture of the school.<\/p>\n<p>[\/et_pb_text][\/et_pb_column][\/et_pb_row][\/et_pb_section][et_pb_section fb_built=&#8221;1&#8243; _builder_version=&#8221;4.27.4&#8243; _module_preset=&#8221;default&#8221; background_color=&#8221;rgba(204,224,245,0.31)&#8221; custom_padding=&#8221;16px||19px|||&#8221; global_colors_info=&#8221;{}&#8221;][et_pb_row _builder_version=&#8221;4.27.4&#8243; _module_preset=&#8221;default&#8221; custom_padding=&#8221;||7px|||&#8221; global_colors_info=&#8221;{}&#8221;][et_pb_column type=&#8221;4_4&#8243; _builder_version=&#8221;4.27.4&#8243; _module_preset=&#8221;default&#8221; global_colors_info=&#8221;{}&#8221;][et_pb_text _builder_version=&#8221;4.27.4&#8243; _module_preset=&#8221;default&#8221; link_text_color=&#8221;#105589&#8243; global_colors_info=&#8221;{}&#8221;]<\/p>\n<h3 style=\"text-align: center;\">\u00a0School Sections<\/h3>\n<p style=\"text-align: center;\">\u00a0Click on the section name below to discover more about each age group the school caters for.<\/p>\n<p style=\"text-align: center;\">\n<table>\n<thead>\n<tr>\n<th>Section<\/th>\n<th>Grade Level(s)<\/th>\n<th>Typical Age<\/th>\n<th width=\"50%\">Description<\/th>\n<\/tr>\n<\/thead>\n<tbody>\n<tr>\n<td style=\"width: 86.7px;\">\n<h6><a href=\"\/education\/kindergarten\/\"><strong>Kindergarten<\/strong><\/a><\/h6>\n<\/td>\n<td style=\"width: 66.35px;\">KG1 \u2013 KG3<\/td>\n<td style=\"width: 59.6625px;\">3 \u2013 5 years<\/td>\n<td style=\"width: 96.925px;\">Early childhood education focusing on foundational skills.<\/td>\n<\/tr>\n<tr>\n<td style=\"width: 86.7px;\">\n<h6><a href=\"\/education\/primary\/\"><strong>Primary<\/strong><\/a><\/h6>\n<\/td>\n<td style=\"width: 66.35px;\">Grade 1 \u2013 6<\/td>\n<td style=\"width: 59.6625px;\">6 \u2013 11 years<\/td>\n<td style=\"width: 96.925px;\">Core subjects include English, Science, Math, Social Studies, Bible Studies, ICT, Art, and Music.<\/td>\n<\/tr>\n<tr>\n<td style=\"width: 86.7px;\">\n<h6><a href=\"\/education\/lower-secondary\/\"><strong>Lower Secondary<\/strong><\/a><\/h6>\n<\/td>\n<td style=\"width: 66.35px;\">Grade 7 \u2013 9<\/td>\n<td style=\"width: 59.6625px;\">12 \u2013 14 years<\/td>\n<td style=\"width: 96.925px;\">Introduction to specialized subjects such as Physics, Chemistry, Biology, and Business Studies.<\/td>\n<\/tr>\n<tr>\n<td style=\"width: 86.7px;\">\n<h6><a href=\"\/education\/upper-secondary\/#igcse\"><strong>Upper Secondary<br \/>(IGCSE)<\/strong><\/a><\/h6>\n<\/td>\n<td style=\"width: 66.35px;\">Grade 10<\/td>\n<td style=\"width: 59.6625px;\">14 \u2013 15 years<\/td>\n<td style=\"width: 96.925px;\">IGCSE curriculum with subject choices in Sciences and Humanities.<\/td>\n<\/tr>\n<tr>\n<td style=\"width: 86.7px;\">\n<h6><a href=\"\/education\/upper-secondary\/#alevel\"><strong>Upper Secondary<br \/>(A-Level)<\/strong><\/a><\/h6>\n<\/td>\n<td style=\"width: 66.35px;\">Grade 11 \u2013 12<\/td>\n<td style=\"width: 59.6625px;\">16 \u2013 18 years<\/td>\n<td style=\"width: 96.925px;\">A-Level program with various subject combinations leading to graduation.<\/td>\n<\/tr>\n<\/tbody>\n<\/table>\n<p>[\/et_pb_text][\/et_pb_column][\/et_pb_row][\/et_pb_section]<\/p>\n","protected":false},"excerpt":{"rendered":"<p>EducationAt Wellspring Academy, education is more than academics \u2014 it&#8217;s the shaping of the whole person. Our Christ-centered approach prepares students to excel intellectually, grow spiritually, and engage responsibly with [&hellip;]<\/p>\n","protected":false},"author":1,"featured_media":0,"parent":0,"menu_order":0,"comment_status":"closed","ping_status":"closed","template":"","meta":{"_et_pb_use_builder":"on","_et_pb_old_content":"<!-- wp:divi\/placeholder \/-->","_et_gb_content_width":"","_glsr_average":0,"_glsr_ranking":0,"_glsr_reviews":0,"footnotes":""},"folder":[],"class_list":["post-33","page","type-page","status-publish","hentry"],"yoast_head":"<!-- This site is optimized with the Yoast SEO plugin v27.4 - https:\/\/yoast.com\/product\/yoast-seo-wordpress\/ -->\n<title>Education - Wellspring Academy Kigali Rwanda<\/title>\n<meta name=\"robots\" content=\"index, follow, max-snippet:-1, max-image-preview:large, max-video-preview:-1\" \/>\n<link rel=\"canonical\" href=\"https:\/\/www.wellspringacademy.org\/fr\/education\/\" \/>\n<meta property=\"og:locale\" content=\"fr_FR\" \/>\n<meta property=\"og:type\" content=\"article\" \/>\n<meta property=\"og:title\" content=\"Education - Wellspring Academy Kigali Rwanda\" \/>\n<meta property=\"og:description\" content=\"EducationAt Wellspring Academy, education is more than academics \u2014 it&#039;s the shaping of the whole person. Our Christ-centered approach prepares students to excel intellectually, grow spiritually, and engage responsibly with [&hellip;]\" \/>\n<meta property=\"og:url\" content=\"https:\/\/www.wellspringacademy.org\/fr\/education\/\" \/>\n<meta property=\"og:site_name\" content=\"Wellspring Academy Kigali Rwanda\" \/>\n<meta property=\"article:modified_time\" content=\"2025-06-10T15:09:44+00:00\" \/>\n<meta name=\"twitter:card\" content=\"summary_large_image\" \/>\n<meta name=\"twitter:label1\" content=\"Dur\u00e9e de lecture estim\u00e9e\" \/>\n\t<meta name=\"twitter:data1\" content=\"5 minutes\" \/>\n<script type=\"application\/ld+json\" class=\"yoast-schema-graph\">{\"@context\":\"https:\\\/\\\/schema.org\",\"@graph\":[{\"@type\":\"WebPage\",\"@id\":\"https:\\\/\\\/www.wellspringacademy.org\\\/education\\\/\",\"url\":\"https:\\\/\\\/www.wellspringacademy.org\\\/education\\\/\",\"name\":\"Education - Wellspring Academy Kigali Rwanda\",\"isPartOf\":{\"@id\":\"https:\\\/\\\/www.wellspringacademy.org\\\/#website\"},\"datePublished\":\"2025-03-17T12:44:10+00:00\",\"dateModified\":\"2025-06-10T15:09:44+00:00\",\"breadcrumb\":{\"@id\":\"https:\\\/\\\/www.wellspringacademy.org\\\/education\\\/#breadcrumb\"},\"inLanguage\":\"fr-FR\",\"potentialAction\":[{\"@type\":\"ReadAction\",\"target\":[\"https:\\\/\\\/www.wellspringacademy.org\\\/education\\\/\"]}]},{\"@type\":\"BreadcrumbList\",\"@id\":\"https:\\\/\\\/www.wellspringacademy.org\\\/education\\\/#breadcrumb\",\"itemListElement\":[{\"@type\":\"ListItem\",\"position\":1,\"name\":\"Home\",\"item\":\"https:\\\/\\\/www.wellspringacademy.org\\\/\"},{\"@type\":\"ListItem\",\"position\":2,\"name\":\"Education\"}]},{\"@type\":\"WebSite\",\"@id\":\"https:\\\/\\\/www.wellspringacademy.org\\\/#website\",\"url\":\"https:\\\/\\\/www.wellspringacademy.org\\\/\",\"name\":\"Wellspring Academy Kigali Rwanda\",\"description\":\"Where academics and faith shape future leaders\",\"potentialAction\":[{\"@type\":\"SearchAction\",\"target\":{\"@type\":\"EntryPoint\",\"urlTemplate\":\"https:\\\/\\\/www.wellspringacademy.org\\\/?s={search_term_string}\"},\"query-input\":{\"@type\":\"PropertyValueSpecification\",\"valueRequired\":true,\"valueName\":\"search_term_string\"}}],\"inLanguage\":\"fr-FR\"}]}<\/script>\n<!-- \/ Yoast SEO plugin. -->","yoast_head_json":{"title":"\u00c9ducation - Wellspring Academy Kigali Rwanda","robots":{"index":"index","follow":"follow","max-snippet":"max-snippet:-1","max-image-preview":"max-image-preview:large","max-video-preview":"max-video-preview:-1"},"canonical":"https:\/\/www.wellspringacademy.org\/fr\/education\/","og_locale":"fr_FR","og_type":"article","og_title":"Education - Wellspring Academy Kigali Rwanda","og_description":"EducationAt Wellspring Academy, education is more than academics \u2014 it's the shaping of the whole person. Our Christ-centered approach prepares students to excel intellectually, grow spiritually, and engage responsibly with [&hellip;]","og_url":"https:\/\/www.wellspringacademy.org\/fr\/education\/","og_site_name":"Wellspring Academy Kigali Rwanda","article_modified_time":"2025-06-10T15:09:44+00:00","twitter_card":"summary_large_image","twitter_misc":{"Dur\u00e9e de lecture estim\u00e9e":"5 minutes"},"schema":{"@context":"https:\/\/schema.org","@graph":[{"@type":"WebPage","@id":"https:\/\/www.wellspringacademy.org\/education\/","url":"https:\/\/www.wellspringacademy.org\/education\/","name":"\u00c9ducation - Wellspring Academy Kigali Rwanda","isPartOf":{"@id":"https:\/\/www.wellspringacademy.org\/#website"},"datePublished":"2025-03-17T12:44:10+00:00","dateModified":"2025-06-10T15:09:44+00:00","breadcrumb":{"@id":"https:\/\/www.wellspringacademy.org\/education\/#breadcrumb"},"inLanguage":"fr-FR","potentialAction":[{"@type":"ReadAction","target":["https:\/\/www.wellspringacademy.org\/education\/"]}]},{"@type":"BreadcrumbList","@id":"https:\/\/www.wellspringacademy.org\/education\/#breadcrumb","itemListElement":[{"@type":"ListItem","position":1,"name":"Home","item":"https:\/\/www.wellspringacademy.org\/"},{"@type":"ListItem","position":2,"name":"Education"}]},{"@type":"WebSite","@id":"https:\/\/www.wellspringacademy.org\/#website","url":"https:\/\/www.wellspringacademy.org\/","name":"Acad\u00e9mie Wellspring Kigali Rwanda","description":"O\u00f9 le savoir et la foi fa\u00e7onnent les futurs leaders","potentialAction":[{"@type":"SearchAction","target":{"@type":"EntryPoint","urlTemplate":"https:\/\/www.wellspringacademy.org\/?s={search_term_string}"},"query-input":{"@type":"PropertyValueSpecification","valueRequired":true,"valueName":"search_term_string"}}],"inLanguage":"fr-FR"}]}},"_links":{"self":[{"href":"https:\/\/www.wellspringacademy.org\/fr\/wp-json\/wp\/v2\/pages\/33","targetHints":{"allow":["GET"]}}],"collection":[{"href":"https:\/\/www.wellspringacademy.org\/fr\/wp-json\/wp\/v2\/pages"}],"about":[{"href":"https:\/\/www.wellspringacademy.org\/fr\/wp-json\/wp\/v2\/types\/page"}],"author":[{"embeddable":true,"href":"https:\/\/www.wellspringacademy.org\/fr\/wp-json\/wp\/v2\/users\/1"}],"replies":[{"embeddable":true,"href":"https:\/\/www.wellspringacademy.org\/fr\/wp-json\/wp\/v2\/comments?post=33"}],"version-history":[{"count":15,"href":"https:\/\/www.wellspringacademy.org\/fr\/wp-json\/wp\/v2\/pages\/33\/revisions"}],"predecessor-version":[{"id":987519777,"href":"https:\/\/www.wellspringacademy.org\/fr\/wp-json\/wp\/v2\/pages\/33\/revisions\/987519777"}],"wp:attachment":[{"href":"https:\/\/www.wellspringacademy.org\/fr\/wp-json\/wp\/v2\/media?parent=33"}],"wp:term":[{"taxonomy":"folder","embeddable":true,"href":"https:\/\/www.wellspringacademy.org\/fr\/wp-json\/wp\/v2\/folder?post=33"}],"curies":[{"name":"wp","href":"https:\/\/api.w.org\/{rel}","templated":true}]}}