{"id":35,"date":"2025-03-17T12:44:43","date_gmt":"2025-03-17T12:44:43","guid":{"rendered":"http:\/\/wsa.local\/?page_id=35"},"modified":"2025-06-13T09:08:04","modified_gmt":"2025-06-13T07:08:04","slug":"school-life","status":"publish","type":"page","link":"https:\/\/www.wellspringacademy.org\/fr\/school-life\/","title":{"rendered":"Vie scolaire"},"content":{"rendered":"<p>[et_pb_section fb_built=&#8221;1&#8243; admin_label=&#8221;section&#8221; _builder_version=&#8221;4.27.4&#8243; _module_preset=&#8221;4e153e00-2be5-453d-870f-672342c3d2b4&#8243; custom_padding=&#8221;0em||0em||true|false&#8221; global_colors_info=&#8221;{}&#8221;][et_pb_row admin_label=&#8221;row&#8221; _builder_version=&#8221;4.27.4&#8243; _module_preset=&#8221;50c2d455-59de-4799-8410-cda67b1c5511&#8243; use_background_color_gradient=&#8221;on&#8221; background_color_gradient_stops=&#8221;rgba(16,85,137,0.24) 0%|rgba(16,85,137,0.08) 6%|rgba(16,85,137,0) 100%&#8221; background_size=&#8221;initial&#8221; background_position=&#8221;top_left&#8221; background_repeat=&#8221;repeat&#8221; global_colors_info=&#8221;{}&#8221;][et_pb_column type=&#8221;4_4&#8243; _builder_version=&#8221;4.16&#8243; custom_padding=&#8221;|||&#8221; global_colors_info=&#8221;{}&#8221; custom_padding__hover=&#8221;|||&#8221;][et_pb_text admin_label=&#8221;Text&#8221; _builder_version=&#8221;4.27.4&#8243; background_size=&#8221;initial&#8221; background_position=&#8221;top_left&#8221; background_repeat=&#8221;repeat&#8221; header_text_shadow_style=&#8221;preset5&#8243; header_text_shadow_horizontal_length=&#8221;1.4px&#8221; header_text_shadow_vertical_length=&#8221;1.2px&#8221; header_text_shadow_color=&#8221;rgba(204,224,245,0.83)&#8221; global_colors_info=&#8221;{}&#8221;]<\/p>\n<h1 style=\"text-align: center;\">School Life<\/h1>\n<p>[\/et_pb_text][\/et_pb_column][\/et_pb_row][\/et_pb_section][et_pb_section fb_built=&#8221;1&#8243; _builder_version=&#8221;4.27.4&#8243; _module_preset=&#8221;default&#8221; custom_padding=&#8221;||17px|||&#8221; global_colors_info=&#8221;{}&#8221;][et_pb_row _builder_version=&#8221;4.27.4&#8243; _module_preset=&#8221;default&#8221; custom_padding=&#8221;||5px|||&#8221; global_colors_info=&#8221;{}&#8221;][et_pb_column type=&#8221;4_4&#8243; _builder_version=&#8221;4.27.4&#8243; _module_preset=&#8221;default&#8221; global_colors_info=&#8221;{}&#8221;][et_pb_text _builder_version=&#8221;4.27.4&#8243; _module_preset=&#8221;default&#8221; text_font_size=&#8221;17px&#8221; header_3_text_align=&#8221;center&#8221; global_colors_info=&#8221;{}&#8221;]<\/p>\n<p>Wellspring Academy is committed to providing a holistic, Christ-centered education that equips students with the knowledge, skills, and values necessary to become highly skilled, godly leaders and agents of community transformation. Our curriculum is designed to foster critical thinking, creativity, and a lifelong love of learning. We offer a range of programs designed to meet the diverse needs of our students, fostering their academic, spiritual, physical, and social development.<\/p>\n<p>[\/et_pb_text][\/et_pb_column][\/et_pb_row][et_pb_row column_structure=&#8221;1_4,3_4&#8243; _builder_version=&#8221;4.27.4&#8243; _module_preset=&#8221;default&#8221; custom_padding=&#8221;||5px|||&#8221; global_colors_info=&#8221;{}&#8221;][et_pb_column type=&#8221;1_4&#8243; _builder_version=&#8221;4.27.4&#8243; _module_preset=&#8221;default&#8221; global_colors_info=&#8221;{}&#8221;][et_pb_image src=&#8221;https:\/\/www.wellspringacademy.org\/wp-content\/uploads\/2025\/03\/Devotion.jpg&#8221; title_text=&#8221;Devotion&#8221; _builder_version=&#8221;4.27.4&#8243; _module_preset=&#8221;default&#8221; global_colors_info=&#8221;{}&#8221;][\/et_pb_image][\/et_pb_column][et_pb_column type=&#8221;3_4&#8243; _builder_version=&#8221;4.27.4&#8243; _module_preset=&#8221;default&#8221; global_colors_info=&#8221;{}&#8221;][et_pb_text _builder_version=&#8221;4.27.4&#8243; _module_preset=&#8221;default&#8221; text_font_size=&#8221;17px&#8221; header_3_text_align=&#8221;center&#8221; global_colors_info=&#8221;{}&#8221;]<\/p>\n<h3>\u00a0<span>Spiritual Life<\/span><\/h3>\n<p><span>Our school\u2019s motto reflects the heart of Jesus, and it\u2019s the heartbeat of our community. At Wellspring Academy, spiritual life is not just an add-on \u2013 it\u2019s woven into everything we do. From the youngest students to our high-schoolers, we are intentionally forming hearts and minds to know God, follow Jesus, and serve others with love.<\/span><\/p>\n<p>[\/et_pb_text][et_pb_button button_url=&#8221;\/school-life\/spiritual-life\/&#8221; button_text=&#8221;Read More&#8221; button_alignment=&#8221;right&#8221; _builder_version=&#8221;4.27.4&#8243; _module_preset=&#8221;390b779c-ae49-4abe-9c35-852e1fdebb8d&#8221; global_colors_info=&#8221;{}&#8221;][\/et_pb_button][\/et_pb_column][\/et_pb_row][et_pb_row column_structure=&#8221;1_4,3_4&#8243; _builder_version=&#8221;4.27.4&#8243; _module_preset=&#8221;default&#8221; custom_padding=&#8221;||5px|||&#8221; global_colors_info=&#8221;{}&#8221;][et_pb_column type=&#8221;1_4&#8243; _builder_version=&#8221;4.27.4&#8243; _module_preset=&#8221;default&#8221; global_colors_info=&#8221;{}&#8221;][et_pb_image src=&#8221;https:\/\/www.wellspringacademy.org\/wp-content\/uploads\/2025\/06\/8H2C5489.jpg&#8221; title_text=&#8221;8H2C5489&#8243; _builder_version=&#8221;4.27.4&#8243; _module_preset=&#8221;default&#8221; global_colors_info=&#8221;{}&#8221;][\/et_pb_image][\/et_pb_column][et_pb_column type=&#8221;3_4&#8243; _builder_version=&#8221;4.27.4&#8243; _module_preset=&#8221;default&#8221; global_colors_info=&#8221;{}&#8221;][et_pb_text _builder_version=&#8221;4.27.4&#8243; _module_preset=&#8221;default&#8221; text_font_size=&#8221;17px&#8221; header_3_text_align=&#8221;center&#8221; global_colors_info=&#8221;{}&#8221;]<\/p>\n<h3>\u00a0<span>School Facilities<\/span><\/h3>\n<p>Events at Wellspring Academy are enhanced by our modern facilities, which support a wide range of academic, artistic, and athletic activities. These include well-equipped science laboratories, a computer lab, a library, art and music rooms, and sports facilities.<\/p>\n<p>[\/et_pb_text][et_pb_button button_url=&#8221;\/school-life\/school-facilities\/&#8221; button_text=&#8221;Read More&#8221; button_alignment=&#8221;right&#8221; _builder_version=&#8221;4.27.4&#8243; _module_preset=&#8221;390b779c-ae49-4abe-9c35-852e1fdebb8d&#8221; global_colors_info=&#8221;{}&#8221;][\/et_pb_button][\/et_pb_column][\/et_pb_row][et_pb_row column_structure=&#8221;1_4,3_4&#8243; _builder_version=&#8221;4.27.4&#8243; _module_preset=&#8221;default&#8221; custom_padding=&#8221;||5px|||&#8221; global_colors_info=&#8221;{}&#8221;][et_pb_column type=&#8221;1_4&#8243; _builder_version=&#8221;4.27.4&#8243; _module_preset=&#8221;default&#8221; global_colors_info=&#8221;{}&#8221;][et_pb_image src=&#8221;https:\/\/www.wellspringacademy.org\/wp-content\/uploads\/2025\/06\/8H2C5588.jpg&#8221; title_text=&#8221;8H2C5588&#8243; _builder_version=&#8221;4.27.4&#8243; _module_preset=&#8221;default&#8221; hover_enabled=&#8221;0&#8243; global_colors_info=&#8221;{}&#8221; sticky_enabled=&#8221;0&#8243;][\/et_pb_image][\/et_pb_column][et_pb_column type=&#8221;3_4&#8243; _builder_version=&#8221;4.27.4&#8243; _module_preset=&#8221;default&#8221; global_colors_info=&#8221;{}&#8221;][et_pb_text _builder_version=&#8221;4.27.4&#8243; _module_preset=&#8221;default&#8221; text_font_size=&#8221;17px&#8221; header_3_text_align=&#8221;center&#8221; global_colors_info=&#8221;{}&#8221;]<\/p>\n<h3>\u00a0<span>Athletics<\/span><\/h3>\n<p><span class=\"selected\">We recognize the importance of physical activity in promoting students&#8217; overall well-being. The athletics program offers a variety of sports and activities, including basketball, soccer, and volleyball. These programs aim to enrich students&#8217; lives, teach teamwork and sportsmanship, promote physical fitness, and organize games and competitions with other international schools.<\/span>[\/et_pb_text][et_pb_button button_url=&#8221;\/school-life\/athletics\/&#8221; button_text=&#8221;Read More&#8221; button_alignment=&#8221;right&#8221; _builder_version=&#8221;4.27.4&#8243; _module_preset=&#8221;390b779c-ae49-4abe-9c35-852e1fdebb8d&#8221; global_colors_info=&#8221;{}&#8221;][\/et_pb_button][\/et_pb_column][\/et_pb_row][\/et_pb_section][et_pb_section fb_built=&#8221;1&#8243; _builder_version=&#8221;4.27.4&#8243; _module_preset=&#8221;default&#8221; custom_padding=&#8221;31px||4px|||&#8221; global_colors_info=&#8221;{}&#8221;][et_pb_row _builder_version=&#8221;4.27.4&#8243; _module_preset=&#8221;50c2d455-59de-4799-8410-cda67b1c5511&#8243; custom_padding=&#8221;0px||0px|||&#8221; global_colors_info=&#8221;{}&#8221;][et_pb_column type=&#8221;4_4&#8243; _builder_version=&#8221;4.27.4&#8243; _module_preset=&#8221;default&#8221; global_colors_info=&#8221;{}&#8221;][et_pb_gallery gallery_ids=&#8221;987519654,987519650,987519632,987519630,987519612,987519600,987519586,987519582&#8243; posts_number=&#8221;8&#8243; show_title_and_caption=&#8221;off&#8221; show_pagination=&#8221;off&#8221; _builder_version=&#8221;4.27.4&#8243; _module_preset=&#8221;29725db7-9760-45b5-940d-efd95c417350&#8243; global_colors_info=&#8221;{}&#8221;][\/et_pb_gallery][\/et_pb_column][\/et_pb_row][\/et_pb_section][et_pb_section fb_built=&#8221;1&#8243; _builder_version=&#8221;4.27.4&#8243; _module_preset=&#8221;default&#8221; use_background_color_gradient=&#8221;on&#8221; background_color_gradient_direction=&#8221;90deg&#8221; background_color_gradient_stops=&#8221;#ffffff 0%|#ffffff 50%|#cce0f5 50%&#8221; custom_margin=&#8221;-5px|||||&#8221; background_last_edited=&#8221;on|phone&#8221; use_background_color_gradient_tablet=&#8221;off&#8221; global_module=&#8221;987519474&#8243; global_colors_info=&#8221;{}&#8221;][et_pb_row column_structure=&#8221;1_2,1_2&#8243; _builder_version=&#8221;4.27.4&#8243; _module_preset=&#8221;default&#8221; global_colors_info=&#8221;{}&#8221;][et_pb_column type=&#8221;1_2&#8243; _builder_version=&#8221;4.27.4&#8243; _module_preset=&#8221;default&#8221; global_colors_info=&#8221;{}&#8221;][et_pb_text _builder_version=&#8221;4.27.4&#8243; _module_preset=&#8221;default&#8221; global_colors_info=&#8221;{}&#8221;]<\/p>\n<h3>News &amp; Stories<\/h3>\n<p>[\/et_pb_text][et_pb_blog posts_number=&#8221;4&#8243; include_categories=&#8221;23&#8243; use_manual_excerpt=&#8221;off&#8221; excerpt_length=&#8221;0&#8243; show_author=&#8221;off&#8221; show_categories=&#8221;off&#8221; _builder_version=&#8221;4.27.4&#8243; _module_preset=&#8221;default&#8221; global_colors_info=&#8221;{}&#8221;][\/et_pb_blog][et_pb_button button_url=&#8221;\/stories\/&#8221; button_text=&#8221;View More&#8221; button_alignment=&#8221;right&#8221; _builder_version=&#8221;4.27.4&#8243; _module_preset=&#8221;390b779c-ae49-4abe-9c35-852e1fdebb8d&#8221; global_colors_info=&#8221;{}&#8221;][\/et_pb_button][\/et_pb_column][et_pb_column type=&#8221;1_2&#8243; _builder_version=&#8221;4.27.4&#8243; _module_preset=&#8221;default&#8221; background_color=&#8221;#CCE0F5&#8243; global_colors_info=&#8221;{}&#8221;][et_pb_text _builder_version=&#8221;4.27.4&#8243; _module_preset=&#8221;default&#8221; link_text_color=&#8221;#105589&#8243; text_orientation=&#8221;center&#8221; global_colors_info=&#8221;{}&#8221;]<\/p>\n<h3>Upcoming Events<\/h3>\n<div id=\"ect-no-events\"><p>There are no upcoming events at this time<\/p><\/div>\n<p>[\/et_pb_text][et_pb_button button_url=&#8221;\/events\/&#8221; button_text=&#8221;View More&#8221; button_alignment=&#8221;right&#8221; _builder_version=&#8221;4.27.4&#8243; _module_preset=&#8221;390b779c-ae49-4abe-9c35-852e1fdebb8d&#8221; global_colors_info=&#8221;{}&#8221; button_bg_color__hover_enabled=&#8221;off|desktop&#8221; button_icon_color__hover_enabled=&#8221;on|desktop&#8221;][\/et_pb_button][\/et_pb_column][\/et_pb_row][\/et_pb_section][et_pb_section fb_built=&#8221;1&#8243; _builder_version=&#8221;4.27.4&#8243; _module_preset=&#8221;default&#8221; background_color=&#8221;#2573C1&#8243; custom_padding=&#8221;||19px|||&#8221; global_colors_info=&#8221;{}&#8221;][et_pb_row _builder_version=&#8221;4.27.4&#8243; _module_preset=&#8221;default&#8221; global_colors_info=&#8221;{}&#8221;][et_pb_column type=&#8221;4_4&#8243; _builder_version=&#8221;4.27.4&#8243; _module_preset=&#8221;default&#8221; global_colors_info=&#8221;{}&#8221;][wpt_et_pb_testimonials_carousel fetch_from_assigned_posts=&#8221;off&#8221; filter_by_categories=&#8221;on&#8221; categories=&#8221;41,39&#8243; rating=&#8221;4&#8243; display=&#8221;6&#8243; show_avatar=&#8221;off&#8221; effect=&#8221;coverflow&#8221; centered_slides=&#8221;on&#8221; coverflow_rotate=&#8221;30&#8243; autoplay=&#8221;on&#8221; autoplay_speed=&#8221;6000&#8243; show_arrow=&#8221;off&#8221; slides_per_view_tablet=&#8221;2&#8243; slides_per_view_phone=&#8221;1&#8243; slides_per_view_last_edited=&#8221;on|phone&#8221; _builder_version=&#8221;4.27.4&#8243; _module_preset=&#8221;default&#8221; global_colors_info=&#8221;{}&#8221;][\/wpt_et_pb_testimonials_carousel][\/et_pb_column][\/et_pb_row][\/et_pb_section]<\/p>\n","protected":false},"excerpt":{"rendered":"<p>School LifeWellspring Academy is committed to providing a holistic, Christ-centered education that equips students with the knowledge, skills, and values necessary to become highly skilled, godly leaders and agents of [&hellip;]<\/p>\n","protected":false},"author":1,"featured_media":0,"parent":0,"menu_order":0,"comment_status":"closed","ping_status":"closed","template":"","meta":{"_et_pb_use_builder":"on","_et_pb_old_content":"<!-- wp:divi\/placeholder \/-->","_et_gb_content_width":"","_glsr_average":0,"_glsr_ranking":0,"_glsr_reviews":0,"footnotes":""},"folder":[],"class_list":["post-35","page","type-page","status-publish","hentry"],"yoast_head":"<!-- This site is optimized with the Yoast SEO plugin v27.4 - https:\/\/yoast.com\/product\/yoast-seo-wordpress\/ -->\n<title>School Life - Wellspring Academy Kigali Rwanda<\/title>\n<meta name=\"robots\" content=\"index, follow, max-snippet:-1, max-image-preview:large, max-video-preview:-1\" \/>\n<link rel=\"canonical\" href=\"https:\/\/www.wellspringacademy.org\/fr\/school-life\/\" \/>\n<meta property=\"og:locale\" content=\"fr_FR\" \/>\n<meta property=\"og:type\" content=\"article\" \/>\n<meta property=\"og:title\" content=\"School Life - Wellspring Academy Kigali Rwanda\" \/>\n<meta property=\"og:description\" content=\"School LifeWellspring Academy is committed to providing a holistic, Christ-centered education that equips students with the knowledge, skills, and values necessary to become highly skilled, godly leaders and agents of [&hellip;]\" \/>\n<meta property=\"og:url\" content=\"https:\/\/www.wellspringacademy.org\/fr\/school-life\/\" \/>\n<meta property=\"og:site_name\" content=\"Wellspring Academy Kigali Rwanda\" \/>\n<meta property=\"article:modified_time\" content=\"2025-06-13T07:08:04+00:00\" \/>\n<meta name=\"twitter:card\" content=\"summary_large_image\" \/>\n<meta name=\"twitter:label1\" content=\"Dur\u00e9e de lecture estim\u00e9e\" \/>\n\t<meta name=\"twitter:data1\" content=\"7 minutes\" \/>\n<script type=\"application\/ld+json\" class=\"yoast-schema-graph\">{\"@context\":\"https:\\\/\\\/schema.org\",\"@graph\":[{\"@type\":\"WebPage\",\"@id\":\"https:\\\/\\\/www.wellspringacademy.org\\\/school-life\\\/\",\"url\":\"https:\\\/\\\/www.wellspringacademy.org\\\/school-life\\\/\",\"name\":\"School Life - Wellspring Academy Kigali Rwanda\",\"isPartOf\":{\"@id\":\"https:\\\/\\\/www.wellspringacademy.org\\\/#website\"},\"datePublished\":\"2025-03-17T12:44:43+00:00\",\"dateModified\":\"2025-06-13T07:08:04+00:00\",\"breadcrumb\":{\"@id\":\"https:\\\/\\\/www.wellspringacademy.org\\\/school-life\\\/#breadcrumb\"},\"inLanguage\":\"fr-FR\",\"potentialAction\":[{\"@type\":\"ReadAction\",\"target\":[\"https:\\\/\\\/www.wellspringacademy.org\\\/school-life\\\/\"]}]},{\"@type\":\"BreadcrumbList\",\"@id\":\"https:\\\/\\\/www.wellspringacademy.org\\\/school-life\\\/#breadcrumb\",\"itemListElement\":[{\"@type\":\"ListItem\",\"position\":1,\"name\":\"Home\",\"item\":\"https:\\\/\\\/www.wellspringacademy.org\\\/\"},{\"@type\":\"ListItem\",\"position\":2,\"name\":\"School Life\"}]},{\"@type\":\"WebSite\",\"@id\":\"https:\\\/\\\/www.wellspringacademy.org\\\/#website\",\"url\":\"https:\\\/\\\/www.wellspringacademy.org\\\/\",\"name\":\"Wellspring Academy Kigali Rwanda\",\"description\":\"Where academics and faith shape future leaders\",\"potentialAction\":[{\"@type\":\"SearchAction\",\"target\":{\"@type\":\"EntryPoint\",\"urlTemplate\":\"https:\\\/\\\/www.wellspringacademy.org\\\/?s={search_term_string}\"},\"query-input\":{\"@type\":\"PropertyValueSpecification\",\"valueRequired\":true,\"valueName\":\"search_term_string\"}}],\"inLanguage\":\"fr-FR\"}]}<\/script>\n<!-- \/ Yoast SEO plugin. -->","yoast_head_json":{"title":"Vie scolaire - Wellspring Academy Kigali Rwanda","robots":{"index":"index","follow":"follow","max-snippet":"max-snippet:-1","max-image-preview":"max-image-preview:large","max-video-preview":"max-video-preview:-1"},"canonical":"https:\/\/www.wellspringacademy.org\/fr\/school-life\/","og_locale":"fr_FR","og_type":"article","og_title":"School Life - Wellspring Academy Kigali Rwanda","og_description":"School LifeWellspring Academy is committed to providing a holistic, Christ-centered education that equips students with the knowledge, skills, and values necessary to become highly skilled, godly leaders and agents of [&hellip;]","og_url":"https:\/\/www.wellspringacademy.org\/fr\/school-life\/","og_site_name":"Wellspring Academy Kigali Rwanda","article_modified_time":"2025-06-13T07:08:04+00:00","twitter_card":"summary_large_image","twitter_misc":{"Dur\u00e9e de lecture estim\u00e9e":"7 minutes"},"schema":{"@context":"https:\/\/schema.org","@graph":[{"@type":"WebPage","@id":"https:\/\/www.wellspringacademy.org\/school-life\/","url":"https:\/\/www.wellspringacademy.org\/school-life\/","name":"Vie scolaire - Wellspring Academy Kigali Rwanda","isPartOf":{"@id":"https:\/\/www.wellspringacademy.org\/#website"},"datePublished":"2025-03-17T12:44:43+00:00","dateModified":"2025-06-13T07:08:04+00:00","breadcrumb":{"@id":"https:\/\/www.wellspringacademy.org\/school-life\/#breadcrumb"},"inLanguage":"fr-FR","potentialAction":[{"@type":"ReadAction","target":["https:\/\/www.wellspringacademy.org\/school-life\/"]}]},{"@type":"BreadcrumbList","@id":"https:\/\/www.wellspringacademy.org\/school-life\/#breadcrumb","itemListElement":[{"@type":"ListItem","position":1,"name":"Home","item":"https:\/\/www.wellspringacademy.org\/"},{"@type":"ListItem","position":2,"name":"School Life"}]},{"@type":"WebSite","@id":"https:\/\/www.wellspringacademy.org\/#website","url":"https:\/\/www.wellspringacademy.org\/","name":"Acad\u00e9mie Wellspring Kigali Rwanda","description":"O\u00f9 le savoir et la foi fa\u00e7onnent les futurs leaders","potentialAction":[{"@type":"SearchAction","target":{"@type":"EntryPoint","urlTemplate":"https:\/\/www.wellspringacademy.org\/?s={search_term_string}"},"query-input":{"@type":"PropertyValueSpecification","valueRequired":true,"valueName":"search_term_string"}}],"inLanguage":"fr-FR"}]}},"_links":{"self":[{"href":"https:\/\/www.wellspringacademy.org\/fr\/wp-json\/wp\/v2\/pages\/35","targetHints":{"allow":["GET"]}}],"collection":[{"href":"https:\/\/www.wellspringacademy.org\/fr\/wp-json\/wp\/v2\/pages"}],"about":[{"href":"https:\/\/www.wellspringacademy.org\/fr\/wp-json\/wp\/v2\/types\/page"}],"author":[{"embeddable":true,"href":"https:\/\/www.wellspringacademy.org\/fr\/wp-json\/wp\/v2\/users\/1"}],"replies":[{"embeddable":true,"href":"https:\/\/www.wellspringacademy.org\/fr\/wp-json\/wp\/v2\/comments?post=35"}],"version-history":[{"count":11,"href":"https:\/\/www.wellspringacademy.org\/fr\/wp-json\/wp\/v2\/pages\/35\/revisions"}],"predecessor-version":[{"id":987519804,"href":"https:\/\/www.wellspringacademy.org\/fr\/wp-json\/wp\/v2\/pages\/35\/revisions\/987519804"}],"wp:attachment":[{"href":"https:\/\/www.wellspringacademy.org\/fr\/wp-json\/wp\/v2\/media?parent=35"}],"wp:term":[{"taxonomy":"folder","embeddable":true,"href":"https:\/\/www.wellspringacademy.org\/fr\/wp-json\/wp\/v2\/folder?post=35"}],"curies":[{"name":"wp","href":"https:\/\/api.w.org\/{rel}","templated":true}]}}