{"id":6322,"date":"2025-03-24T11:29:26","date_gmt":"2025-03-24T09:29:26","guid":{"rendered":"https:\/\/wsa.paulwebdesign.rw\/?page_id=6322"},"modified":"2025-05-13T10:59:51","modified_gmt":"2025-05-13T08:59:51","slug":"our-story","status":"publish","type":"page","link":"https:\/\/www.wellspringacademy.org\/fr\/about\/our-story\/","title":{"rendered":"Notre histoire"},"content":{"rendered":"<p>[et_pb_section fb_built=&#8221;1&#8243; fullwidth=&#8221;on&#8221; _builder_version=&#8221;4.27.4&#8243; _module_preset=&#8221;default&#8221; global_colors_info=&#8221;{}&#8221;][et_pb_fullwidth_header title=&#8221;Our Story&#8221; _builder_version=&#8221;4.27.4&#8243; _module_preset=&#8221;default&#8221; background_image=&#8221;https:\/\/www.wellspringacademy.org\/wp-content\/uploads\/2025\/03\/IMG_20221005_153352_105-scaled-1.jpg&#8221; global_colors_info=&#8221;{}&#8221;][\/et_pb_fullwidth_header][et_pb_fullwidth_code _builder_version=&#8221;4.27.4&#8243; _module_preset=&#8221;default&#8221; global_colors_info=&#8221;{}&#8221;]<\/p>\n<style><!-- [et_pb_line_break_holder] -->  .et_pb_row{<!-- [et_pb_line_break_holder] -->    background-size:cover;<!-- [et_pb_line_break_holder] -->    background-repeat:no-repeat;<!-- [et_pb_line_break_holder] -->  }<!-- [et_pb_line_break_holder] -->  #bg2004{<!-- [et_pb_line_break_holder] -->    background-image: url(\"data:image\/svg+xml;utf8,<svg xmlns='http:\/\/www.w3.org\/2000\/svg' version='1.1' height='50px' width='120px'><text x='0' y='15' fill='%23fff157' font-size='13' transform='rotate(-90, 20, 20)'>2004<\/text><\/svg>\");<!-- [et_pb_line_break_holder] -->  }<!-- [et_pb_line_break_holder] -->#bg2007{<!-- [et_pb_line_break_holder] -->    background-image: url(\"data:image\/svg+xml;utf8,<svg xmlns='http:\/\/www.w3.org\/2000\/svg' version='1.1' height='50px' width='120px'><text x='0' y='15' fill='%23fff157' font-size='13' transform='rotate(-90, 20, 20)'>2007<\/text><\/svg>\");<!-- [et_pb_line_break_holder] -->  }<!-- [et_pb_line_break_holder] -->#bg2010{<!-- [et_pb_line_break_holder] -->    background-image: url(\"data:image\/svg+xml;utf8,<svg xmlns='http:\/\/www.w3.org\/2000\/svg' version='1.1' height='50px' width='120px'><text x='0' y='15' fill='%23fff157' font-size='13' transform='rotate(-90, 20, 20)'>2010<\/text><\/svg>\");<!-- [et_pb_line_break_holder] -->  }<!-- [et_pb_line_break_holder] -->#bg2011{<!-- [et_pb_line_break_holder] -->    background-image: url(\"data:image\/svg+xml;utf8,<svg xmlns='http:\/\/www.w3.org\/2000\/svg' version='1.1' height='50px' width='120px'><text x='0' y='15' fill='%23fff157' font-size='13' transform='rotate(-90, 20, 20)'>2011<\/text><\/svg>\");<!-- [et_pb_line_break_holder] -->  }<!-- [et_pb_line_break_holder] -->#bg2014{<!-- [et_pb_line_break_holder] -->    background-image: url(\"data:image\/svg+xml;utf8,<svg xmlns='http:\/\/www.w3.org\/2000\/svg' version='1.1' height='50px' width='120px'><text x='0' y='15' fill='%23fff157' font-size='13' transform='rotate(-90, 20, 20)'>2014<\/text><\/svg>\");<!-- [et_pb_line_break_holder] -->  }<!-- [et_pb_line_break_holder] -->#bg2015{<!-- [et_pb_line_break_holder] -->    background-image: url(\"data:image\/svg+xml;utf8,<svg xmlns='http:\/\/www.w3.org\/2000\/svg' version='1.1' height='50px' width='120px'><text x='0' y='15' fill='%23fff157' font-size='13' transform='rotate(-90, 20, 20)'>2015<\/text><\/svg>\");<!-- [et_pb_line_break_holder] -->  }<!-- [et_pb_line_break_holder] -->#bg2017{<!-- [et_pb_line_break_holder] -->    background-image: url(\"data:image\/svg+xml;utf8,<svg xmlns='http:\/\/www.w3.org\/2000\/svg' version='1.1' height='50px' width='120px'><text x='0' y='15' fill='%23fff157' font-size='13' transform='rotate(-90, 20, 20)'>2017<\/text><\/svg>\");<!-- [et_pb_line_break_holder] -->  }<!-- [et_pb_line_break_holder] -->#bg2018{<!-- [et_pb_line_break_holder] -->    background-image: url(\"data:image\/svg+xml;utf8,<svg xmlns='http:\/\/www.w3.org\/2000\/svg' version='1.1' height='50px' width='120px'><text x='0' y='15' fill='%23fff157' font-size='13' transform='rotate(-90, 20, 20)'>2018<\/text><\/svg>\");<!-- [et_pb_line_break_holder] -->  }<!-- [et_pb_line_break_holder] -->#bg2019{<!-- [et_pb_line_break_holder] -->    background-image: url(\"data:image\/svg+xml;utf8,<svg xmlns='http:\/\/www.w3.org\/2000\/svg' version='1.1' height='50px' width='120px'><text x='0' y='15' fill='%23fff157' font-size='13' transform='rotate(-90, 20, 20)'>2019<\/text><\/svg>\");<!-- [et_pb_line_break_holder] -->  }<!-- [et_pb_line_break_holder] -->#bg2020{<!-- [et_pb_line_break_holder] -->    background-image: url(\"data:image\/svg+xml;utf8,<svg xmlns='http:\/\/www.w3.org\/2000\/svg' version='1.1' height='50px' width='120px'><text x='0' y='15' fill='%23fff157' font-size='13' transform='rotate(-90, 20, 20)'>2020<\/text><\/svg>\");<!-- [et_pb_line_break_holder] -->  }<!-- [et_pb_line_break_holder] --><\/style>\n<p>[\/et_pb_fullwidth_code][\/et_pb_section][et_pb_section fb_built=&#8221;1&#8243; _builder_version=&#8221;4.27.4&#8243; _module_preset=&#8221;default&#8221; global_colors_info=&#8221;{}&#8221;][et_pb_row column_structure=&#8221;3_5,2_5&#8243; module_id=&#8221;bg2004&#8243; module_class=&#8221;year-bg&#8221; _builder_version=&#8221;4.27.4&#8243; _module_preset=&#8221;057ae9e5-f90d-4b35-8d8c-5134666c05d5&#8243; global_colors_info=&#8221;{}&#8221;][et_pb_column type=&#8221;3_5&#8243; _builder_version=&#8221;4.27.4&#8243; _module_preset=&#8221;default&#8221; global_colors_info=&#8221;{}&#8221;][et_pb_text _builder_version=&#8221;4.27.4&#8243; _module_preset=&#8221;default&#8221; global_colors_info=&#8221;{}&#8221;]<\/p>\n<h4 class=\"et_pb_module_header\">2004<\/h4>\n<div class=\"et_pb_blurb_description\">\n<p><span>In 2004, in the post-genocide nation of Rwanda, there was a desperate need for a Christian school with Biblically integrated values for Rwanda and its children. \u00a0Listening to the local stories of this necessity, Richard Taylor and Jeffrey Komant, founded the Wellspring Academy. The vision was from Christian Life Assembly church to equip godly servant leaders to bless Rwanda and display the best of Rwanda to the world. \u00a0The construction efforts began soon after on the first two blocks of classrooms.<\/span><\/p>\n<\/div>\n<p>[\/et_pb_text][\/et_pb_column][et_pb_column type=&#8221;2_5&#8243; _builder_version=&#8221;4.27.4&#8243; _module_preset=&#8221;default&#8221; global_colors_info=&#8221;{}&#8221;][et_pb_image src=&#8221;https:\/\/www.wellspringacademy.org\/wp-content\/uploads\/2025\/03\/USHU-and-Lentz-safari-JanFeb-07-078-1-600&#215;600-1.jpg&#8221; title_text=&#8221;USHU-and-Lentz-safari-JanFeb-07-078-1-600&#215;600&#8243; _builder_version=&#8221;4.27.4&#8243; _module_preset=&#8221;default&#8221; global_colors_info=&#8221;{}&#8221;][\/et_pb_image][\/et_pb_column][\/et_pb_row][et_pb_row column_structure=&#8221;3_5,2_5&#8243; module_id=&#8221;bg2007&#8243; module_class=&#8221;year-bg&#8221; _builder_version=&#8221;4.27.4&#8243; _module_preset=&#8221;057ae9e5-f90d-4b35-8d8c-5134666c05d5&#8243; global_colors_info=&#8221;{}&#8221;][et_pb_column type=&#8221;3_5&#8243; _builder_version=&#8221;4.27.4&#8243; _module_preset=&#8221;default&#8221; global_colors_info=&#8221;{}&#8221;][et_pb_text _builder_version=&#8221;4.27.4&#8243; _module_preset=&#8221;default&#8221; global_colors_info=&#8221;{}&#8221;]<\/p>\n<h4 class=\"et_pb_module_header\">2007<\/h4>\n<div class=\"et_pb_blurb_description\">\n<p><span>In January 2007, Wellspring Academy opened its doors. The first classes were from Foundation to Grade 3 with 107 students and 7 teachers. With Rosette Muligande as the first principal\u00a0of the school, she led the school very successfully with the Rwandan national curriculum.<\/span><\/p>\n<\/div>\n<p>[\/et_pb_text][\/et_pb_column][et_pb_column type=&#8221;2_5&#8243; _builder_version=&#8221;4.27.4&#8243; _module_preset=&#8221;default&#8221; global_colors_info=&#8221;{}&#8221;][et_pb_image src=&#8221;https:\/\/www.wellspringacademy.org\/wp-content\/uploads\/2025\/03\/274-600&#215;600-1.jpg&#8221; title_text=&#8221;274-600&#215;600&#8243; _builder_version=&#8221;4.27.4&#8243; _module_preset=&#8221;default&#8221; global_colors_info=&#8221;{}&#8221;][\/et_pb_image][\/et_pb_column][\/et_pb_row][et_pb_row column_structure=&#8221;3_5,2_5&#8243; module_id=&#8221;bg2010&#8243; module_class=&#8221;year-bg&#8221; _builder_version=&#8221;4.27.4&#8243; _module_preset=&#8221;057ae9e5-f90d-4b35-8d8c-5134666c05d5&#8243; global_colors_info=&#8221;{}&#8221;][et_pb_column type=&#8221;3_5&#8243; _builder_version=&#8221;4.27.4&#8243; _module_preset=&#8221;default&#8221; global_colors_info=&#8221;{}&#8221;][et_pb_text _builder_version=&#8221;4.27.4&#8243; _module_preset=&#8221;default&#8221; global_colors_info=&#8221;{}&#8221;]<\/p>\n<h4 class=\"et_pb_module_header\">2010<\/h4>\n<div class=\"et_pb_blurb_description\">\n<p><span>In 2010, Wellspring Academy administered the Primary 6 National Exam. Students passed the national exams with flying colours and every student was placed in Rwanda\u2019s Division 1 rankings.<\/span><\/p>\n<\/div>\n<p>[\/et_pb_text][\/et_pb_column][et_pb_column type=&#8221;2_5&#8243; _builder_version=&#8221;4.27.4&#8243; _module_preset=&#8221;default&#8221; global_colors_info=&#8221;{}&#8221;][et_pb_image src=&#8221;https:\/\/www.wellspringacademy.org\/wp-content\/uploads\/2025\/03\/slide01-2.jpg&#8221; title_text=&#8221;slide01-2&#8243; _builder_version=&#8221;4.27.4&#8243; _module_preset=&#8221;default&#8221; global_colors_info=&#8221;{}&#8221;][\/et_pb_image][\/et_pb_column][\/et_pb_row][et_pb_row column_structure=&#8221;3_5,2_5&#8243; module_id=&#8221;bg2011&#8243; module_class=&#8221;year-bg&#8221; _builder_version=&#8221;4.27.4&#8243; _module_preset=&#8221;057ae9e5-f90d-4b35-8d8c-5134666c05d5&#8243; global_colors_info=&#8221;{}&#8221;][et_pb_column type=&#8221;3_5&#8243; _builder_version=&#8221;4.27.4&#8243; _module_preset=&#8221;default&#8221; global_colors_info=&#8221;{}&#8221;][et_pb_text _builder_version=&#8221;4.27.4&#8243; _module_preset=&#8221;default&#8221; global_colors_info=&#8221;{}&#8221;]<\/p>\n<h4 class=\"et_pb_module_header\">2011<\/h4>\n<div class=\"et_pb_blurb_description\">\n<p><span>In 2011, the secondary section opened with many more classroom blocks, a library, and other buildings built along with two full streams of students for each class from Foundation to Grade 7.  Stephen Rudakemwa was appointed as the new Wellspring Academy secondary deputy principal.<\/span><\/p>\n<\/div>\n<p>[\/et_pb_text][\/et_pb_column][et_pb_column type=&#8221;2_5&#8243; _builder_version=&#8221;4.27.4&#8243; _module_preset=&#8221;default&#8221; global_colors_info=&#8221;{}&#8221;][et_pb_image src=&#8221;https:\/\/www.wellspringacademy.org\/wp-content\/uploads\/2025\/03\/IMG_4115-600&#215;600-1.jpg&#8221; title_text=&#8221;IMG_4115-600&#215;600&#8243; _builder_version=&#8221;4.27.4&#8243; _module_preset=&#8221;default&#8221; global_colors_info=&#8221;{}&#8221;][\/et_pb_image][\/et_pb_column][\/et_pb_row][et_pb_row column_structure=&#8221;3_5,2_5&#8243; module_id=&#8221;bg2014&#8243; module_class=&#8221;year-bg&#8221; _builder_version=&#8221;4.27.4&#8243; _module_preset=&#8221;057ae9e5-f90d-4b35-8d8c-5134666c05d5&#8243; global_colors_info=&#8221;{}&#8221;][et_pb_column type=&#8221;3_5&#8243; _builder_version=&#8221;4.27.4&#8243; _module_preset=&#8221;default&#8221; global_colors_info=&#8221;{}&#8221;][et_pb_text _builder_version=&#8221;4.27.4&#8243; _module_preset=&#8221;default&#8221; global_colors_info=&#8221;{}&#8221;]<\/p>\n<h4 class=\"et_pb_module_header\">2014<\/h4>\n<div class=\"et_pb_blurb_description\">\n<p><span>In 2014, led by Principal Martine Kagabo, Wellspring Academy transitioned from the Rwandan National Curriculum to the Cambridge International Curriculum.  Exposure to an international curriculum allowed students to be introduced to different ways of thinking, more student engagement, and learning outcomes that are on international standards.<\/span><\/p>\n<\/div>\n<p>[\/et_pb_text][\/et_pb_column][et_pb_column type=&#8221;2_5&#8243; _builder_version=&#8221;4.27.4&#8243; _module_preset=&#8221;default&#8221; global_colors_info=&#8221;{}&#8221;][et_pb_image src=&#8221;https:\/\/www.wellspringacademy.org\/wp-content\/uploads\/2025\/03\/Yearbook-Martine3-600&#215;600-1.jpg&#8221; title_text=&#8221;Yearbook-Martine3-600&#215;600&#8243; _builder_version=&#8221;4.27.4&#8243; _module_preset=&#8221;default&#8221; global_colors_info=&#8221;{}&#8221;][\/et_pb_image][\/et_pb_column][\/et_pb_row][et_pb_row column_structure=&#8221;3_5,2_5&#8243; module_id=&#8221;bg2015&#8243; module_class=&#8221;year-bg&#8221; _builder_version=&#8221;4.27.4&#8243; _module_preset=&#8221;057ae9e5-f90d-4b35-8d8c-5134666c05d5&#8243; global_colors_info=&#8221;{}&#8221;][et_pb_column type=&#8221;3_5&#8243; _builder_version=&#8221;4.27.4&#8243; _module_preset=&#8221;default&#8221; global_colors_info=&#8221;{}&#8221;][et_pb_text _builder_version=&#8221;4.27.4&#8243; _module_preset=&#8221;default&#8221; global_colors_info=&#8221;{}&#8221;]<\/p>\n<h4 class=\"et_pb_module_header\">2015<\/h4>\n<div class=\"et_pb_blurb_description\">\n<p><span>In June 2015, Wellspring Academy celebrated its first Grade 12 graduation.  Many students from 2007 stayed at Wellspring during their entire school career. This is a testament to God\u2019s faithfulness to students, staff and the community. The pioneer graduating class has been very successful in their endeavours in Rwanda and the world.<\/span><\/p>\n<\/div>\n<p>[\/et_pb_text][\/et_pb_column][et_pb_column type=&#8221;2_5&#8243; _builder_version=&#8221;4.27.4&#8243; _module_preset=&#8221;default&#8221; global_colors_info=&#8221;{}&#8221;][et_pb_image src=&#8221;https:\/\/www.wellspringacademy.org\/wp-content\/uploads\/2025\/03\/grad-1024&#215;566-600&#215;566-1.jpg&#8221; title_text=&#8221;grad-1024&#215;566-600&#215;566&#8243; _builder_version=&#8221;4.27.4&#8243; _module_preset=&#8221;default&#8221; global_colors_info=&#8221;{}&#8221;][\/et_pb_image][\/et_pb_column][\/et_pb_row][et_pb_row column_structure=&#8221;3_5,2_5&#8243; module_id=&#8221;bg2017&#8243; module_class=&#8221;year-bg&#8221; _builder_version=&#8221;4.27.4&#8243; _module_preset=&#8221;057ae9e5-f90d-4b35-8d8c-5134666c05d5&#8243; global_colors_info=&#8221;{}&#8221;][et_pb_column type=&#8221;3_5&#8243; _builder_version=&#8221;4.27.4&#8243; _module_preset=&#8221;default&#8221; global_colors_info=&#8221;{}&#8221;][et_pb_text _builder_version=&#8221;4.27.4&#8243; _module_preset=&#8221;default&#8221; global_colors_info=&#8221;{}&#8221;]<\/p>\n<h4 class=\"et_pb_module_header\">2017<\/h4>\n<div class=\"et_pb_blurb_description\">\n<p><span>At the end of the 2016-2017 academic year, staff, students and parents celebrated 10 years of God\u2019s faithfulness for Wellspring Academy. \u00a0The school was blessed with singing, dancing, speeches from the founders, and powerful messages from Christian Life Assembly&#8217;s founding pastor, Elmer Komant.\u00a0<\/span><a href=\"https:\/\/www.youtube.com\/watch?v=_Du0MecgSEI\" target=\"_blank\" rel=\"noopener\">Click here to watch the video!<\/a><\/p>\n<\/div>\n<p>[\/et_pb_text][\/et_pb_column][et_pb_column type=&#8221;2_5&#8243; _builder_version=&#8221;4.27.4&#8243; _module_preset=&#8221;default&#8221; global_colors_info=&#8221;{}&#8221;][et_pb_image src=&#8221;https:\/\/www.wellspringacademy.org\/wp-content\/uploads\/2025\/03\/10-year-thumbnail-600&#215;600-1.jpg&#8221; title_text=&#8221;10-year-thumbnail-600&#215;600&#8243; _builder_version=&#8221;4.27.4&#8243; _module_preset=&#8221;default&#8221; global_colors_info=&#8221;{}&#8221;][\/et_pb_image][\/et_pb_column][\/et_pb_row][et_pb_row column_structure=&#8221;3_5,2_5&#8243; module_id=&#8221;bg2018&#8243; module_class=&#8221;year-bg&#8221; _builder_version=&#8221;4.27.4&#8243; _module_preset=&#8221;057ae9e5-f90d-4b35-8d8c-5134666c05d5&#8243; global_colors_info=&#8221;{}&#8221;][et_pb_column type=&#8221;3_5&#8243; _builder_version=&#8221;4.27.4&#8243; _module_preset=&#8221;default&#8221; global_colors_info=&#8221;{}&#8221;][et_pb_text _builder_version=&#8221;4.27.4&#8243; _module_preset=&#8221;default&#8221; global_colors_info=&#8221;{}&#8221;]<\/p>\n<h4 class=\"et_pb_module_header\">2018<\/h4>\n<div class=\"et_pb_blurb_description\"><span>Early in 2018, Wellspring Academy was officially recognised as a Cambridge International School. \u00a0On June 1, 2018 Wellspring Academy announced its new principal, Stephen Rudakemwa. With a student body of nearly 675 students and over 70 staff members, Wellspring has become known as one of the best schools in Kigali.<\/span><span>\u00a0<\/span><\/div>\n<p>[\/et_pb_text][\/et_pb_column][et_pb_column type=&#8221;2_5&#8243; _builder_version=&#8221;4.27.4&#8243; _module_preset=&#8221;default&#8221; global_colors_info=&#8221;{}&#8221;][et_pb_image src=&#8221;https:\/\/www.wellspringacademy.org\/wp-content\/uploads\/2025\/03\/Stephen-Rudakemwa-June-29-2018.jpg&#8221; title_text=&#8221;Stephen-Rudakemwa-June-29-2018&#8243; _builder_version=&#8221;4.27.4&#8243; _module_preset=&#8221;default&#8221; global_colors_info=&#8221;{}&#8221;][\/et_pb_image][\/et_pb_column][\/et_pb_row][et_pb_row column_structure=&#8221;3_5,2_5&#8243; module_id=&#8221;bg2019&#8243; module_class=&#8221;year-bg&#8221; _builder_version=&#8221;4.27.4&#8243; _module_preset=&#8221;057ae9e5-f90d-4b35-8d8c-5134666c05d5&#8243; global_colors_info=&#8221;{}&#8221;][et_pb_column type=&#8221;3_5&#8243; _builder_version=&#8221;4.27.4&#8243; _module_preset=&#8221;default&#8221; global_colors_info=&#8221;{}&#8221;][et_pb_text _builder_version=&#8221;4.27.4&#8243; _module_preset=&#8221;default&#8221; global_colors_info=&#8221;{}&#8221;]<\/p>\n<h4 class=\"et_pb_module_header\">2019<\/h4>\n<div class=\"et_pb_blurb_description\"><span>On June 29th, 2019 Wellspring Academy celebrated its 4th graduation ceremony. We were proud and pleased to see our students walk across the stage after completing over 12 years of education. We pray that this graduating class finds the paths God has laid for them.<\/span><\/div>\n<p>[\/et_pb_text][\/et_pb_column][et_pb_column type=&#8221;2_5&#8243; _builder_version=&#8221;4.27.4&#8243; _module_preset=&#8221;default&#8221; global_colors_info=&#8221;{}&#8221;][et_pb_image src=&#8221;https:\/\/www.wellspringacademy.org\/wp-content\/uploads\/2025\/03\/316A3394-600&#215;600-1.jpg&#8221; title_text=&#8221;316A3394-600&#215;600&#8243; _builder_version=&#8221;4.27.4&#8243; _module_preset=&#8221;default&#8221; global_colors_info=&#8221;{}&#8221;][\/et_pb_image][\/et_pb_column][\/et_pb_row][et_pb_row column_structure=&#8221;3_5,2_5&#8243; module_id=&#8221;bg2020&#8243; module_class=&#8221;year-bg&#8221; _builder_version=&#8221;4.27.4&#8243; _module_preset=&#8221;057ae9e5-f90d-4b35-8d8c-5134666c05d5&#8243; global_colors_info=&#8221;{}&#8221;][et_pb_column type=&#8221;3_5&#8243; _builder_version=&#8221;4.27.4&#8243; _module_preset=&#8221;default&#8221; global_colors_info=&#8221;{}&#8221;][et_pb_text _builder_version=&#8221;4.27.4&#8243; _module_preset=&#8221;default&#8221; global_colors_info=&#8221;{}&#8221;]<\/p>\n<h4 class=\"et_pb_module_header\">2020<\/h4>\n<div class=\"et_pb_blurb_description\"><span>In 2020, around March we experienced a lock down due to Coronavirus. The school took adequate measure to keep the teaching and learning process going. We taught online. Together with teachers we achieved the completion of the academic year 2019 &#8211; 2020 successfully.<\/span><\/div>\n<p>[\/et_pb_text][\/et_pb_column][et_pb_column type=&#8221;2_5&#8243; _builder_version=&#8221;4.27.4&#8243; _module_preset=&#8221;default&#8221; global_colors_info=&#8221;{}&#8221;][et_pb_image src=&#8221;https:\/\/www.wellspringacademy.org\/wp-content\/uploads\/2025\/03\/Computer-Lab-2-600&#215;600-1.jpg&#8221; title_text=&#8221;Computer-Lab-2-600&#215;600&#8243; _builder_version=&#8221;4.27.4&#8243; _module_preset=&#8221;default&#8221; global_colors_info=&#8221;{}&#8221;][\/et_pb_image][\/et_pb_column][\/et_pb_row][\/et_pb_section]<\/p>\n","protected":false},"excerpt":{"rendered":"<p>2004 In 2004, in the post-genocide nation of Rwanda, there was a desperate need for a Christian school with Biblically integrated values for Rwanda and its children. \u00a0Listening to the [&hellip;]<\/p>\n","protected":false},"author":1,"featured_media":0,"parent":28,"menu_order":0,"comment_status":"closed","ping_status":"open","template":"","meta":{"_et_pb_use_builder":"on","_et_pb_old_content":"<!-- wp:paragraph -->\n<p>our story<\/p>\n<!-- \/wp:paragraph -->","_et_gb_content_width":"","_glsr_average":0,"_glsr_ranking":0,"_glsr_reviews":0,"footnotes":""},"folder":[],"class_list":["post-6322","page","type-page","status-publish","hentry"],"yoast_head":"<!-- This site is optimized with the Yoast SEO plugin v27.4 - https:\/\/yoast.com\/product\/yoast-seo-wordpress\/ -->\n<title>Our Story - Wellspring Academy Kigali Rwanda<\/title>\n<meta name=\"robots\" content=\"index, follow, max-snippet:-1, max-image-preview:large, max-video-preview:-1\" \/>\n<link rel=\"canonical\" href=\"https:\/\/www.wellspringacademy.org\/fr\/about\/our-story\/\" \/>\n<meta property=\"og:locale\" content=\"fr_FR\" \/>\n<meta property=\"og:type\" content=\"article\" \/>\n<meta property=\"og:title\" content=\"Our Story - Wellspring Academy Kigali Rwanda\" \/>\n<meta property=\"og:description\" content=\"2004 In 2004, in the post-genocide nation of Rwanda, there was a desperate need for a Christian school with Biblically integrated values for Rwanda and its children. \u00a0Listening to the [&hellip;]\" \/>\n<meta property=\"og:url\" content=\"https:\/\/www.wellspringacademy.org\/fr\/about\/our-story\/\" \/>\n<meta property=\"og:site_name\" content=\"Wellspring Academy Kigali Rwanda\" \/>\n<meta property=\"article:modified_time\" content=\"2025-05-13T08:59:51+00:00\" \/>\n<meta name=\"twitter:card\" content=\"summary_large_image\" \/>\n<meta name=\"twitter:label1\" content=\"Dur\u00e9e de lecture estim\u00e9e\" \/>\n\t<meta name=\"twitter:data1\" content=\"8 minutes\" \/>\n<script type=\"application\/ld+json\" class=\"yoast-schema-graph\">{\"@context\":\"https:\\\/\\\/schema.org\",\"@graph\":[{\"@type\":\"WebPage\",\"@id\":\"https:\\\/\\\/www.wellspringacademy.org\\\/about\\\/our-story\\\/\",\"url\":\"https:\\\/\\\/www.wellspringacademy.org\\\/about\\\/our-story\\\/\",\"name\":\"Our Story - Wellspring Academy Kigali Rwanda\",\"isPartOf\":{\"@id\":\"https:\\\/\\\/www.wellspringacademy.org\\\/#website\"},\"datePublished\":\"2025-03-24T09:29:26+00:00\",\"dateModified\":\"2025-05-13T08:59:51+00:00\",\"breadcrumb\":{\"@id\":\"https:\\\/\\\/www.wellspringacademy.org\\\/about\\\/our-story\\\/#breadcrumb\"},\"inLanguage\":\"fr-FR\",\"potentialAction\":[{\"@type\":\"ReadAction\",\"target\":[\"https:\\\/\\\/www.wellspringacademy.org\\\/about\\\/our-story\\\/\"]}]},{\"@type\":\"BreadcrumbList\",\"@id\":\"https:\\\/\\\/www.wellspringacademy.org\\\/about\\\/our-story\\\/#breadcrumb\",\"itemListElement\":[{\"@type\":\"ListItem\",\"position\":1,\"name\":\"Home\",\"item\":\"https:\\\/\\\/www.wellspringacademy.org\\\/\"},{\"@type\":\"ListItem\",\"position\":2,\"name\":\"About Us\",\"item\":\"https:\\\/\\\/www.wellspringacademy.org\\\/about\\\/\"},{\"@type\":\"ListItem\",\"position\":3,\"name\":\"Our Story\"}]},{\"@type\":\"WebSite\",\"@id\":\"https:\\\/\\\/www.wellspringacademy.org\\\/#website\",\"url\":\"https:\\\/\\\/www.wellspringacademy.org\\\/\",\"name\":\"Wellspring Academy Kigali Rwanda\",\"description\":\"Where academics and faith shape future leaders\",\"potentialAction\":[{\"@type\":\"SearchAction\",\"target\":{\"@type\":\"EntryPoint\",\"urlTemplate\":\"https:\\\/\\\/www.wellspringacademy.org\\\/?s={search_term_string}\"},\"query-input\":{\"@type\":\"PropertyValueSpecification\",\"valueRequired\":true,\"valueName\":\"search_term_string\"}}],\"inLanguage\":\"fr-FR\"}]}<\/script>\n<!-- \/ Yoast SEO plugin. -->","yoast_head_json":{"title":"Notre histoire - Wellspring Academy Kigali Rwanda","robots":{"index":"index","follow":"follow","max-snippet":"max-snippet:-1","max-image-preview":"max-image-preview:large","max-video-preview":"max-video-preview:-1"},"canonical":"https:\/\/www.wellspringacademy.org\/fr\/about\/our-story\/","og_locale":"fr_FR","og_type":"article","og_title":"Our Story - Wellspring Academy Kigali Rwanda","og_description":"2004 In 2004, in the post-genocide nation of Rwanda, there was a desperate need for a Christian school with Biblically integrated values for Rwanda and its children. \u00a0Listening to the [&hellip;]","og_url":"https:\/\/www.wellspringacademy.org\/fr\/about\/our-story\/","og_site_name":"Wellspring Academy Kigali Rwanda","article_modified_time":"2025-05-13T08:59:51+00:00","twitter_card":"summary_large_image","twitter_misc":{"Dur\u00e9e de lecture estim\u00e9e":"8 minutes"},"schema":{"@context":"https:\/\/schema.org","@graph":[{"@type":"WebPage","@id":"https:\/\/www.wellspringacademy.org\/about\/our-story\/","url":"https:\/\/www.wellspringacademy.org\/about\/our-story\/","name":"Notre histoire - Wellspring Academy Kigali Rwanda","isPartOf":{"@id":"https:\/\/www.wellspringacademy.org\/#website"},"datePublished":"2025-03-24T09:29:26+00:00","dateModified":"2025-05-13T08:59:51+00:00","breadcrumb":{"@id":"https:\/\/www.wellspringacademy.org\/about\/our-story\/#breadcrumb"},"inLanguage":"fr-FR","potentialAction":[{"@type":"ReadAction","target":["https:\/\/www.wellspringacademy.org\/about\/our-story\/"]}]},{"@type":"BreadcrumbList","@id":"https:\/\/www.wellspringacademy.org\/about\/our-story\/#breadcrumb","itemListElement":[{"@type":"ListItem","position":1,"name":"Home","item":"https:\/\/www.wellspringacademy.org\/"},{"@type":"ListItem","position":2,"name":"About Us","item":"https:\/\/www.wellspringacademy.org\/about\/"},{"@type":"ListItem","position":3,"name":"Our Story"}]},{"@type":"WebSite","@id":"https:\/\/www.wellspringacademy.org\/#website","url":"https:\/\/www.wellspringacademy.org\/","name":"Acad\u00e9mie Wellspring Kigali Rwanda","description":"O\u00f9 le savoir et la foi fa\u00e7onnent les futurs leaders","potentialAction":[{"@type":"SearchAction","target":{"@type":"EntryPoint","urlTemplate":"https:\/\/www.wellspringacademy.org\/?s={search_term_string}"},"query-input":{"@type":"PropertyValueSpecification","valueRequired":true,"valueName":"search_term_string"}}],"inLanguage":"fr-FR"}]}},"_links":{"self":[{"href":"https:\/\/www.wellspringacademy.org\/fr\/wp-json\/wp\/v2\/pages\/6322","targetHints":{"allow":["GET"]}}],"collection":[{"href":"https:\/\/www.wellspringacademy.org\/fr\/wp-json\/wp\/v2\/pages"}],"about":[{"href":"https:\/\/www.wellspringacademy.org\/fr\/wp-json\/wp\/v2\/types\/page"}],"author":[{"embeddable":true,"href":"https:\/\/www.wellspringacademy.org\/fr\/wp-json\/wp\/v2\/users\/1"}],"replies":[{"embeddable":true,"href":"https:\/\/www.wellspringacademy.org\/fr\/wp-json\/wp\/v2\/comments?post=6322"}],"version-history":[{"count":35,"href":"https:\/\/www.wellspringacademy.org\/fr\/wp-json\/wp\/v2\/pages\/6322\/revisions"}],"predecessor-version":[{"id":987519148,"href":"https:\/\/www.wellspringacademy.org\/fr\/wp-json\/wp\/v2\/pages\/6322\/revisions\/987519148"}],"up":[{"embeddable":true,"href":"https:\/\/www.wellspringacademy.org\/fr\/wp-json\/wp\/v2\/pages\/28"}],"wp:attachment":[{"href":"https:\/\/www.wellspringacademy.org\/fr\/wp-json\/wp\/v2\/media?parent=6322"}],"wp:term":[{"taxonomy":"folder","embeddable":true,"href":"https:\/\/www.wellspringacademy.org\/fr\/wp-json\/wp\/v2\/folder?post=6322"}],"curies":[{"name":"wp","href":"https:\/\/api.w.org\/{rel}","templated":true}]}}