{"id":987519373,"date":"2025-05-27T09:30:08","date_gmt":"2025-05-27T07:30:08","guid":{"rendered":"https:\/\/wsa.paulwebdesign.rw\/?page_id=987519373"},"modified":"2025-05-27T13:46:48","modified_gmt":"2025-05-27T11:46:48","slug":"testimonials","status":"publish","type":"page","link":"https:\/\/www.wellspringacademy.org\/fr\/about\/testimonials\/","title":{"rendered":"T\u00e9moignages"},"content":{"rendered":"<p>[et_pb_section fb_built=&#8221;1&#8243; admin_label=&#8221;section&#8221; _builder_version=&#8221;4.27.4&#8243; _module_preset=&#8221;4e153e00-2be5-453d-870f-672342c3d2b4&#8243; custom_padding=&#8221;0em||0em||true|false&#8221; global_colors_info=&#8221;{}&#8221;][et_pb_row admin_label=&#8221;row&#8221; _builder_version=&#8221;4.27.4&#8243; _module_preset=&#8221;50c2d455-59de-4799-8410-cda67b1c5511&#8243; use_background_color_gradient=&#8221;on&#8221; background_color_gradient_stops=&#8221;rgba(16,85,137,0.24) 0%|rgba(16,85,137,0.08) 6%|rgba(16,85,137,0) 100%&#8221; background_size=&#8221;initial&#8221; background_position=&#8221;top_left&#8221; background_repeat=&#8221;repeat&#8221; global_colors_info=&#8221;{}&#8221;][et_pb_column type=&#8221;4_4&#8243; _builder_version=&#8221;4.16&#8243; custom_padding=&#8221;|||&#8221; global_colors_info=&#8221;{}&#8221; custom_padding__hover=&#8221;|||&#8221;][et_pb_text admin_label=&#8221;Text&#8221; _builder_version=&#8221;4.27.4&#8243; background_size=&#8221;initial&#8221; background_position=&#8221;top_left&#8221; background_repeat=&#8221;repeat&#8221; header_text_shadow_style=&#8221;preset5&#8243; header_text_shadow_horizontal_length=&#8221;1.4px&#8221; header_text_shadow_vertical_length=&#8221;1.2px&#8221; header_text_shadow_color=&#8221;rgba(204,224,245,0.83)&#8221; global_colors_info=&#8221;{}&#8221;]<\/p>\n<h1 style=\"text-align: center;\">Testimonials<\/h1>\n<p>[\/et_pb_text][\/et_pb_column][\/et_pb_row][\/et_pb_section][et_pb_section fb_built=&#8221;1&#8243; _builder_version=&#8221;4.27.4&#8243; _module_preset=&#8221;default&#8221; global_colors_info=&#8221;{}&#8221;][et_pb_row module_id=&#8221;faith&#8221; _builder_version=&#8221;4.27.4&#8243; _module_preset=&#8221;default&#8221; custom_padding=&#8221;5px|||||&#8221; global_colors_info=&#8221;{}&#8221;][et_pb_column type=&#8221;4_4&#8243; _builder_version=&#8221;4.27.4&#8243; _module_preset=&#8221;default&#8221; global_colors_info=&#8221;{}&#8221;][et_pb_text _builder_version=&#8221;4.27.4&#8243; _module_preset=&#8221;default&#8221; global_colors_info=&#8221;{}&#8221;]<\/p>\n<h3>Faith-Based Learning<\/h3>\n<p>[\/et_pb_text][et_pb_website_testimonials_list fetch_from_assigned_posts=&#8221;off&#8221; filter_by_categories=&#8221;on&#8221; categories=&#8221;36&#8243; show_avatar=&#8221;off&#8221; show_rating=&#8221;off&#8221; _builder_version=&#8221;4.27.4&#8243; _module_preset=&#8221;default&#8221; global_colors_info=&#8221;{}&#8221;][\/et_pb_website_testimonials_list][\/et_pb_column][\/et_pb_row][et_pb_row module_id=&#8221;academics&#8221; _builder_version=&#8221;4.27.4&#8243; _module_preset=&#8221;default&#8221; custom_padding=&#8221;5px|||||&#8221; global_colors_info=&#8221;{}&#8221;][et_pb_column type=&#8221;4_4&#8243; _builder_version=&#8221;4.27.4&#8243; _module_preset=&#8221;default&#8221; global_colors_info=&#8221;{}&#8221;][et_pb_text _builder_version=&#8221;4.27.4&#8243; _module_preset=&#8221;default&#8221; global_colors_info=&#8221;{}&#8221;]<\/p>\n<h3>Academic Excellence<\/h3>\n<p>[\/et_pb_text][et_pb_website_testimonials_list fetch_from_assigned_posts=&#8221;off&#8221; filter_by_categories=&#8221;on&#8221; categories=&#8221;37&#8243; display=&#8221;6&#8243; show_avatar=&#8221;off&#8221; show_rating=&#8221;off&#8221; _builder_version=&#8221;4.27.4&#8243; _module_preset=&#8221;default&#8221; global_colors_info=&#8221;{}&#8221;][\/et_pb_website_testimonials_list][\/et_pb_column][\/et_pb_row][et_pb_row module_id=&#8221;teachers&#8221; _builder_version=&#8221;4.27.4&#8243; _module_preset=&#8221;default&#8221; custom_padding=&#8221;5px|||||&#8221; global_colors_info=&#8221;{}&#8221;][et_pb_column type=&#8221;4_4&#8243; _builder_version=&#8221;4.27.4&#8243; _module_preset=&#8221;default&#8221; global_colors_info=&#8221;{}&#8221;][et_pb_text _builder_version=&#8221;4.27.4&#8243; _module_preset=&#8221;default&#8221; global_colors_info=&#8221;{}&#8221;]<\/p>\n<h3>Dedicated &amp; Caring Teachers<\/h3>\n<p>[\/et_pb_text][et_pb_website_testimonials_list fetch_from_assigned_posts=&#8221;off&#8221; filter_by_categories=&#8221;on&#8221; categories=&#8221;38&#8243; show_avatar=&#8221;off&#8221; show_rating=&#8221;off&#8221; _builder_version=&#8221;4.27.4&#8243; _module_preset=&#8221;default&#8221; global_colors_info=&#8221;{}&#8221;][\/et_pb_website_testimonials_list][\/et_pb_column][\/et_pb_row][et_pb_row module_id=&#8221;safe&#8221; _builder_version=&#8221;4.27.4&#8243; _module_preset=&#8221;default&#8221; custom_padding=&#8221;5px|||||&#8221; global_colors_info=&#8221;{}&#8221;][et_pb_column type=&#8221;4_4&#8243; _builder_version=&#8221;4.27.4&#8243; _module_preset=&#8221;default&#8221; global_colors_info=&#8221;{}&#8221;][et_pb_text _builder_version=&#8221;4.27.4&#8243; _module_preset=&#8221;default&#8221; global_colors_info=&#8221;{}&#8221;]<\/p>\n<h3>Safe &amp; Inclusive Environment<\/h3>\n<p>[\/et_pb_text][et_pb_website_testimonials_list fetch_from_assigned_posts=&#8221;off&#8221; filter_by_categories=&#8221;on&#8221; categories=&#8221;39&#8243; show_avatar=&#8221;off&#8221; show_rating=&#8221;off&#8221; _builder_version=&#8221;4.27.4&#8243; _module_preset=&#8221;default&#8221; global_colors_info=&#8221;{}&#8221;][\/et_pb_website_testimonials_list][\/et_pb_column][\/et_pb_row][et_pb_row module_id=&#8221;community&#8221; _builder_version=&#8221;4.27.4&#8243; _module_preset=&#8221;default&#8221; custom_padding=&#8221;5px|||||&#8221; global_colors_info=&#8221;{}&#8221;][et_pb_column type=&#8221;4_4&#8243; _builder_version=&#8221;4.27.4&#8243; _module_preset=&#8221;default&#8221; global_colors_info=&#8221;{}&#8221;][et_pb_text _builder_version=&#8221;4.27.4&#8243; _module_preset=&#8221;default&#8221; global_colors_info=&#8221;{}&#8221;]<\/p>\n<h3>Community Engagement<\/h3>\n<p>[\/et_pb_text][et_pb_website_testimonials_list fetch_from_assigned_posts=&#8221;off&#8221; filter_by_categories=&#8221;on&#8221; categories=&#8221;40&#8243; show_avatar=&#8221;off&#8221; show_rating=&#8221;off&#8221; _builder_version=&#8221;4.27.4&#8243; _module_preset=&#8221;default&#8221; global_colors_info=&#8221;{}&#8221;][\/et_pb_website_testimonials_list][\/et_pb_column][\/et_pb_row][et_pb_row module_id=&#8221;activities&#8221; _builder_version=&#8221;4.27.4&#8243; _module_preset=&#8221;default&#8221; custom_padding=&#8221;5px|||||&#8221; global_colors_info=&#8221;{}&#8221;][et_pb_column type=&#8221;4_4&#8243; _builder_version=&#8221;4.27.4&#8243; _module_preset=&#8221;default&#8221; global_colors_info=&#8221;{}&#8221;][et_pb_text _builder_version=&#8221;4.27.4&#8243; _module_preset=&#8221;default&#8221; global_colors_info=&#8221;{}&#8221;]<\/p>\n<h3>Extra-Curricular Activities<\/h3>\n<p>[\/et_pb_text][et_pb_website_testimonials_list fetch_from_assigned_posts=&#8221;off&#8221; filter_by_categories=&#8221;on&#8221; categories=&#8221;41&#8243; show_avatar=&#8221;off&#8221; show_rating=&#8221;off&#8221; _builder_version=&#8221;4.27.4&#8243; _module_preset=&#8221;default&#8221; hover_enabled=&#8221;0&#8243; global_colors_info=&#8221;{}&#8221; sticky_enabled=&#8221;0&#8243;][\/et_pb_website_testimonials_list][\/et_pb_column][\/et_pb_row][\/et_pb_section]<\/p>\n","protected":false},"excerpt":{"rendered":"<p>T\u00e9moignages Apprentissage bas\u00e9 sur la foi Excellence acad\u00e9mique Enseignants d\u00e9vou\u00e9s et attentionn\u00e9s Environnement s\u00fbr et inclusif Engagement communautaire Activit\u00e9s parascolaires<\/p>","protected":false},"author":1,"featured_media":0,"parent":28,"menu_order":0,"comment_status":"closed","ping_status":"closed","template":"","meta":{"_et_pb_use_builder":"on","_et_pb_old_content":"","_et_gb_content_width":"","_glsr_average":0,"_glsr_ranking":0,"_glsr_reviews":0,"footnotes":""},"folder":[],"class_list":["post-987519373","page","type-page","status-publish","hentry"],"yoast_head":"<!-- This site is optimized with the Yoast SEO plugin v27.4 - https:\/\/yoast.com\/product\/yoast-seo-wordpress\/ -->\n<title>Testimonials - Wellspring Academy Kigali Rwanda<\/title>\n<meta name=\"robots\" content=\"index, follow, max-snippet:-1, max-image-preview:large, max-video-preview:-1\" \/>\n<link rel=\"canonical\" href=\"https:\/\/www.wellspringacademy.org\/fr\/about\/testimonials\/\" \/>\n<meta property=\"og:locale\" content=\"fr_FR\" \/>\n<meta property=\"og:type\" content=\"article\" \/>\n<meta property=\"og:title\" content=\"Testimonials - Wellspring Academy Kigali Rwanda\" \/>\n<meta property=\"og:description\" content=\"TestimonialsFaith-Based LearningAcademic ExcellenceDedicated &amp; Caring TeachersSafe &amp; Inclusive EnvironmentCommunity EngagementExtra-Curricular Activities\" \/>\n<meta property=\"og:url\" content=\"https:\/\/www.wellspringacademy.org\/fr\/about\/testimonials\/\" \/>\n<meta property=\"og:site_name\" content=\"Wellspring Academy Kigali Rwanda\" \/>\n<meta property=\"article:modified_time\" content=\"2025-05-27T11:46:48+00:00\" \/>\n<meta name=\"twitter:card\" content=\"summary_large_image\" \/>\n<meta name=\"twitter:label1\" content=\"Dur\u00e9e de lecture estim\u00e9e\" \/>\n\t<meta name=\"twitter:data1\" content=\"3 minutes\" \/>\n<script type=\"application\/ld+json\" class=\"yoast-schema-graph\">{\"@context\":\"https:\\\/\\\/schema.org\",\"@graph\":[{\"@type\":\"WebPage\",\"@id\":\"https:\\\/\\\/www.wellspringacademy.org\\\/about\\\/testimonials\\\/\",\"url\":\"https:\\\/\\\/www.wellspringacademy.org\\\/about\\\/testimonials\\\/\",\"name\":\"Testimonials - Wellspring Academy Kigali Rwanda\",\"isPartOf\":{\"@id\":\"https:\\\/\\\/www.wellspringacademy.org\\\/#website\"},\"datePublished\":\"2025-05-27T07:30:08+00:00\",\"dateModified\":\"2025-05-27T11:46:48+00:00\",\"breadcrumb\":{\"@id\":\"https:\\\/\\\/www.wellspringacademy.org\\\/about\\\/testimonials\\\/#breadcrumb\"},\"inLanguage\":\"fr-FR\",\"potentialAction\":[{\"@type\":\"ReadAction\",\"target\":[\"https:\\\/\\\/www.wellspringacademy.org\\\/about\\\/testimonials\\\/\"]}]},{\"@type\":\"BreadcrumbList\",\"@id\":\"https:\\\/\\\/www.wellspringacademy.org\\\/about\\\/testimonials\\\/#breadcrumb\",\"itemListElement\":[{\"@type\":\"ListItem\",\"position\":1,\"name\":\"Home\",\"item\":\"https:\\\/\\\/www.wellspringacademy.org\\\/\"},{\"@type\":\"ListItem\",\"position\":2,\"name\":\"About Us\",\"item\":\"https:\\\/\\\/www.wellspringacademy.org\\\/about\\\/\"},{\"@type\":\"ListItem\",\"position\":3,\"name\":\"Testimonials\"}]},{\"@type\":\"WebSite\",\"@id\":\"https:\\\/\\\/www.wellspringacademy.org\\\/#website\",\"url\":\"https:\\\/\\\/www.wellspringacademy.org\\\/\",\"name\":\"Wellspring Academy Kigali Rwanda\",\"description\":\"Where academics and faith shape future leaders\",\"potentialAction\":[{\"@type\":\"SearchAction\",\"target\":{\"@type\":\"EntryPoint\",\"urlTemplate\":\"https:\\\/\\\/www.wellspringacademy.org\\\/?s={search_term_string}\"},\"query-input\":{\"@type\":\"PropertyValueSpecification\",\"valueRequired\":true,\"valueName\":\"search_term_string\"}}],\"inLanguage\":\"fr-FR\"}]}<\/script>\n<!-- \/ Yoast SEO plugin. -->","yoast_head_json":{"title":"T\u00e9moignages - Wellspring Academy Kigali Rwanda","robots":{"index":"index","follow":"follow","max-snippet":"max-snippet:-1","max-image-preview":"max-image-preview:large","max-video-preview":"max-video-preview:-1"},"canonical":"https:\/\/www.wellspringacademy.org\/fr\/about\/testimonials\/","og_locale":"fr_FR","og_type":"article","og_title":"Testimonials - Wellspring Academy Kigali Rwanda","og_description":"TestimonialsFaith-Based LearningAcademic ExcellenceDedicated &amp; Caring TeachersSafe &amp; Inclusive EnvironmentCommunity EngagementExtra-Curricular Activities","og_url":"https:\/\/www.wellspringacademy.org\/fr\/about\/testimonials\/","og_site_name":"Wellspring Academy Kigali Rwanda","article_modified_time":"2025-05-27T11:46:48+00:00","twitter_card":"summary_large_image","twitter_misc":{"Dur\u00e9e de lecture estim\u00e9e":"3 minutes"},"schema":{"@context":"https:\/\/schema.org","@graph":[{"@type":"WebPage","@id":"https:\/\/www.wellspringacademy.org\/about\/testimonials\/","url":"https:\/\/www.wellspringacademy.org\/about\/testimonials\/","name":"T\u00e9moignages - Wellspring Academy Kigali Rwanda","isPartOf":{"@id":"https:\/\/www.wellspringacademy.org\/#website"},"datePublished":"2025-05-27T07:30:08+00:00","dateModified":"2025-05-27T11:46:48+00:00","breadcrumb":{"@id":"https:\/\/www.wellspringacademy.org\/about\/testimonials\/#breadcrumb"},"inLanguage":"fr-FR","potentialAction":[{"@type":"ReadAction","target":["https:\/\/www.wellspringacademy.org\/about\/testimonials\/"]}]},{"@type":"BreadcrumbList","@id":"https:\/\/www.wellspringacademy.org\/about\/testimonials\/#breadcrumb","itemListElement":[{"@type":"ListItem","position":1,"name":"Home","item":"https:\/\/www.wellspringacademy.org\/"},{"@type":"ListItem","position":2,"name":"About Us","item":"https:\/\/www.wellspringacademy.org\/about\/"},{"@type":"ListItem","position":3,"name":"Testimonials"}]},{"@type":"WebSite","@id":"https:\/\/www.wellspringacademy.org\/#website","url":"https:\/\/www.wellspringacademy.org\/","name":"Acad\u00e9mie Wellspring Kigali Rwanda","description":"O\u00f9 le savoir et la foi fa\u00e7onnent les futurs leaders","potentialAction":[{"@type":"SearchAction","target":{"@type":"EntryPoint","urlTemplate":"https:\/\/www.wellspringacademy.org\/?s={search_term_string}"},"query-input":{"@type":"PropertyValueSpecification","valueRequired":true,"valueName":"search_term_string"}}],"inLanguage":"fr-FR"}]}},"_links":{"self":[{"href":"https:\/\/www.wellspringacademy.org\/fr\/wp-json\/wp\/v2\/pages\/987519373","targetHints":{"allow":["GET"]}}],"collection":[{"href":"https:\/\/www.wellspringacademy.org\/fr\/wp-json\/wp\/v2\/pages"}],"about":[{"href":"https:\/\/www.wellspringacademy.org\/fr\/wp-json\/wp\/v2\/types\/page"}],"author":[{"embeddable":true,"href":"https:\/\/www.wellspringacademy.org\/fr\/wp-json\/wp\/v2\/users\/1"}],"replies":[{"embeddable":true,"href":"https:\/\/www.wellspringacademy.org\/fr\/wp-json\/wp\/v2\/comments?post=987519373"}],"version-history":[{"count":10,"href":"https:\/\/www.wellspringacademy.org\/fr\/wp-json\/wp\/v2\/pages\/987519373\/revisions"}],"predecessor-version":[{"id":987519453,"href":"https:\/\/www.wellspringacademy.org\/fr\/wp-json\/wp\/v2\/pages\/987519373\/revisions\/987519453"}],"up":[{"embeddable":true,"href":"https:\/\/www.wellspringacademy.org\/fr\/wp-json\/wp\/v2\/pages\/28"}],"wp:attachment":[{"href":"https:\/\/www.wellspringacademy.org\/fr\/wp-json\/wp\/v2\/media?parent=987519373"}],"wp:term":[{"taxonomy":"folder","embeddable":true,"href":"https:\/\/www.wellspringacademy.org\/fr\/wp-json\/wp\/v2\/folder?post=987519373"}],"curies":[{"name":"wp","href":"https:\/\/api.w.org\/{rel}","templated":true}]}}